{"id":22635,"date":"2022-03-10T07:30:20","date_gmt":"2022-03-10T07:30:20","guid":{"rendered":"https:\/\/gocuisivin.com\/product\/crachoir-bicolore-cuisivin-vinolife\/"},"modified":"2023-01-19T15:06:43","modified_gmt":"2023-01-19T15:06:43","slug":"crachoir-bicolore-cuisivin-vinolife","status":"publish","type":"product","link":"https:\/\/gocuisivin.com\/fr\/product\/crachoir-bicolore-cuisivin-vinolife\/","title":{"rendered":"Crachoir Bicolore Cuisivin VinoLife"},"content":{"rendered":"<p>Id\u00e9al pour les \u00e9v\u00e9nements de d\u00e9gustation de vins, ce crachoir en acier inoxydable de qualit\u00e9 a un double objectif\u00a0; sans le couvercle, il peut \u00eatre utilis\u00e9 comme seau \u00e0 champagne. Le seau a un design bicolore et est accentu\u00e9 par des poign\u00e9es annulaires. Fabriqu\u00e9 en acier inoxydable solide, le crachoir est durable et \u00e9l\u00e9gant &#8211; parfait pour tout \u00e9v\u00e9nement de d\u00e9gustation de vin.<\/p>\n","protected":false},"excerpt":{"rendered":"<p>&nbsp;<\/p>\n<ul>\n<li>Deux pi\u00e8ces &#8211; couvercle de crachoir et seau en acier inoxydable solide<\/li>\n<li>Utiliser comme crachoir ou seau \u00e0 glace<\/li>\n<li>Finition bicolore<\/li>\n<li>Anneau manipul\u00e9<\/li>\n<li>Design chic parfait pour n&#8217;importe quel d\u00e9cor<\/li>\n<li>Hauteur : 8,2&#8243; \/ 225,6 mm<\/li>\n<\/ul>\n<p><img decoding=\"async\" src=\"https:\/\/gocuisivin.com\/gleengag\/2022\/03\/Icon-w_-Text_Stainless-Steele_1.jpg\" alt=\"\" width=\"100\" height=\"100\" \/><img decoding=\"async\" src=\"https:\/\/gocuisivin.com\/gleengag\/2022\/03\/Icon-w_-Text_Handwash_1.jpg\" alt=\"\" width=\"100\" height=\"100\" \/><\/p>\n","protected":false},"featured_media":16363,"comment_status":"open","ping_status":"closed","template":"","meta":[],"pwb-brand":[1664,1680],"product_brand":[],"product_cat":[1565,968],"product_tag":[1002,1045,1206,281,1192],"class_list":{"0":"post-22635","1":"product","2":"type-product","3":"status-publish","4":"has-post-thumbnail","6":"pwb-brand-cuisivin-fr","7":"pwb-brand-vinolife-fr","8":"product_cat-accessoires-pour-le-vin-et-le-bar","9":"product_cat-barware-fr","10":"product_tag-accessoires-pour-le-vin-et-le-bar","11":"product_tag-barware-fr","12":"product_tag-crachoir-bicolore","13":"product_tag-cuisivin-fr","14":"product_tag-vinolife-fr","16":"first","17":"instock","18":"taxable","19":"shipping-taxable","20":"purchasable","21":"product-type-simple"},"brands":[{"id":1664,"name":"Cuisivin","slug":"cuisivin-fr"},{"id":1680,"name":"VinoLife","slug":"vinolife-fr"}],"_links":{"self":[{"href":"https:\/\/gocuisivin.com\/fr\/wp-json\/wp\/v2\/product\/22635","targetHints":{"allow":["GET"]}}],"collection":[{"href":"https:\/\/gocuisivin.com\/fr\/wp-json\/wp\/v2\/product"}],"about":[{"href":"https:\/\/gocuisivin.com\/fr\/wp-json\/wp\/v2\/types\/product"}],"replies":[{"embeddable":true,"href":"https:\/\/gocuisivin.com\/fr\/wp-json\/wp\/v2\/comments?post=22635"}],"version-history":[{"count":1,"href":"https:\/\/gocuisivin.com\/fr\/wp-json\/wp\/v2\/product\/22635\/revisions"}],"predecessor-version":[{"id":24344,"href":"https:\/\/gocuisivin.com\/fr\/wp-json\/wp\/v2\/product\/22635\/revisions\/24344"}],"wp:featuredmedia":[{"embeddable":true,"href":"https:\/\/gocuisivin.com\/fr\/wp-json\/wp\/v2\/media\/16363"}],"wp:attachment":[{"href":"https:\/\/gocuisivin.com\/fr\/wp-json\/wp\/v2\/media?parent=22635"}],"wp:term":[{"taxonomy":"pwb-brand","embeddable":true,"href":"https:\/\/gocuisivin.com\/fr\/wp-json\/wp\/v2\/pwb-brand?post=22635"},{"taxonomy":"product_brand","embeddable":true,"href":"https:\/\/gocuisivin.com\/fr\/wp-json\/wp\/v2\/product_brand?post=22635"},{"taxonomy":"product_cat","embeddable":true,"href":"https:\/\/gocuisivin.com\/fr\/wp-json\/wp\/v2\/product_cat?post=22635"},{"taxonomy":"product_tag","embeddable":true,"href":"https:\/\/gocuisivin.com\/fr\/wp-json\/wp\/v2\/product_tag?post=22635"}],"curies":[{"name":"wp","href":"https:\/\/api.w.org\/{rel}","templated":true}]}}