{"id":22633,"date":"2022-03-10T07:48:41","date_gmt":"2022-03-10T07:48:41","guid":{"rendered":"https:\/\/gocuisivin.com\/product\/ensemble-de-verres-a-vin-bride-groom-cuisivin-paquet-de-2\/"},"modified":"2023-01-19T14:57:09","modified_gmt":"2023-01-19T14:57:09","slug":"ensemble-de-verres-a-vin-bride-groom-cuisivin-paquet-de-2","status":"publish","type":"product","link":"https:\/\/gocuisivin.com\/fr\/product\/ensemble-de-verres-a-vin-bride-groom-cuisivin-paquet-de-2\/","title":{"rendered":"Ensemble de verres \u00e0 vin Bride &amp; Groom Cuisivin &#8211; Paquet de 2"},"content":{"rendered":"<p>Portez un toast aux mari\u00e9s avec ces verres sp\u00e9cialement con\u00e7us ! Verres en cristal sans plomb, fabriqu\u00e9s en Europe avec impression couleur givre. Id\u00e9al pour les registres de mariage, les anniversaires et les cadeaux de mariage. L&#8217;ensemble cadeau comprend 2 verres \u00e0 vin dans une bo\u00eete cadeau. Capacit\u00e9 d&#8217;impression \u00ab\u00a0Bride &amp; Groom\u00a0\u00bb\u00a0: 15,25 oz \/ 450 ml. Lave-vaisselle.<\/p>\n","protected":false},"excerpt":{"rendered":"<p>&nbsp;<\/p>\n<ul>\n<li>Ensemble de verres \u00e0 vin \u00e0 imprim\u00e9 givre Bride &amp; Groom<\/li>\n<li>Charmante paire de verres \u00e0 vin identifiant<\/li>\n<li>Verre \u00e0 vin classique de style tulipe<\/li>\n<li>Id\u00e9al pour le vin rouge ou blanc<\/li>\n<li>Capacit\u00e9 : 15,25 onces \/ 450 ml<\/li>\n<li>Coffret de 2 paquets &#8211; parfait pour offrir en cadeau\u00a0!<\/li>\n<\/ul>\n<p><img decoding=\"async\" src=\"https:\/\/gocuisivin.com\/gleengag\/2022\/03\/Icon-w_-Text_Made-in-Europe_1-scaled-e1647696362269.jpg\" alt=\"\" width=\"100\" height=\"100\" \/><img decoding=\"async\" src=\"https:\/\/gocuisivin.com\/gleengag\/2022\/03\/Icon-w_-Text_Lead-Free-Crystal_1-scaled-e1647696159460.jpg\" alt=\"\" width=\"100\" height=\"100\" \/><img decoding=\"async\" src=\"https:\/\/gocuisivin.com\/gleengag\/2022\/03\/Icon-w_-Text_Fine-Rim_1-scaled-e1647696201810.jpg\" alt=\"\" width=\"100\" height=\"100\" \/><img loading=\"lazy\" decoding=\"async\" src=\"https:\/\/gocuisivin.com\/gleengag\/2022\/03\/Icon-w_-Text_Dishwasher-Safe_1-scaled-e1647696229552.jpg\" alt=\"\" width=\"100\" height=\"100\" \/><\/p>\n","protected":false},"featured_media":28562,"comment_status":"open","ping_status":"closed","template":"","meta":[],"pwb-brand":[1664],"product_brand":[],"product_cat":[1595,1557,1558],"product_tag":[1303,1100,281,1008,1304,1294,1302,115,118,116],"class_list":{"0":"post-22633","1":"product","2":"type-product","3":"status-publish","4":"has-post-thumbnail","6":"pwb-brand-cuisivin-fr","7":"product_cat-decore","8":"product_cat-verrerie","9":"product_cat-vin","10":"product_tag-450-ml-fr-2","11":"product_tag-classique","12":"product_tag-cuisivin-fr","13":"product_tag-decore","14":"product_tag-ensemble-de-verres-a-vin","15":"product_tag-mariee-et-marie-imprimer","16":"product_tag-style-tulipe","17":"product_tag-verre-de-vin","18":"product_tag-verrerie","19":"product_tag-vin","21":"first","22":"instock","23":"taxable","24":"shipping-taxable","25":"purchasable","26":"product-type-simple"},"brands":[{"id":1664,"name":"Cuisivin","slug":"cuisivin-fr"}],"_links":{"self":[{"href":"https:\/\/gocuisivin.com\/fr\/wp-json\/wp\/v2\/product\/22633","targetHints":{"allow":["GET"]}}],"collection":[{"href":"https:\/\/gocuisivin.com\/fr\/wp-json\/wp\/v2\/product"}],"about":[{"href":"https:\/\/gocuisivin.com\/fr\/wp-json\/wp\/v2\/types\/product"}],"replies":[{"embeddable":true,"href":"https:\/\/gocuisivin.com\/fr\/wp-json\/wp\/v2\/comments?post=22633"}],"version-history":[{"count":1,"href":"https:\/\/gocuisivin.com\/fr\/wp-json\/wp\/v2\/product\/22633\/revisions"}],"predecessor-version":[{"id":24335,"href":"https:\/\/gocuisivin.com\/fr\/wp-json\/wp\/v2\/product\/22633\/revisions\/24335"}],"wp:featuredmedia":[{"embeddable":true,"href":"https:\/\/gocuisivin.com\/fr\/wp-json\/wp\/v2\/media\/28562"}],"wp:attachment":[{"href":"https:\/\/gocuisivin.com\/fr\/wp-json\/wp\/v2\/media?parent=22633"}],"wp:term":[{"taxonomy":"pwb-brand","embeddable":true,"href":"https:\/\/gocuisivin.com\/fr\/wp-json\/wp\/v2\/pwb-brand?post=22633"},{"taxonomy":"product_brand","embeddable":true,"href":"https:\/\/gocuisivin.com\/fr\/wp-json\/wp\/v2\/product_brand?post=22633"},{"taxonomy":"product_cat","embeddable":true,"href":"https:\/\/gocuisivin.com\/fr\/wp-json\/wp\/v2\/product_cat?post=22633"},{"taxonomy":"product_tag","embeddable":true,"href":"https:\/\/gocuisivin.com\/fr\/wp-json\/wp\/v2\/product_tag?post=22633"}],"curies":[{"name":"wp","href":"https:\/\/api.w.org\/{rel}","templated":true}]}}