{"id":22632,"date":"2022-03-10T07:48:45","date_gmt":"2022-03-10T07:48:45","guid":{"rendered":"https:\/\/gocuisivin.com\/product\/chiffon-de-nettoyage-a-cristaux-en-microfibre-vinolife-de-cuisivin-paquet-de-2\/"},"modified":"2023-01-19T14:45:12","modified_gmt":"2023-01-19T14:45:12","slug":"chiffon-de-nettoyage-a-cristaux-en-microfibre-vinolife-de-cuisivin-paquet-de-2","status":"publish","type":"product","link":"https:\/\/gocuisivin.com\/fr\/product\/chiffon-de-nettoyage-a-cristaux-en-microfibre-vinolife-de-cuisivin-paquet-de-2\/","title":{"rendered":"Chiffon de nettoyage \u00e0 cristaux en microfibre VinoLife de Cuisivin &#8211; paquet de 2"},"content":{"rendered":"<p>Prenez soin de votre cristal fin et de votre verrerie avec le chiffon en microfibre VinoLife. Fabriqu\u00e9 dans un mat\u00e9riau non pelucheux de haute qualit\u00e9. Nettoyez, polissez et polissez tous vos cristaux fins pour obtenir une finition \u00e9blouissante sans peluches et sans rayures. Chaque paquet contient 2 chiffons.<\/p>\n","protected":false},"excerpt":{"rendered":"<p>&nbsp;<\/p>\n<ul>\n<li>Nettoyez, polissez et polissez toute votre cristallerie fine<\/li>\n<li>Comprend 2 grands chiffons en microfibre<\/li>\n<li>Parfait pour s\u00e9cher et faire briller la verrerie, les carafes et plus encore !<\/li>\n<li>Taille : 18&#8243; x 18&#8243; chacun<\/li>\n<\/ul>\n","protected":false},"featured_media":16239,"comment_status":"open","ping_status":"closed","template":"","meta":[],"pwb-brand":[1664,1680],"product_brand":[],"product_cat":[1565,1599],"product_tag":[1249,1002,281,1231,1192],"class_list":{"0":"post-22632","1":"product","2":"type-product","3":"status-publish","4":"has-post-thumbnail","6":"pwb-brand-cuisivin-fr","7":"pwb-brand-vinolife-fr","8":"product_cat-accessoires-pour-le-vin-et-le-bar","9":"product_cat-nettoyage","10":"product_tag-2pk-fr","11":"product_tag-accessoires-pour-le-vin-et-le-bar","12":"product_tag-cuisivin-fr","13":"product_tag-nettoyage","14":"product_tag-vinolife-fr","16":"first","17":"instock","18":"taxable","19":"shipping-taxable","20":"purchasable","21":"product-type-simple"},"brands":[{"id":1664,"name":"Cuisivin","slug":"cuisivin-fr"},{"id":1680,"name":"VinoLife","slug":"vinolife-fr"}],"_links":{"self":[{"href":"https:\/\/gocuisivin.com\/fr\/wp-json\/wp\/v2\/product\/22632","targetHints":{"allow":["GET"]}}],"collection":[{"href":"https:\/\/gocuisivin.com\/fr\/wp-json\/wp\/v2\/product"}],"about":[{"href":"https:\/\/gocuisivin.com\/fr\/wp-json\/wp\/v2\/types\/product"}],"replies":[{"embeddable":true,"href":"https:\/\/gocuisivin.com\/fr\/wp-json\/wp\/v2\/comments?post=22632"}],"version-history":[{"count":1,"href":"https:\/\/gocuisivin.com\/fr\/wp-json\/wp\/v2\/product\/22632\/revisions"}],"predecessor-version":[{"id":24321,"href":"https:\/\/gocuisivin.com\/fr\/wp-json\/wp\/v2\/product\/22632\/revisions\/24321"}],"wp:featuredmedia":[{"embeddable":true,"href":"https:\/\/gocuisivin.com\/fr\/wp-json\/wp\/v2\/media\/16239"}],"wp:attachment":[{"href":"https:\/\/gocuisivin.com\/fr\/wp-json\/wp\/v2\/media?parent=22632"}],"wp:term":[{"taxonomy":"pwb-brand","embeddable":true,"href":"https:\/\/gocuisivin.com\/fr\/wp-json\/wp\/v2\/pwb-brand?post=22632"},{"taxonomy":"product_brand","embeddable":true,"href":"https:\/\/gocuisivin.com\/fr\/wp-json\/wp\/v2\/product_brand?post=22632"},{"taxonomy":"product_cat","embeddable":true,"href":"https:\/\/gocuisivin.com\/fr\/wp-json\/wp\/v2\/product_cat?post=22632"},{"taxonomy":"product_tag","embeddable":true,"href":"https:\/\/gocuisivin.com\/fr\/wp-json\/wp\/v2\/product_tag?post=22632"}],"curies":[{"name":"wp","href":"https:\/\/api.w.org\/{rel}","templated":true}]}}