{"id":22631,"date":"2022-03-10T07:48:42","date_gmt":"2022-03-10T07:48:42","guid":{"rendered":"https:\/\/gocuisivin.com\/product\/conserve-a-vin-autovac-de-cuisivin-climadiff\/"},"modified":"2023-01-19T14:55:54","modified_gmt":"2023-01-19T14:55:54","slug":"conserve-a-vin-autovac-de-cuisivin-climadiff","status":"publish","type":"product","link":"https:\/\/gocuisivin.com\/fr\/product\/conserve-a-vin-autovac-de-cuisivin-climadiff\/","title":{"rendered":"Conserve \u00e0 vin AutoVac de Cuisivin Climadiff"},"content":{"rendered":"<p>AutoVac garde le vin plus frais, plus longtemps \u2013 automatiquement ! Il pompe l&#8217;air et scelle la saveur, vous pouvez donc profiter d&#8217;une bouteille pendant plusieurs jours. Il suffit de placer AutoVan sur le goulot de la bouteille de vin ouverte, le fonctionnement automatique scelle instantan\u00e9ment votre bouteille de vin et \u00e9limine l&#8217;air. Laissez simplement le conservateur de vin en place. La pompe continuera \u00e0 surveiller et \u00e0 maintenir le sceau sur la bouteille, se r\u00e9activant automatiquement si une perte de pression est d\u00e9tect\u00e9e avant que vous ne soyez pr\u00eat \u00e0 d\u00e9guster \u00e0 nouveau le vin. Arr\u00eat automatique. Utilise 2 piles AAA (non incluses).<\/p>\n","protected":false},"excerpt":{"rendered":"<p>&nbsp;<\/p>\n<ul>\n<li>AutoVac pr\u00e9serve le vin dans la bouteille &#8211; automatiquement !<\/li>\n<li>Placer sur une bouteille ouverte, commencera automatiquement \u00e0 pomper de l&#8217;air<\/li>\n<li>Stocker avec Autovac en place, s&#8217;activera automatiquement pour pomper l&#8217;oxyg\u00e8ne au besoin<\/li>\n<li>Arr\u00eat automatique<\/li>\n<li>La pompe \u00e0 piles surveille automatiquement la pression appropri\u00e9e<\/li>\n<li>2 piles AAA requises &#8211; non incluses<\/li>\n<\/ul>\n","protected":false},"featured_media":16187,"comment_status":"open","ping_status":"closed","template":"","meta":[],"pwb-brand":[1664],"product_brand":[],"product_cat":[1565,979],"product_tag":[1002,1281,1279,1280,281],"class_list":{"0":"post-22631","1":"product","2":"type-product","3":"status-publish","4":"has-post-thumbnail","6":"pwb-brand-cuisivin-fr","7":"product_cat-accessoires-pour-le-vin-et-le-bar","8":"product_cat-bouchons-vin-champagne","9":"product_tag-accessoires-pour-le-vin-et-le-bar","10":"product_tag-autovac-fr","11":"product_tag-bouchons-vin-champagne","12":"product_tag-conservateur-de-vin","13":"product_tag-cuisivin-fr","15":"first","16":"outofstock","17":"taxable","18":"shipping-taxable","19":"purchasable","20":"product-type-simple"},"brands":[{"id":1664,"name":"Cuisivin","slug":"cuisivin-fr"}],"_links":{"self":[{"href":"https:\/\/gocuisivin.com\/fr\/wp-json\/wp\/v2\/product\/22631","targetHints":{"allow":["GET"]}}],"collection":[{"href":"https:\/\/gocuisivin.com\/fr\/wp-json\/wp\/v2\/product"}],"about":[{"href":"https:\/\/gocuisivin.com\/fr\/wp-json\/wp\/v2\/types\/product"}],"replies":[{"embeddable":true,"href":"https:\/\/gocuisivin.com\/fr\/wp-json\/wp\/v2\/comments?post=22631"}],"version-history":[{"count":1,"href":"https:\/\/gocuisivin.com\/fr\/wp-json\/wp\/v2\/product\/22631\/revisions"}],"predecessor-version":[{"id":24334,"href":"https:\/\/gocuisivin.com\/fr\/wp-json\/wp\/v2\/product\/22631\/revisions\/24334"}],"wp:featuredmedia":[{"embeddable":true,"href":"https:\/\/gocuisivin.com\/fr\/wp-json\/wp\/v2\/media\/16187"}],"wp:attachment":[{"href":"https:\/\/gocuisivin.com\/fr\/wp-json\/wp\/v2\/media?parent=22631"}],"wp:term":[{"taxonomy":"pwb-brand","embeddable":true,"href":"https:\/\/gocuisivin.com\/fr\/wp-json\/wp\/v2\/pwb-brand?post=22631"},{"taxonomy":"product_brand","embeddable":true,"href":"https:\/\/gocuisivin.com\/fr\/wp-json\/wp\/v2\/product_brand?post=22631"},{"taxonomy":"product_cat","embeddable":true,"href":"https:\/\/gocuisivin.com\/fr\/wp-json\/wp\/v2\/product_cat?post=22631"},{"taxonomy":"product_tag","embeddable":true,"href":"https:\/\/gocuisivin.com\/fr\/wp-json\/wp\/v2\/product_tag?post=22631"}],"curies":[{"name":"wp","href":"https:\/\/api.w.org\/{rel}","templated":true}]}}