{"id":22630,"date":"2022-03-10T07:48:43","date_gmt":"2022-03-10T07:48:43","guid":{"rendered":"https:\/\/gocuisivin.com\/product\/support-a-verres-a-pied-cuisivin-adi-pour-lave-vaisselle\/"},"modified":"2023-01-19T14:53:11","modified_gmt":"2023-01-19T14:53:11","slug":"support-a-verres-a-pied-cuisivin-adi-pour-lave-vaisselle","status":"publish","type":"product","link":"https:\/\/gocuisivin.com\/fr\/product\/support-a-verres-a-pied-cuisivin-adi-pour-lave-vaisselle\/","title":{"rendered":"Support \u00e0 verres \u00e0 pied Cuisivin Adi pour lave-vaisselle"},"content":{"rendered":"<p>Accrochez vos verres \u00e0 pied en toute s\u00e9curit\u00e9 dans votre lave-vaisselle avec le support pour lave-vaisselle Adi. Le panier s&#8217;adapte au panier inf\u00e9rieur du lave-vaisselle et est r\u00e9glable pour diff\u00e9rents mod\u00e8les de lave-vaisselle. Peut contenir jusqu&#8217;\u00e0 8 tiges. Le rack se d\u00e9monte facilement pour le stockage.<\/p>\n","protected":false},"excerpt":{"rendered":"<p>&nbsp;<\/p>\n<ul>\n<li>Id\u00e9al pour laver les verres \u00e0 vin \u00e0 pied au lave-vaisselle<\/li>\n<li>S&#8217;adapte au panier inf\u00e9rieur du lave-vaisselle, r\u00e9glable pour diverses configurations de lave-vaisselle<\/li>\n<li>Peut contenir jusqu&#8217;\u00e0 8 verres \u00e0 pied<\/li>\n<li>Magasins \u00e0 plat<\/li>\n<li>Supports polyvalents<\/li>\n<li>Non recommand\u00e9 pour les lave-vaisselle avec centre sur\u00e9lev\u00e9 dans le panier inf\u00e9rieur<\/li>\n<\/ul>\n<p><img decoding=\"async\" src=\"https:\/\/gocuisivin.com\/gleengag\/2022\/03\/Icon-w_-Text_Made-in-Germany_1.jpg\" alt=\"\" width=\"100\" height=\"100\" \/><\/p>\n","protected":false},"featured_media":16214,"comment_status":"open","ping_status":"closed","template":"","meta":[],"pwb-brand":[1664],"product_brand":[],"product_cat":[1565,1599],"product_tag":[1002,281,1263,1231,1264],"class_list":{"0":"post-22630","1":"product","2":"type-product","3":"status-publish","4":"has-post-thumbnail","6":"pwb-brand-cuisivin-fr","7":"product_cat-accessoires-pour-le-vin-et-le-bar","8":"product_cat-nettoyage","9":"product_tag-accessoires-pour-le-vin-et-le-bar","10":"product_tag-cuisivin-fr","11":"product_tag-lave-vaisselle-adi","12":"product_tag-nettoyage","13":"product_tag-support-de-verres-a-pied","15":"first","16":"instock","17":"taxable","18":"shipping-taxable","19":"purchasable","20":"product-type-simple"},"brands":[{"id":1664,"name":"Cuisivin","slug":"cuisivin-fr"}],"_links":{"self":[{"href":"https:\/\/gocuisivin.com\/fr\/wp-json\/wp\/v2\/product\/22630","targetHints":{"allow":["GET"]}}],"collection":[{"href":"https:\/\/gocuisivin.com\/fr\/wp-json\/wp\/v2\/product"}],"about":[{"href":"https:\/\/gocuisivin.com\/fr\/wp-json\/wp\/v2\/types\/product"}],"replies":[{"embeddable":true,"href":"https:\/\/gocuisivin.com\/fr\/wp-json\/wp\/v2\/comments?post=22630"}],"version-history":[{"count":1,"href":"https:\/\/gocuisivin.com\/fr\/wp-json\/wp\/v2\/product\/22630\/revisions"}],"predecessor-version":[{"id":24330,"href":"https:\/\/gocuisivin.com\/fr\/wp-json\/wp\/v2\/product\/22630\/revisions\/24330"}],"wp:featuredmedia":[{"embeddable":true,"href":"https:\/\/gocuisivin.com\/fr\/wp-json\/wp\/v2\/media\/16214"}],"wp:attachment":[{"href":"https:\/\/gocuisivin.com\/fr\/wp-json\/wp\/v2\/media?parent=22630"}],"wp:term":[{"taxonomy":"pwb-brand","embeddable":true,"href":"https:\/\/gocuisivin.com\/fr\/wp-json\/wp\/v2\/pwb-brand?post=22630"},{"taxonomy":"product_brand","embeddable":true,"href":"https:\/\/gocuisivin.com\/fr\/wp-json\/wp\/v2\/product_brand?post=22630"},{"taxonomy":"product_cat","embeddable":true,"href":"https:\/\/gocuisivin.com\/fr\/wp-json\/wp\/v2\/product_cat?post=22630"},{"taxonomy":"product_tag","embeddable":true,"href":"https:\/\/gocuisivin.com\/fr\/wp-json\/wp\/v2\/product_tag?post=22630"}],"curies":[{"name":"wp","href":"https:\/\/api.w.org\/{rel}","templated":true}]}}