{"id":22629,"date":"2022-03-10T07:48:44","date_gmt":"2022-03-10T07:48:44","guid":{"rendered":"https:\/\/gocuisivin.com\/product\/support-de-sechage-pour-verres-a-pied-carafes-cuisivin\/"},"modified":"2023-01-19T14:49:36","modified_gmt":"2023-01-19T14:49:36","slug":"support-de-sechage-pour-verres-a-pied-carafes-cuisivin","status":"publish","type":"product","link":"https:\/\/gocuisivin.com\/fr\/product\/support-de-sechage-pour-verres-a-pied-carafes-cuisivin\/","title":{"rendered":"Support de s\u00e9chage pour verres \u00e0 pied\/carafes Cuisivin"},"content":{"rendered":"<p>Support de s\u00e9chage pour verres \u00e0 pied et carafe deux en un. Suspend \u00e9l\u00e9gamment 6 grands verres pour le s\u00e9chage \u00e0 l&#8217;air &#8211; verres jusqu&#8217;\u00e0 11 &#8220;de haut. Se transforme rapidement d&#8217;un rangement plat pratique \u00e0 un support de s\u00e9chage pour verres \u00e0 pied ou carafe. Parfait pour s\u00e9cher \u00e0 l&#8217;air les verres \u00e0 pied d\u00e9licats, les carafes et les vases pour une finition sans taches.<\/p>\n","protected":false},"excerpt":{"rendered":"<p>&nbsp;<\/p>\n<ul>\n<li>Support de s\u00e9chage pour verres \u00e0 pied et carafe deux en un<\/li>\n<li>Se transforme facilement du stockage \u00e0 plat en verres \u00e0 pied ou en s\u00e8che-linge \u00e0 d\u00e9canter<\/li>\n<li>Acier inoxydable robuste de gros calibre avec finition chrom\u00e9e<\/li>\n<li>Facile \u00e0 d\u00e9monter pour un rangement \u00e0 plat pratique<\/li>\n<li>Suspend \u00e9l\u00e9gamment 6 grands verres pour le s\u00e9chage \u00e0 l&#8217;air &#8211; verres jusqu&#8217;\u00e0 11 &#8220;de haut<\/li>\n<\/ul>\n","protected":false},"featured_media":16229,"comment_status":"open","ping_status":"closed","template":"","meta":[],"pwb-brand":[1664],"product_brand":[],"product_cat":[1565,1599],"product_tag":[1002,281,1260,1231,1259],"class_list":{"0":"post-22629","1":"product","2":"type-product","3":"status-publish","4":"has-post-thumbnail","6":"pwb-brand-cuisivin-fr","7":"product_cat-accessoires-pour-le-vin-et-le-bar","8":"product_cat-nettoyage","9":"product_tag-accessoires-pour-le-vin-et-le-bar","10":"product_tag-cuisivin-fr","11":"product_tag-etendoir","12":"product_tag-nettoyage","13":"product_tag-verres-a-pied-carafe","15":"first","16":"instock","17":"taxable","18":"shipping-taxable","19":"purchasable","20":"product-type-simple"},"brands":[{"id":1664,"name":"Cuisivin","slug":"cuisivin-fr"}],"_links":{"self":[{"href":"https:\/\/gocuisivin.com\/fr\/wp-json\/wp\/v2\/product\/22629","targetHints":{"allow":["GET"]}}],"collection":[{"href":"https:\/\/gocuisivin.com\/fr\/wp-json\/wp\/v2\/product"}],"about":[{"href":"https:\/\/gocuisivin.com\/fr\/wp-json\/wp\/v2\/types\/product"}],"replies":[{"embeddable":true,"href":"https:\/\/gocuisivin.com\/fr\/wp-json\/wp\/v2\/comments?post=22629"}],"version-history":[{"count":1,"href":"https:\/\/gocuisivin.com\/fr\/wp-json\/wp\/v2\/product\/22629\/revisions"}],"predecessor-version":[{"id":24325,"href":"https:\/\/gocuisivin.com\/fr\/wp-json\/wp\/v2\/product\/22629\/revisions\/24325"}],"wp:featuredmedia":[{"embeddable":true,"href":"https:\/\/gocuisivin.com\/fr\/wp-json\/wp\/v2\/media\/16229"}],"wp:attachment":[{"href":"https:\/\/gocuisivin.com\/fr\/wp-json\/wp\/v2\/media?parent=22629"}],"wp:term":[{"taxonomy":"pwb-brand","embeddable":true,"href":"https:\/\/gocuisivin.com\/fr\/wp-json\/wp\/v2\/pwb-brand?post=22629"},{"taxonomy":"product_brand","embeddable":true,"href":"https:\/\/gocuisivin.com\/fr\/wp-json\/wp\/v2\/product_brand?post=22629"},{"taxonomy":"product_cat","embeddable":true,"href":"https:\/\/gocuisivin.com\/fr\/wp-json\/wp\/v2\/product_cat?post=22629"},{"taxonomy":"product_tag","embeddable":true,"href":"https:\/\/gocuisivin.com\/fr\/wp-json\/wp\/v2\/product_tag?post=22629"}],"curies":[{"name":"wp","href":"https:\/\/api.w.org\/{rel}","templated":true}]}}