{"id":22626,"date":"2022-03-10T07:48:42","date_gmt":"2022-03-10T07:48:42","guid":{"rendered":"https:\/\/gocuisivin.com\/product\/ensemble-de-flutes-a-champagne-cuisivin-his-hers-paquet-de-2\/"},"modified":"2023-01-19T14:55:11","modified_gmt":"2023-01-19T14:55:11","slug":"ensemble-de-flutes-a-champagne-cuisivin-his-hers-paquet-de-2","status":"publish","type":"product","link":"https:\/\/gocuisivin.com\/fr\/product\/ensemble-de-flutes-a-champagne-cuisivin-his-hers-paquet-de-2\/","title":{"rendered":"Ensemble de fl\u00fbtes \u00e0 champagne Cuisivin His &amp; Hers &#8211; Paquet de 2"},"content":{"rendered":"<p>Portez un toast \u00e0 votre couple pr\u00e9f\u00e9r\u00e9 avec ces verres sp\u00e9cialement con\u00e7us ! Verres en cristal sans plomb, fabriqu\u00e9s en Europe avec impression couleur givre. Id\u00e9al pour les registres de mariage, les anniversaires et les cadeaux de mariage. Le coffret cadeau comprend 2 fl\u00fbtes \u00e0 champagne dans un coffret cadeau. Imprimez \u00ab His &amp; Hers \u00bb Capacit\u00e9 : 7,5 oz \/ 220 ml. Lave-vaisselle.<\/p>\n","protected":false},"excerpt":{"rendered":"<p>&nbsp;<\/p>\n<ul>\n<li>Ensemble de verres \u00e0 champagne His &amp; Hers imprim\u00e9 givre<\/li>\n<li>Charmante paire de fl\u00fbtes \u00e0 champagne identifiant<\/li>\n<li>Conception de fl\u00fbte \u00e9l\u00e9gante et \u00e9lanc\u00e9e<\/li>\n<li>Id\u00e9al pour le champagne, le prosecco, le mimosa et autres boissons p\u00e9tillantes<\/li>\n<li>Capacit\u00e9 : 7,5 oz \/ 220 ml<\/li>\n<li>Coffret de 2 paquets &#8211; parfait pour offrir en cadeau\u00a0!<\/li>\n<\/ul>\n<p><img decoding=\"async\" src=\"https:\/\/gocuisivin.com\/gleengag\/2022\/03\/Icon-w_-Text_Made-in-Europe_1-scaled-e1647696362269.jpg\" alt=\"\" width=\"100\" height=\"100\" \/><img decoding=\"async\" src=\"https:\/\/gocuisivin.com\/gleengag\/2022\/03\/Icon-w_-Text_Lead-Free-Crystal_1-scaled-e1647696159460.jpg\" alt=\"\" width=\"100\" height=\"100\" \/><img decoding=\"async\" src=\"https:\/\/gocuisivin.com\/gleengag\/2022\/03\/Icon-w_-Text_Fine-Rim_1-scaled-e1647696201810.jpg\" alt=\"\" width=\"100\" height=\"100\" \/><img loading=\"lazy\" decoding=\"async\" src=\"https:\/\/gocuisivin.com\/gleengag\/2022\/03\/Icon-w_-Text_Dishwasher-Safe_1-scaled-e1647696229552.jpg\" alt=\"\" width=\"100\" height=\"100\" \/><\/p>\n","protected":false},"featured_media":29631,"comment_status":"open","ping_status":"closed","template":"","meta":[],"pwb-brand":[],"product_brand":[],"product_cat":[971,1595,1557],"product_tag":[1269,136,281,1008,1270,1288,1287,1289,1271,118],"class_list":{"0":"post-22626","1":"product","2":"type-product","3":"status-publish","4":"has-post-thumbnail","6":"product_cat-champagne-2","7":"product_cat-decore","8":"product_cat-verrerie","9":"product_tag-220-ml","10":"product_tag-champagne-fr","11":"product_tag-cuisivin-fr","12":"product_tag-decore","13":"product_tag-ensemble-de-verres-a-champagne","14":"product_tag-impression-de-givre-pour-lui-et-pour-elle","15":"product_tag-paire-de-coupes-de-champagne","16":"product_tag-son-sien-imprime","17":"product_tag-verre-de-champagne","18":"product_tag-verrerie","20":"first","21":"instock","22":"taxable","23":"shipping-taxable","24":"purchasable","25":"product-type-simple"},"brands":[],"_links":{"self":[{"href":"https:\/\/gocuisivin.com\/fr\/wp-json\/wp\/v2\/product\/22626","targetHints":{"allow":["GET"]}}],"collection":[{"href":"https:\/\/gocuisivin.com\/fr\/wp-json\/wp\/v2\/product"}],"about":[{"href":"https:\/\/gocuisivin.com\/fr\/wp-json\/wp\/v2\/types\/product"}],"replies":[{"embeddable":true,"href":"https:\/\/gocuisivin.com\/fr\/wp-json\/wp\/v2\/comments?post=22626"}],"version-history":[{"count":1,"href":"https:\/\/gocuisivin.com\/fr\/wp-json\/wp\/v2\/product\/22626\/revisions"}],"predecessor-version":[{"id":24333,"href":"https:\/\/gocuisivin.com\/fr\/wp-json\/wp\/v2\/product\/22626\/revisions\/24333"}],"wp:featuredmedia":[{"embeddable":true,"href":"https:\/\/gocuisivin.com\/fr\/wp-json\/wp\/v2\/media\/29631"}],"wp:attachment":[{"href":"https:\/\/gocuisivin.com\/fr\/wp-json\/wp\/v2\/media?parent=22626"}],"wp:term":[{"taxonomy":"pwb-brand","embeddable":true,"href":"https:\/\/gocuisivin.com\/fr\/wp-json\/wp\/v2\/pwb-brand?post=22626"},{"taxonomy":"product_brand","embeddable":true,"href":"https:\/\/gocuisivin.com\/fr\/wp-json\/wp\/v2\/product_brand?post=22626"},{"taxonomy":"product_cat","embeddable":true,"href":"https:\/\/gocuisivin.com\/fr\/wp-json\/wp\/v2\/product_cat?post=22626"},{"taxonomy":"product_tag","embeddable":true,"href":"https:\/\/gocuisivin.com\/fr\/wp-json\/wp\/v2\/product_tag?post=22626"}],"curies":[{"name":"wp","href":"https:\/\/api.w.org\/{rel}","templated":true}]}}