{"id":22625,"date":"2022-03-10T07:48:44","date_gmt":"2022-03-10T07:48:44","guid":{"rendered":"https:\/\/gocuisivin.com\/product\/ensemble-de-5-sous-verres-ronds-en-liege-geometriques-cuisivin-avec-support\/"},"modified":"2023-01-19T14:48:47","modified_gmt":"2023-01-19T14:48:47","slug":"ensemble-de-5-sous-verres-ronds-en-liege-geometriques-cuisivin-avec-support","status":"publish","type":"product","link":"https:\/\/gocuisivin.com\/fr\/product\/ensemble-de-5-sous-verres-ronds-en-liege-geometriques-cuisivin-avec-support\/","title":{"rendered":"Ensemble de 5 sous-verres ronds en li\u00e8ge g\u00e9om\u00e9triques Cuisivin avec support"},"content":{"rendered":"<p>Quatre imprim\u00e9s g\u00e9om\u00e9triques uniques sur de v\u00e9ritables sous-verres en li\u00e8ge portugais respectueux de l&#8217;environnement. L&#8217;ensemble comprend 4 sous-verres imprim\u00e9s et un support. Le support peut \u00eatre utilis\u00e9 comme sous-bouteille. Parfait pour n&#8217;importe quel d\u00e9cor.<\/p>\n","protected":false},"excerpt":{"rendered":"<p>&nbsp;<\/p>\n<ul>\n<li>Imprim\u00e9s g\u00e9om\u00e9triques distincts<\/li>\n<li>L&#8217;ensemble de 5 pi\u00e8ces comprend : 4 sous-verres ronds chacun avec un imprim\u00e9 noir diff\u00e9rent et 1 support<\/li>\n<li>Le support peut \u00e9galement \u00eatre utilis\u00e9 comme sous-bouteille<\/li>\n<li>Li\u00e8ge solide portugais<\/li>\n<li>Bon pour les boissons chaudes ou froides<\/li>\n<li>5 mm d&#8217;\u00e9paisseur<\/li>\n<\/ul>\n<p><img decoding=\"async\" src=\"https:\/\/gocuisivin.com\/gleengag\/2022\/03\/Icon-w_-Text_-Reusable-_-Recyclable_1.jpg\" alt=\"\" width=\"100\" height=\"100\" \/><\/p>\n","protected":false},"featured_media":22616,"comment_status":"open","ping_status":"closed","template":"","meta":[],"pwb-brand":[1664],"product_brand":[],"product_cat":[102,1565,1595],"product_tag":[1237,1003,1002,281,1008,1235,1257,1258,1236,1250,1251],"class_list":{"0":"post-22625","1":"product","2":"type-product","3":"status-publish","4":"has-post-thumbnail","6":"pwb-brand-cuisivin-fr","7":"product_cat-accessoires","8":"product_cat-accessoires-pour-le-vin-et-le-bar","9":"product_cat-decore","10":"product_tag-5-mm-depaisseur","11":"product_tag-accessoires","12":"product_tag-accessoires-pour-le-vin-et-le-bar","13":"product_tag-cuisivin-fr","14":"product_tag-decore","15":"product_tag-dessous-de-bouteille","16":"product_tag-impressions-geometriques","17":"product_tag-liege-geometrique","18":"product_tag-liege-portugais","19":"product_tag-sous-verres-fr","20":"product_tag-sous-verres-ronds","22":"first","23":"instock","24":"taxable","25":"shipping-taxable","26":"purchasable","27":"product-type-simple"},"brands":[{"id":1664,"name":"Cuisivin","slug":"cuisivin-fr"}],"_links":{"self":[{"href":"https:\/\/gocuisivin.com\/fr\/wp-json\/wp\/v2\/product\/22625","targetHints":{"allow":["GET"]}}],"collection":[{"href":"https:\/\/gocuisivin.com\/fr\/wp-json\/wp\/v2\/product"}],"about":[{"href":"https:\/\/gocuisivin.com\/fr\/wp-json\/wp\/v2\/types\/product"}],"replies":[{"embeddable":true,"href":"https:\/\/gocuisivin.com\/fr\/wp-json\/wp\/v2\/comments?post=22625"}],"version-history":[{"count":1,"href":"https:\/\/gocuisivin.com\/fr\/wp-json\/wp\/v2\/product\/22625\/revisions"}],"predecessor-version":[{"id":24324,"href":"https:\/\/gocuisivin.com\/fr\/wp-json\/wp\/v2\/product\/22625\/revisions\/24324"}],"wp:featuredmedia":[{"embeddable":true,"href":"https:\/\/gocuisivin.com\/fr\/wp-json\/wp\/v2\/media\/22616"}],"wp:attachment":[{"href":"https:\/\/gocuisivin.com\/fr\/wp-json\/wp\/v2\/media?parent=22625"}],"wp:term":[{"taxonomy":"pwb-brand","embeddable":true,"href":"https:\/\/gocuisivin.com\/fr\/wp-json\/wp\/v2\/pwb-brand?post=22625"},{"taxonomy":"product_brand","embeddable":true,"href":"https:\/\/gocuisivin.com\/fr\/wp-json\/wp\/v2\/product_brand?post=22625"},{"taxonomy":"product_cat","embeddable":true,"href":"https:\/\/gocuisivin.com\/fr\/wp-json\/wp\/v2\/product_cat?post=22625"},{"taxonomy":"product_tag","embeddable":true,"href":"https:\/\/gocuisivin.com\/fr\/wp-json\/wp\/v2\/product_tag?post=22625"}],"curies":[{"name":"wp","href":"https:\/\/api.w.org\/{rel}","templated":true}]}}