{"id":22624,"date":"2022-03-10T07:48:43","date_gmt":"2022-03-10T12:48:43","guid":{"rendered":"https:\/\/gocuisivin.com\/product\/ensemble-de-verres-a-flute-25e-anniversaire-cuisivin-paquet-de-2\/"},"modified":"2023-01-19T14:51:45","modified_gmt":"2023-01-19T14:51:45","slug":"ensemble-de-verres-a-flute-25e-anniversaire-cuisivin-paquet-de-2","status":"publish","type":"product","link":"https:\/\/gocuisivin.com\/fr\/product\/ensemble-de-verres-a-flute-25e-anniversaire-cuisivin-paquet-de-2\/","title":{"rendered":"Ensemble de verres \u00e0 fl\u00fbte 25e anniversaire Cuisivin &#8211; Paquet de 2"},"content":{"rendered":"<p>Portez un toast \u00e0 l&#8217;heureux couple avec ces verres comm\u00e9moratifs sp\u00e9ciaux du 25e anniversaire. Verres en cristal sans plomb, fabriqu\u00e9s en Europe avec impression couleur givre. Le coffret cadeau comprend 2 fl\u00fbtes \u00e0 champagne dans un coffret cadeau. Impression \u00ab\u00a025e\u00a0\u00bb Capacit\u00e9\u00a0: 7,5\u00a0oz \/ 220\u00a0ml. Lave-vaisselle.<\/p>\n","protected":false},"excerpt":{"rendered":"<p>&nbsp;<\/p>\n<ul>\n<li>Ensemble de verres \u00e0 champagne 25e imprim\u00e9 givre<\/li>\n<li>Charmante paire de fl\u00fbtes \u00e0 champagne identifiant<\/li>\n<li>Conception de fl\u00fbte \u00e9l\u00e9gante et \u00e9lanc\u00e9e<\/li>\n<li>Id\u00e9al pour le champagne, le prosecco, le mimosa et autres boissons p\u00e9tillantes<\/li>\n<li>Capacit\u00e9 : 7,5 oz \/ 220 ml<\/li>\n<li>Coffret de 2 paquets &#8211; parfait pour offrir en cadeau\u00a0!<\/li>\n<\/ul>\n<p><img decoding=\"async\" src=\"https:\/\/gocuisivin.com\/gleengag\/2022\/03\/Icon-w_-Text_Made-in-Europe_1-scaled-e1647696362269.jpg\" alt=\"\" width=\"100\" height=\"100\" \/><img decoding=\"async\" src=\"https:\/\/gocuisivin.com\/gleengag\/2022\/03\/Icon-w_-Text_Lead-Free-Crystal_1-scaled-e1647696159460.jpg\" alt=\"\" width=\"100\" height=\"100\" \/><img decoding=\"async\" src=\"https:\/\/gocuisivin.com\/gleengag\/2022\/03\/Icon-w_-Text_Fine-Rim_1-scaled-e1647696201810.jpg\" alt=\"\" width=\"100\" height=\"100\" \/><img loading=\"lazy\" decoding=\"async\" src=\"https:\/\/gocuisivin.com\/gleengag\/2022\/03\/Icon-w_-Text_Dishwasher-Safe_1-scaled-e1647696229552.jpg\" alt=\"\" width=\"100\" height=\"100\" \/><\/p>\n","protected":false},"featured_media":22627,"comment_status":"open","ping_status":"closed","template":"","meta":[],"pwb-brand":[1664],"product_brand":[],"product_cat":[971,1595,1557],"product_tag":[1269,1276,1275,136,1272,281,1008,1270,1271,118],"class_list":{"0":"post-22624","1":"product","2":"type-product","3":"status-publish","4":"has-post-thumbnail","6":"pwb-brand-cuisivin-fr","7":"product_cat-champagne-2","8":"product_cat-decore","9":"product_cat-verrerie","10":"product_tag-220-ml","11":"product_tag-25eme-impression","12":"product_tag-25eme-impression-de-givre","13":"product_tag-champagne-fr","14":"product_tag-conception-de-flute-mince","15":"product_tag-cuisivin-fr","16":"product_tag-decore","17":"product_tag-ensemble-de-verres-a-champagne","18":"product_tag-verre-de-champagne","19":"product_tag-verrerie","21":"first","22":"outofstock","23":"taxable","24":"shipping-taxable","25":"purchasable","26":"product-type-simple"},"brands":[{"id":1664,"name":"Cuisivin","slug":"cuisivin-fr"}],"_links":{"self":[{"href":"https:\/\/gocuisivin.com\/fr\/wp-json\/wp\/v2\/product\/22624","targetHints":{"allow":["GET"]}}],"collection":[{"href":"https:\/\/gocuisivin.com\/fr\/wp-json\/wp\/v2\/product"}],"about":[{"href":"https:\/\/gocuisivin.com\/fr\/wp-json\/wp\/v2\/types\/product"}],"replies":[{"embeddable":true,"href":"https:\/\/gocuisivin.com\/fr\/wp-json\/wp\/v2\/comments?post=22624"}],"version-history":[{"count":1,"href":"https:\/\/gocuisivin.com\/fr\/wp-json\/wp\/v2\/product\/22624\/revisions"}],"predecessor-version":[{"id":24329,"href":"https:\/\/gocuisivin.com\/fr\/wp-json\/wp\/v2\/product\/22624\/revisions\/24329"}],"wp:featuredmedia":[{"embeddable":true,"href":"https:\/\/gocuisivin.com\/fr\/wp-json\/wp\/v2\/media\/22627"}],"wp:attachment":[{"href":"https:\/\/gocuisivin.com\/fr\/wp-json\/wp\/v2\/media?parent=22624"}],"wp:term":[{"taxonomy":"pwb-brand","embeddable":true,"href":"https:\/\/gocuisivin.com\/fr\/wp-json\/wp\/v2\/pwb-brand?post=22624"},{"taxonomy":"product_brand","embeddable":true,"href":"https:\/\/gocuisivin.com\/fr\/wp-json\/wp\/v2\/product_brand?post=22624"},{"taxonomy":"product_cat","embeddable":true,"href":"https:\/\/gocuisivin.com\/fr\/wp-json\/wp\/v2\/product_cat?post=22624"},{"taxonomy":"product_tag","embeddable":true,"href":"https:\/\/gocuisivin.com\/fr\/wp-json\/wp\/v2\/product_tag?post=22624"}],"curies":[{"name":"wp","href":"https:\/\/api.w.org\/{rel}","templated":true}]}}