{"id":22622,"date":"2022-03-10T07:48:42","date_gmt":"2022-03-10T07:48:42","guid":{"rendered":"https:\/\/gocuisivin.com\/product\/ensemble-de-flutes-a-champagne-cuisivin-bride-groom-paquet-de-2\/"},"modified":"2023-01-19T14:54:28","modified_gmt":"2023-01-19T14:54:28","slug":"ensemble-de-flutes-a-champagne-cuisivin-bride-groom-paquet-de-2","status":"publish","type":"product","link":"https:\/\/gocuisivin.com\/fr\/product\/ensemble-de-flutes-a-champagne-cuisivin-bride-groom-paquet-de-2\/","title":{"rendered":"Ensemble de fl\u00fbtes \u00e0 champagne Cuisivin Bride &amp; Groom &#8211; Paquet de 2"},"content":{"rendered":"<p>Portez un toast aux mari\u00e9s avec ces verres sp\u00e9cialement con\u00e7us ! Verres en cristal sans plomb, fabriqu\u00e9s en Europe avec impression couleur givre. Id\u00e9al pour les registres de mariage, les anniversaires et les cadeaux de mariage. Le coffret cadeau comprend 2 fl\u00fbtes \u00e0 champagne dans un coffret cadeau. Imprimer \u00ab\u00a0Bride &amp; Groom\u00a0\u00bb Capacit\u00e9\u00a0: 7,5 oz \/ 220 ml. Lave-vaisselle.<\/p>\n","protected":false},"excerpt":{"rendered":"<p>&nbsp;<\/p>\n<ul>\n<li>Ensemble de verres \u00e0 champagne \u00e0 imprim\u00e9 givre Bride &amp; Groom<\/li>\n<li>Charmante paire de fl\u00fbtes \u00e0 champagne identifiant<\/li>\n<li>Conception de fl\u00fbte \u00e9l\u00e9gante et \u00e9lanc\u00e9e<\/li>\n<li>Id\u00e9al pour le champagne, le prosecco, le mimosa et autres boissons p\u00e9tillantes<\/li>\n<li>Capacit\u00e9 : 7,5 oz \/ 220 ml<\/li>\n<li>Coffret de 2 paquets &#8211; parfait pour offrir en cadeau\u00a0!<\/li>\n<\/ul>\n<p><img decoding=\"async\" src=\"https:\/\/gocuisivin.com\/gleengag\/2022\/03\/Icon-w_-Text_Made-in-Europe_1-scaled-e1647696362269.jpg\" alt=\"\" width=\"100\" height=\"100\" \/><img decoding=\"async\" src=\"https:\/\/gocuisivin.com\/gleengag\/2022\/03\/Icon-w_-Text_Lead-Free-Crystal_1-scaled-e1647696159460.jpg\" alt=\"\" width=\"100\" height=\"100\" \/><img decoding=\"async\" src=\"https:\/\/gocuisivin.com\/gleengag\/2022\/03\/Icon-w_-Text_Fine-Rim_1-scaled-e1647696201810.jpg\" alt=\"\" width=\"100\" height=\"100\" \/><img loading=\"lazy\" decoding=\"async\" src=\"https:\/\/gocuisivin.com\/gleengag\/2022\/03\/Icon-w_-Text_Dishwasher-Safe_1-scaled-e1647696229552.jpg\" alt=\"\" width=\"100\" height=\"100\" \/><\/p>\n","protected":false},"featured_media":29636,"comment_status":"open","ping_status":"closed","template":"","meta":[],"pwb-brand":[],"product_brand":[],"product_cat":[971,1595,1557],"product_tag":[1269,1295,136,1272,281,1008,1293,1270,1294,1271,118],"class_list":{"0":"post-22622","1":"product","2":"type-product","3":"status-publish","4":"has-post-thumbnail","6":"product_cat-champagne-2","7":"product_cat-decore","8":"product_cat-verrerie","9":"product_tag-220-ml","10":"product_tag-bride-groom-imprime-givre","11":"product_tag-champagne-fr","12":"product_tag-conception-de-flute-mince","13":"product_tag-cuisivin-fr","14":"product_tag-decore","15":"product_tag-elegant-fr","16":"product_tag-ensemble-de-verres-a-champagne","17":"product_tag-mariee-et-marie-imprimer","18":"product_tag-verre-de-champagne","19":"product_tag-verrerie","21":"first","22":"instock","23":"taxable","24":"shipping-taxable","25":"purchasable","26":"product-type-simple"},"brands":[],"_links":{"self":[{"href":"https:\/\/gocuisivin.com\/fr\/wp-json\/wp\/v2\/product\/22622","targetHints":{"allow":["GET"]}}],"collection":[{"href":"https:\/\/gocuisivin.com\/fr\/wp-json\/wp\/v2\/product"}],"about":[{"href":"https:\/\/gocuisivin.com\/fr\/wp-json\/wp\/v2\/types\/product"}],"replies":[{"embeddable":true,"href":"https:\/\/gocuisivin.com\/fr\/wp-json\/wp\/v2\/comments?post=22622"}],"version-history":[{"count":1,"href":"https:\/\/gocuisivin.com\/fr\/wp-json\/wp\/v2\/product\/22622\/revisions"}],"predecessor-version":[{"id":24332,"href":"https:\/\/gocuisivin.com\/fr\/wp-json\/wp\/v2\/product\/22622\/revisions\/24332"}],"wp:featuredmedia":[{"embeddable":true,"href":"https:\/\/gocuisivin.com\/fr\/wp-json\/wp\/v2\/media\/29636"}],"wp:attachment":[{"href":"https:\/\/gocuisivin.com\/fr\/wp-json\/wp\/v2\/media?parent=22622"}],"wp:term":[{"taxonomy":"pwb-brand","embeddable":true,"href":"https:\/\/gocuisivin.com\/fr\/wp-json\/wp\/v2\/pwb-brand?post=22622"},{"taxonomy":"product_brand","embeddable":true,"href":"https:\/\/gocuisivin.com\/fr\/wp-json\/wp\/v2\/product_brand?post=22622"},{"taxonomy":"product_cat","embeddable":true,"href":"https:\/\/gocuisivin.com\/fr\/wp-json\/wp\/v2\/product_cat?post=22622"},{"taxonomy":"product_tag","embeddable":true,"href":"https:\/\/gocuisivin.com\/fr\/wp-json\/wp\/v2\/product_tag?post=22622"}],"curies":[{"name":"wp","href":"https:\/\/api.w.org\/{rel}","templated":true}]}}