{"id":22620,"date":"2022-03-10T07:48:45","date_gmt":"2022-03-10T07:48:45","guid":{"rendered":"https:\/\/gocuisivin.com\/product\/boules-de-nettoyage-pour-decanteurs-eisch\/"},"modified":"2023-01-19T14:43:10","modified_gmt":"2023-01-19T14:43:10","slug":"boules-de-nettoyage-pour-decanteurs-eisch","status":"publish","type":"product","link":"https:\/\/gocuisivin.com\/fr\/product\/boules-de-nettoyage-pour-decanteurs-eisch\/","title":{"rendered":"Boules de nettoyage pour d\u00e9canteurs Eisch"},"content":{"rendered":"<p>Les perles de nettoyage Eisch sont con\u00e7ues pour nettoyer rapidement et facilement les taches difficiles \u00e0 atteindre \u00e0 l&#8217;int\u00e9rieur de votre carafe ou de votre tasse de voyage ! D\u00e9posez ces billes en acier inoxydable dans le r\u00e9cipient et faites-les tourbillonner avec un peu d&#8217;eau. Les granul\u00e9s d&#8217;acier de haute qualit\u00e9 roulent en douceur et brisent les taches et les d\u00e9p\u00f4ts. Les billes peuvent \u00eatre rinc\u00e9es et r\u00e9utilis\u00e9es maintes et maintes fois. Sur les bouteilles de voyage en inox, secouez-les vigoureusement pour nettoyer les parois int\u00e9rieures ! Polyvalent : \u00e0 utiliser sur les carafes, les cafeti\u00e8res, les vases, les tasses de voyage et bien plus encore !<\/p>\n","protected":false},"excerpt":{"rendered":"<p>&nbsp;<\/p>\n<ul>\n<li>Un moyen s\u00fbr, \u00e9cologique et facile de nettoyer les taches difficiles \u00e0 atteindre<\/li>\n<li>Polyvalent : utilisez-le pour nettoyer les carafes, les cafeti\u00e8res, les vases, les tasses de voyage et bien plus encore !<\/li>\n<li>Versez les perles, ajoutez un peu d&#8217;eau et remuez<\/li>\n<li>Les granul\u00e9s d&#8217;acier de haute qualit\u00e9 roulent en douceur et brisent les taches et les d\u00e9p\u00f4ts \u00e0 l&#8217;aide d&#8217;un mouvement cin\u00e9tique<\/li>\n<li>Il suffit de rincer pour r\u00e9utiliser<\/li>\n<li>Utilisation s\u00fbre sur les carafes en cristal<\/li>\n<\/ul>\n<p><img decoding=\"async\" src=\"https:\/\/gocuisivin.com\/gleengag\/2022\/03\/Icon-w_-Text_Made-in-Germany_1.jpg\" alt=\"\" width=\"100\" height=\"100\" \/><\/p>\n","protected":false},"featured_media":16271,"comment_status":"open","ping_status":"closed","template":"","meta":[],"pwb-brand":[1667],"product_brand":[],"product_cat":[1565,1599],"product_tag":[1002,1233,1232,121,1231],"class_list":{"0":"post-22620","1":"product","2":"type-product","3":"status-publish","4":"has-post-thumbnail","6":"pwb-brand-eisch-fr","7":"product_cat-accessoires-pour-le-vin-et-le-bar","8":"product_cat-nettoyage","9":"product_tag-accessoires-pour-le-vin-et-le-bar","10":"product_tag-boules-de-nettoyage","11":"product_tag-boules-de-nettoyage-de-carafe","12":"product_tag-eisch-fr","13":"product_tag-nettoyage","15":"first","16":"instock","17":"taxable","18":"shipping-taxable","19":"purchasable","20":"product-type-simple"},"brands":[{"id":1667,"name":"Eisch","slug":"eisch-fr"}],"_links":{"self":[{"href":"https:\/\/gocuisivin.com\/fr\/wp-json\/wp\/v2\/product\/22620","targetHints":{"allow":["GET"]}}],"collection":[{"href":"https:\/\/gocuisivin.com\/fr\/wp-json\/wp\/v2\/product"}],"about":[{"href":"https:\/\/gocuisivin.com\/fr\/wp-json\/wp\/v2\/types\/product"}],"replies":[{"embeddable":true,"href":"https:\/\/gocuisivin.com\/fr\/wp-json\/wp\/v2\/comments?post=22620"}],"version-history":[{"count":1,"href":"https:\/\/gocuisivin.com\/fr\/wp-json\/wp\/v2\/product\/22620\/revisions"}],"predecessor-version":[{"id":24320,"href":"https:\/\/gocuisivin.com\/fr\/wp-json\/wp\/v2\/product\/22620\/revisions\/24320"}],"wp:featuredmedia":[{"embeddable":true,"href":"https:\/\/gocuisivin.com\/fr\/wp-json\/wp\/v2\/media\/16271"}],"wp:attachment":[{"href":"https:\/\/gocuisivin.com\/fr\/wp-json\/wp\/v2\/media?parent=22620"}],"wp:term":[{"taxonomy":"pwb-brand","embeddable":true,"href":"https:\/\/gocuisivin.com\/fr\/wp-json\/wp\/v2\/pwb-brand?post=22620"},{"taxonomy":"product_brand","embeddable":true,"href":"https:\/\/gocuisivin.com\/fr\/wp-json\/wp\/v2\/product_brand?post=22620"},{"taxonomy":"product_cat","embeddable":true,"href":"https:\/\/gocuisivin.com\/fr\/wp-json\/wp\/v2\/product_cat?post=22620"},{"taxonomy":"product_tag","embeddable":true,"href":"https:\/\/gocuisivin.com\/fr\/wp-json\/wp\/v2\/product_tag?post=22620"}],"curies":[{"name":"wp","href":"https:\/\/api.w.org\/{rel}","templated":true}]}}