{"id":22619,"date":"2022-03-10T08:15:09","date_gmt":"2022-03-10T08:15:09","guid":{"rendered":"https:\/\/gocuisivin.com\/product\/cuisivin-champagne-sentinelle\/"},"modified":"2023-01-19T14:36:56","modified_gmt":"2023-01-19T14:36:56","slug":"cuisivin-champagne-sentinelle","status":"publish","type":"product","link":"https:\/\/gocuisivin.com\/fr\/product\/cuisivin-champagne-sentinelle\/","title":{"rendered":"Cuisivin Champagne Sentinelle"},"content":{"rendered":"<p>Aidez \u00e0 garder les bulles dans votre \u00ab\u00a0bulle\u00a0\u00bb\u00a0! Le Champagne Sentinelle en acier inoxydable de Cuisivin veillera sur vos vins effervescents raffin\u00e9s. Conservez la fra\u00eecheur et conservez les vins mousseux pendant plusieurs jours jusqu&#8217;\u00e0 ce que vous soyez pr\u00eat \u00e0 les d\u00e9guster. Le bouchon \u00e0 ressort de gros calibre se clipse facilement sur les bouteilles p\u00e9tillantes.<\/p>\n","protected":false},"excerpt":{"rendered":"<p>&nbsp;<\/p>\n<ul>\n<li>Bouchon de champagne le plus vendu<\/li>\n<li>Construction robuste en acier inoxydable lourd<\/li>\n<li>Scellant silicone tendu int\u00e9gr\u00e9<\/li>\n<li>Syst\u00e8me de fixation \u00e0 charni\u00e8re facile \u00e0 clipser<\/li>\n<li>Convient \u00e0 la plupart des bouteilles de vin mousseux et de champagne standard<\/li>\n<\/ul>\n<p><img decoding=\"async\" src=\"https:\/\/gocuisivin.com\/gleengag\/2022\/03\/Icon-w_-Text_Handwash_1.jpg\" alt=\"\" width=\"100\" height=\"100\" \/><\/p>\n","protected":false},"featured_media":29499,"comment_status":"open","ping_status":"closed","template":"","meta":[],"pwb-brand":[1664],"product_brand":[],"product_cat":[979,1565],"product_tag":[1002,1305,1279,136,1339,281],"class_list":{"0":"post-22619","1":"product","2":"type-product","3":"status-publish","4":"has-post-thumbnail","6":"pwb-brand-cuisivin-fr","7":"product_cat-bouchons-vin-champagne","8":"product_cat-accessoires-pour-le-vin-et-le-bar","9":"product_tag-accessoires-pour-le-vin-et-le-bar","10":"product_tag-bouchon-de-vin","11":"product_tag-bouchons-vin-champagne","12":"product_tag-champagne-fr","13":"product_tag-champagne-sentinelle","14":"product_tag-cuisivin-fr","16":"first","17":"instock","18":"taxable","19":"shipping-taxable","20":"purchasable","21":"product-type-simple"},"brands":[{"id":1664,"name":"Cuisivin","slug":"cuisivin-fr"}],"_links":{"self":[{"href":"https:\/\/gocuisivin.com\/fr\/wp-json\/wp\/v2\/product\/22619","targetHints":{"allow":["GET"]}}],"collection":[{"href":"https:\/\/gocuisivin.com\/fr\/wp-json\/wp\/v2\/product"}],"about":[{"href":"https:\/\/gocuisivin.com\/fr\/wp-json\/wp\/v2\/types\/product"}],"replies":[{"embeddable":true,"href":"https:\/\/gocuisivin.com\/fr\/wp-json\/wp\/v2\/comments?post=22619"}],"version-history":[{"count":1,"href":"https:\/\/gocuisivin.com\/fr\/wp-json\/wp\/v2\/product\/22619\/revisions"}],"predecessor-version":[{"id":24315,"href":"https:\/\/gocuisivin.com\/fr\/wp-json\/wp\/v2\/product\/22619\/revisions\/24315"}],"wp:featuredmedia":[{"embeddable":true,"href":"https:\/\/gocuisivin.com\/fr\/wp-json\/wp\/v2\/media\/29499"}],"wp:attachment":[{"href":"https:\/\/gocuisivin.com\/fr\/wp-json\/wp\/v2\/media?parent=22619"}],"wp:term":[{"taxonomy":"pwb-brand","embeddable":true,"href":"https:\/\/gocuisivin.com\/fr\/wp-json\/wp\/v2\/pwb-brand?post=22619"},{"taxonomy":"product_brand","embeddable":true,"href":"https:\/\/gocuisivin.com\/fr\/wp-json\/wp\/v2\/product_brand?post=22619"},{"taxonomy":"product_cat","embeddable":true,"href":"https:\/\/gocuisivin.com\/fr\/wp-json\/wp\/v2\/product_cat?post=22619"},{"taxonomy":"product_tag","embeddable":true,"href":"https:\/\/gocuisivin.com\/fr\/wp-json\/wp\/v2\/product_tag?post=22619"}],"curies":[{"name":"wp","href":"https:\/\/api.w.org\/{rel}","templated":true}]}}