{"id":22614,"date":"2022-03-10T07:48:44","date_gmt":"2022-03-10T07:48:44","guid":{"rendered":"https:\/\/gocuisivin.com\/product\/verre-a-whisky-cuisivin-mountain-biker-paquet-de-6\/"},"modified":"2023-01-19T14:47:50","modified_gmt":"2023-01-19T14:47:50","slug":"verre-a-whisky-cuisivin-mountain-biker-paquet-de-6","status":"publish","type":"product","link":"https:\/\/gocuisivin.com\/fr\/product\/verre-a-whisky-cuisivin-mountain-biker-paquet-de-6\/","title":{"rendered":"Verre \u00e0 Whisky Cuisivin Mountain Biker &#8211; Paquet de 6"},"content":{"rendered":"<p>Parfait pour tout amateur de plein air, le verre \u00e0 whisky de v\u00e9lo de montagne pr\u00e9sente une belle impression enveloppante. Cristal sans plomb avec impression givr\u00e9e.<\/p>\n","protected":false},"excerpt":{"rendered":"<p>&nbsp;<\/p>\n<ul>\n<li>Imprim\u00e9 motard distinctif<\/li>\n<li>Conception enveloppante<\/li>\n<li>Imprim\u00e9 givr\u00e9<\/li>\n<li>Conception de verre \u00e0 whisky classique<\/li>\n<li>Id\u00e9al pour profiter de toutes les boissons<\/li>\n<li>Capacit\u00e9 : 10,8 oz \/ 320 ml<\/li>\n<\/ul>\n<p><img decoding=\"async\" src=\"https:\/\/gocuisivin.com\/gleengag\/2022\/03\/Icon-w_-Text_Made-in-Europe_1-scaled-e1647696362269.jpg\" alt=\"\" width=\"100\" height=\"100\" \/><img decoding=\"async\" src=\"https:\/\/gocuisivin.com\/gleengag\/2022\/03\/Icon-w_-Text_Lead-Free-Crystal_1-scaled-e1647696159460.jpg\" alt=\"\" width=\"100\" height=\"100\" \/><img decoding=\"async\" src=\"https:\/\/gocuisivin.com\/gleengag\/2022\/03\/Icon-w_-Text_Fine-Rim_1-scaled-e1647696201810.jpg\" alt=\"\" width=\"100\" height=\"100\" \/><img loading=\"lazy\" decoding=\"async\" src=\"https:\/\/gocuisivin.com\/gleengag\/2022\/03\/Icon-w_-Text_Dishwasher-Safe_1-scaled-e1647696229552.jpg\" alt=\"\" width=\"100\" height=\"100\" \/><img loading=\"lazy\" decoding=\"async\" src=\"https:\/\/gocuisivin.com\/gleengag\/2022\/03\/Icon-w_-Text_Wrap-Around-Print_1.jpg\" alt=\"\" width=\"100\" height=\"100\" \/><\/p>\n","protected":false},"featured_media":28413,"comment_status":"open","ping_status":"closed","template":"","meta":[],"pwb-brand":[1664],"product_brand":[],"product_cat":[1595,1557,1559],"product_tag":[1229,281,1008,1267,290,118,527],"class_list":{"0":"post-22614","1":"product","2":"type-product","3":"status-publish","4":"has-post-thumbnail","6":"pwb-brand-cuisivin-fr","7":"product_cat-decore","8":"product_cat-verrerie","9":"product_cat-whisky-spiritueux","10":"product_tag-320-ml","11":"product_tag-cuisivin-fr","12":"product_tag-decore","13":"product_tag-impression-de-velo-de-montagne","14":"product_tag-verre-a-whisky","15":"product_tag-verrerie","16":"product_tag-whisky-spiritueux-fr","18":"first","19":"instock","20":"taxable","21":"shipping-taxable","22":"purchasable","23":"product-type-simple"},"brands":[{"id":1664,"name":"Cuisivin","slug":"cuisivin-fr"}],"_links":{"self":[{"href":"https:\/\/gocuisivin.com\/fr\/wp-json\/wp\/v2\/product\/22614","targetHints":{"allow":["GET"]}}],"collection":[{"href":"https:\/\/gocuisivin.com\/fr\/wp-json\/wp\/v2\/product"}],"about":[{"href":"https:\/\/gocuisivin.com\/fr\/wp-json\/wp\/v2\/types\/product"}],"replies":[{"embeddable":true,"href":"https:\/\/gocuisivin.com\/fr\/wp-json\/wp\/v2\/comments?post=22614"}],"version-history":[{"count":1,"href":"https:\/\/gocuisivin.com\/fr\/wp-json\/wp\/v2\/product\/22614\/revisions"}],"predecessor-version":[{"id":24323,"href":"https:\/\/gocuisivin.com\/fr\/wp-json\/wp\/v2\/product\/22614\/revisions\/24323"}],"wp:featuredmedia":[{"embeddable":true,"href":"https:\/\/gocuisivin.com\/fr\/wp-json\/wp\/v2\/media\/28413"}],"wp:attachment":[{"href":"https:\/\/gocuisivin.com\/fr\/wp-json\/wp\/v2\/media?parent=22614"}],"wp:term":[{"taxonomy":"pwb-brand","embeddable":true,"href":"https:\/\/gocuisivin.com\/fr\/wp-json\/wp\/v2\/pwb-brand?post=22614"},{"taxonomy":"product_brand","embeddable":true,"href":"https:\/\/gocuisivin.com\/fr\/wp-json\/wp\/v2\/product_brand?post=22614"},{"taxonomy":"product_cat","embeddable":true,"href":"https:\/\/gocuisivin.com\/fr\/wp-json\/wp\/v2\/product_cat?post=22614"},{"taxonomy":"product_tag","embeddable":true,"href":"https:\/\/gocuisivin.com\/fr\/wp-json\/wp\/v2\/product_tag?post=22614"}],"curies":[{"name":"wp","href":"https:\/\/api.w.org\/{rel}","templated":true}]}}