{"id":22612,"date":"2022-03-10T08:15:09","date_gmt":"2022-03-10T08:15:09","guid":{"rendered":"https:\/\/gocuisivin.com\/product\/verres-a-vin-imprimes-de-cuisivin-canada-paquet-de-6\/"},"modified":"2023-01-19T14:36:23","modified_gmt":"2023-01-19T14:36:23","slug":"verres-a-vin-imprimes-de-cuisivin-canada-paquet-de-6","status":"publish","type":"product","link":"https:\/\/gocuisivin.com\/fr\/product\/verres-a-vin-imprimes-de-cuisivin-canada-paquet-de-6\/","title":{"rendered":"Verres \u00e0 vin imprim\u00e9s de Cuisivin Canada \u2013 paquet de 6"},"content":{"rendered":"<p>Ah le Canada\u00a0! Asseyez-vous, d\u00e9tendez-vous et d\u00e9gustez votre vin pr\u00e9f\u00e9r\u00e9 dans ces magnifiques verres drapeau canadien. Belle impression de couleur givre subtile. Verre cristal sans plomb, fabriqu\u00e9 en Europe, passe au lave-vaisselle.<\/p>\n","protected":false},"excerpt":{"rendered":"<h3>Fonctionnalit\u00e9s<\/h3>\n<ul>\n<li>Verre \u00e0 vin imprim\u00e9 drapeau canadien distinct<\/li>\n<li>Imprim\u00e9 givr\u00e9<\/li>\n<li>Tous les verres avec le m\u00eame imprim\u00e9<\/li>\n<li>Verre \u00e0 vin classique de style tulipe<\/li>\n<li>Id\u00e9al pour le vin rouge et le vin blanc<\/li>\n<li>Capacit\u00e9 : 15,25 onces \/ 450 ml<\/li>\n<\/ul>\n<p><img decoding=\"async\" src=\"https:\/\/gocuisivin.com\/gleengag\/2022\/03\/Icon-w_-Text_Made-in-Europe_1-scaled-e1647696362269.jpg\" alt=\"\" width=\"100\" height=\"100\" \/><img decoding=\"async\" src=\"https:\/\/gocuisivin.com\/gleengag\/2022\/03\/Icon-w_-Text_Lead-Free-Crystal_1-scaled-e1647696159460.jpg\" alt=\"\" width=\"100\" height=\"100\" \/><img decoding=\"async\" src=\"https:\/\/gocuisivin.com\/gleengag\/2022\/03\/Icon-w_-Text_Fine-Rim_1-scaled-e1647696201810.jpg\" alt=\"\" width=\"100\" height=\"100\" \/><img loading=\"lazy\" decoding=\"async\" src=\"https:\/\/gocuisivin.com\/gleengag\/2022\/03\/Icon-w_-Text_Dishwasher-Safe_1-scaled-e1647696229552.jpg\" alt=\"\" width=\"100\" height=\"100\" \/><\/p>\n","protected":false},"featured_media":15986,"comment_status":"open","ping_status":"closed","template":"","meta":[],"pwb-brand":[1664],"product_brand":[],"product_cat":[1595,1557,1558],"product_tag":[1303,1100,281,1008,1340,1302,115,118,116],"class_list":{"0":"post-22612","1":"product","2":"type-product","3":"status-publish","4":"has-post-thumbnail","6":"pwb-brand-cuisivin-fr","7":"product_cat-decore","8":"product_cat-verrerie","9":"product_cat-vin","10":"product_tag-450-ml-fr-2","11":"product_tag-classique","12":"product_tag-cuisivin-fr","13":"product_tag-decore","14":"product_tag-drapeau-canadien","15":"product_tag-style-tulipe","16":"product_tag-verre-de-vin","17":"product_tag-verrerie","18":"product_tag-vin","20":"first","21":"instock","22":"taxable","23":"shipping-taxable","24":"purchasable","25":"product-type-simple"},"brands":[{"id":1664,"name":"Cuisivin","slug":"cuisivin-fr"}],"_links":{"self":[{"href":"https:\/\/gocuisivin.com\/fr\/wp-json\/wp\/v2\/product\/22612","targetHints":{"allow":["GET"]}}],"collection":[{"href":"https:\/\/gocuisivin.com\/fr\/wp-json\/wp\/v2\/product"}],"about":[{"href":"https:\/\/gocuisivin.com\/fr\/wp-json\/wp\/v2\/types\/product"}],"replies":[{"embeddable":true,"href":"https:\/\/gocuisivin.com\/fr\/wp-json\/wp\/v2\/comments?post=22612"}],"version-history":[{"count":1,"href":"https:\/\/gocuisivin.com\/fr\/wp-json\/wp\/v2\/product\/22612\/revisions"}],"predecessor-version":[{"id":24314,"href":"https:\/\/gocuisivin.com\/fr\/wp-json\/wp\/v2\/product\/22612\/revisions\/24314"}],"wp:featuredmedia":[{"embeddable":true,"href":"https:\/\/gocuisivin.com\/fr\/wp-json\/wp\/v2\/media\/15986"}],"wp:attachment":[{"href":"https:\/\/gocuisivin.com\/fr\/wp-json\/wp\/v2\/media?parent=22612"}],"wp:term":[{"taxonomy":"pwb-brand","embeddable":true,"href":"https:\/\/gocuisivin.com\/fr\/wp-json\/wp\/v2\/pwb-brand?post=22612"},{"taxonomy":"product_brand","embeddable":true,"href":"https:\/\/gocuisivin.com\/fr\/wp-json\/wp\/v2\/product_brand?post=22612"},{"taxonomy":"product_cat","embeddable":true,"href":"https:\/\/gocuisivin.com\/fr\/wp-json\/wp\/v2\/product_cat?post=22612"},{"taxonomy":"product_tag","embeddable":true,"href":"https:\/\/gocuisivin.com\/fr\/wp-json\/wp\/v2\/product_tag?post=22612"}],"curies":[{"name":"wp","href":"https:\/\/api.w.org\/{rel}","templated":true}]}}