{"id":22605,"date":"2022-03-10T07:48:45","date_gmt":"2022-03-10T12:48:45","guid":{"rendered":"https:\/\/gocuisivin.com\/product\/ensemble-de-5-sous-verres-ronds-en-liege-avec-support-de-cuisivin-montreal\/"},"modified":"2023-01-19T14:41:47","modified_gmt":"2023-01-19T14:41:47","slug":"ensemble-de-5-sous-verres-ronds-en-liege-avec-support-de-cuisivin-montreal","status":"publish","type":"product","link":"https:\/\/gocuisivin.com\/fr\/product\/ensemble-de-5-sous-verres-ronds-en-liege-avec-support-de-cuisivin-montreal\/","title":{"rendered":"Ensemble de 5 sous-verres ronds en li\u00e8ge avec support de Cuisivin Montr\u00e9al"},"content":{"rendered":"<p>Montrez votre fiert\u00e9 de ville ! Quatre imprim\u00e9s uniques inspir\u00e9s de la ville sur de v\u00e9ritables sous-verres en li\u00e8ge portugais respectueux de l&#8217;environnement. L&#8217;ensemble comprend 4 sous-verres imprim\u00e9s et un support. Le support peut \u00eatre utilis\u00e9 comme sous-bouteille.<\/p>\n","protected":false},"excerpt":{"rendered":"<p>&nbsp;<\/p>\n<ul>\n<li>Sous-verres imprim\u00e9s inspir\u00e9s de Montr\u00e9al<\/li>\n<li>L&#8217;ensemble de 5 pi\u00e8ces comprend : 4 sous-verres ronds chacun avec un imprim\u00e9 noir diff\u00e9rent et 1 support<\/li>\n<li>Le support peut \u00e9galement \u00eatre utilis\u00e9 comme sous-bouteille<\/li>\n<li>Li\u00e8ge solide portugais<\/li>\n<li>Bon pour les boissons chaudes ou froides<\/li>\n<li>5 mm d&#8217;\u00e9paisseur<\/li>\n<\/ul>\n<p><img decoding=\"async\" src=\"https:\/\/gocuisivin.com\/gleengag\/2022\/03\/Icon-w_-Text_-Reusable-_-Recyclable_1.jpg\" alt=\"\" width=\"100\" height=\"100\" \/><\/p>\n","protected":false},"featured_media":16243,"comment_status":"open","ping_status":"closed","template":"","meta":[],"pwb-brand":[1664],"product_brand":[],"product_cat":[102,1565,1595],"product_tag":[1237,1003,1002,281,1008,1252,1238,1253,1236,1250,1251],"class_list":{"0":"post-22605","1":"product","2":"type-product","3":"status-publish","4":"has-post-thumbnail","6":"pwb-brand-cuisivin-fr","7":"product_cat-accessoires","8":"product_cat-accessoires-pour-le-vin-et-le-bar","9":"product_cat-decore","10":"product_tag-5-mm-depaisseur","11":"product_tag-accessoires","12":"product_tag-accessoires-pour-le-vin-et-le-bar","13":"product_tag-cuisivin-fr","14":"product_tag-decore","15":"product_tag-impression-de-montreal","16":"product_tag-liege-fr","17":"product_tag-liege-de-montreal","18":"product_tag-liege-portugais","19":"product_tag-sous-verres-fr","20":"product_tag-sous-verres-ronds","22":"first","23":"outofstock","24":"taxable","25":"shipping-taxable","26":"purchasable","27":"product-type-simple"},"brands":[{"id":1664,"name":"Cuisivin","slug":"cuisivin-fr"}],"_links":{"self":[{"href":"https:\/\/gocuisivin.com\/fr\/wp-json\/wp\/v2\/product\/22605","targetHints":{"allow":["GET"]}}],"collection":[{"href":"https:\/\/gocuisivin.com\/fr\/wp-json\/wp\/v2\/product"}],"about":[{"href":"https:\/\/gocuisivin.com\/fr\/wp-json\/wp\/v2\/types\/product"}],"replies":[{"embeddable":true,"href":"https:\/\/gocuisivin.com\/fr\/wp-json\/wp\/v2\/comments?post=22605"}],"version-history":[{"count":1,"href":"https:\/\/gocuisivin.com\/fr\/wp-json\/wp\/v2\/product\/22605\/revisions"}],"predecessor-version":[{"id":24318,"href":"https:\/\/gocuisivin.com\/fr\/wp-json\/wp\/v2\/product\/22605\/revisions\/24318"}],"wp:featuredmedia":[{"embeddable":true,"href":"https:\/\/gocuisivin.com\/fr\/wp-json\/wp\/v2\/media\/16243"}],"wp:attachment":[{"href":"https:\/\/gocuisivin.com\/fr\/wp-json\/wp\/v2\/media?parent=22605"}],"wp:term":[{"taxonomy":"pwb-brand","embeddable":true,"href":"https:\/\/gocuisivin.com\/fr\/wp-json\/wp\/v2\/pwb-brand?post=22605"},{"taxonomy":"product_brand","embeddable":true,"href":"https:\/\/gocuisivin.com\/fr\/wp-json\/wp\/v2\/product_brand?post=22605"},{"taxonomy":"product_cat","embeddable":true,"href":"https:\/\/gocuisivin.com\/fr\/wp-json\/wp\/v2\/product_cat?post=22605"},{"taxonomy":"product_tag","embeddable":true,"href":"https:\/\/gocuisivin.com\/fr\/wp-json\/wp\/v2\/product_tag?post=22605"}],"curies":[{"name":"wp","href":"https:\/\/api.w.org\/{rel}","templated":true}]}}