{"id":22603,"date":"2022-03-10T08:15:10","date_gmt":"2022-03-10T08:15:10","guid":{"rendered":"https:\/\/gocuisivin.com\/product\/capuchon-dattache-cuisivin-paquet-de-6\/"},"modified":"2023-01-19T14:34:06","modified_gmt":"2023-01-19T14:34:06","slug":"capuchon-dattache-cuisivin-paquet-de-6","status":"publish","type":"product","link":"https:\/\/gocuisivin.com\/fr\/product\/capuchon-dattache-cuisivin-paquet-de-6\/","title":{"rendered":"Capuchon d&#8217;attache Cuisivin \u2013 paquet de 6"},"content":{"rendered":"<p>Ne perdez plus jamais la trace de votre bouteille ! Ces bouchons amusants et de couleur identifiable sont parfaits pour les f\u00eates car ils se fixent \u00e0 votre bouteille\u00a0! Emp\u00eachez les d\u00e9versements, pr\u00e9servez la fra\u00eecheur et gardez m\u00eame les insectes hors de votre bouteille ! L&#8217;ajustement universel de la bouteille permet m\u00eame un rangement lat\u00e9ral pratique. Convient \u00e0 la plupart des bouteilles de vin et de bi\u00e8re standard.<\/p>\n","protected":false},"excerpt":{"rendered":"<p>&nbsp;<\/p>\n<ul>\n<li>Attachez le capuchon d&#8217;attache pour garder une trace de votre bouteille\u00a0!<\/li>\n<li>Garde la fra\u00eecheur \u00e0 l&#8217;int\u00e9rieur et emp\u00eache les insectes d&#8217;entrer\u00a0!<\/li>\n<li>Ajustement universel pour la plupart des bouteilles de bi\u00e8re et de vin<\/li>\n<li>Silicone de haute qualit\u00e9<\/li>\n<li>Chaque paquet a 6 bouchons : rouge, jaune, bleu, vert, rose et blanc<\/li>\n<\/ul>\n<p><img decoding=\"async\" src=\"https:\/\/gocuisivin.com\/gleengag\/2022\/03\/Icon-w_-Text_Dishwasher-Safe_1-scaled-e1647696229552.jpg\" alt=\"\" width=\"100\" height=\"100\" \/><\/p>\n","protected":false},"featured_media":29266,"comment_status":"open","ping_status":"closed","template":"","meta":[],"pwb-brand":[1664],"product_brand":[],"product_cat":[1565,979],"product_tag":[1002,1279,1337,281,116],"class_list":{"0":"post-22603","1":"product","2":"type-product","3":"status-publish","4":"has-post-thumbnail","6":"pwb-brand-cuisivin-fr","7":"product_cat-accessoires-pour-le-vin-et-le-bar","8":"product_cat-bouchons-vin-champagne","9":"product_tag-accessoires-pour-le-vin-et-le-bar","10":"product_tag-bouchons-vin-champagne","11":"product_tag-capuchon-dattache","12":"product_tag-cuisivin-fr","13":"product_tag-vin","15":"first","16":"instock","17":"taxable","18":"shipping-taxable","19":"purchasable","20":"product-type-simple"},"brands":[{"id":1664,"name":"Cuisivin","slug":"cuisivin-fr"}],"_links":{"self":[{"href":"https:\/\/gocuisivin.com\/fr\/wp-json\/wp\/v2\/product\/22603","targetHints":{"allow":["GET"]}}],"collection":[{"href":"https:\/\/gocuisivin.com\/fr\/wp-json\/wp\/v2\/product"}],"about":[{"href":"https:\/\/gocuisivin.com\/fr\/wp-json\/wp\/v2\/types\/product"}],"replies":[{"embeddable":true,"href":"https:\/\/gocuisivin.com\/fr\/wp-json\/wp\/v2\/comments?post=22603"}],"version-history":[{"count":1,"href":"https:\/\/gocuisivin.com\/fr\/wp-json\/wp\/v2\/product\/22603\/revisions"}],"predecessor-version":[{"id":24312,"href":"https:\/\/gocuisivin.com\/fr\/wp-json\/wp\/v2\/product\/22603\/revisions\/24312"}],"wp:featuredmedia":[{"embeddable":true,"href":"https:\/\/gocuisivin.com\/fr\/wp-json\/wp\/v2\/media\/29266"}],"wp:attachment":[{"href":"https:\/\/gocuisivin.com\/fr\/wp-json\/wp\/v2\/media?parent=22603"}],"wp:term":[{"taxonomy":"pwb-brand","embeddable":true,"href":"https:\/\/gocuisivin.com\/fr\/wp-json\/wp\/v2\/pwb-brand?post=22603"},{"taxonomy":"product_brand","embeddable":true,"href":"https:\/\/gocuisivin.com\/fr\/wp-json\/wp\/v2\/product_brand?post=22603"},{"taxonomy":"product_cat","embeddable":true,"href":"https:\/\/gocuisivin.com\/fr\/wp-json\/wp\/v2\/product_cat?post=22603"},{"taxonomy":"product_tag","embeddable":true,"href":"https:\/\/gocuisivin.com\/fr\/wp-json\/wp\/v2\/product_tag?post=22603"}],"curies":[{"name":"wp","href":"https:\/\/api.w.org\/{rel}","templated":true}]}}