{"id":22601,"date":"2022-03-10T08:15:12","date_gmt":"2022-03-10T08:15:12","guid":{"rendered":"https:\/\/gocuisivin.com\/product\/cuisivin-muskoka-chair-print-verre-a-biere-paquet-de-6\/"},"modified":"2023-01-19T14:28:21","modified_gmt":"2023-01-19T14:28:21","slug":"cuisivin-muskoka-chair-print-verre-a-biere-paquet-de-6","status":"publish","type":"product","link":"https:\/\/gocuisivin.com\/fr\/product\/cuisivin-muskoka-chair-print-verre-a-biere-paquet-de-6\/","title":{"rendered":"Cuisivin Muskoka Chair Print Verre \u00e0 bi\u00e8re \u2013 Paquet de 6"},"content":{"rendered":"<p>Asseyez-vous, d\u00e9tendez-vous et savourez votre boisson pr\u00e9f\u00e9r\u00e9e dans ces magnifiques verres imprim\u00e9s Muskoka. Embl\u00e8me embl\u00e9matique de la chaise Adirondack de couleur givre. Design classique, adapt\u00e9 \u00e0 un large \u00e9ventail de styles de bi\u00e8re. Capacit\u00e9 id\u00e9ale de 15 oz. Lave-vaisselle.<\/p>\n","protected":false},"excerpt":{"rendered":"<p>&nbsp;<\/p>\n<ul>\n<li>Verre \u00e0 bi\u00e8re imprim\u00e9 chaise Muskoka distincte<\/li>\n<li>Imprim\u00e9 givr\u00e9<\/li>\n<li>Tous les verres avec le m\u00eame imprim\u00e9<\/li>\n<li>La courbure du verre est con\u00e7ue pour mettre en valeur la saveur de la bi\u00e8re<\/li>\n<li>Design classique, adapt\u00e9 \u00e0 une large gamme de bi\u00e8res et de cidres<\/li>\n<li>Capacit\u00e9 : 15 oz\/444 ml<\/li>\n<\/ul>\n<p><img decoding=\"async\" src=\"https:\/\/gocuisivin.com\/gleengag\/2022\/03\/Icon-w_-Text_Dishwasher-Safe_1-scaled-e1647696229552.jpg\" alt=\"\" width=\"100\" height=\"100\" \/><\/p>\n","protected":false},"featured_media":16061,"comment_status":"open","ping_status":"closed","template":"","meta":[],"pwb-brand":[1664],"product_brand":[],"product_cat":[1574,1595,1557],"product_tag":[1327,279,1101,281,1008,1326,284,118],"class_list":{"0":"post-22601","1":"product","2":"type-product","3":"status-publish","4":"has-post-thumbnail","6":"pwb-brand-cuisivin-fr","7":"product_cat-biere","8":"product_cat-decore","9":"product_cat-verrerie","10":"product_tag-444-ml","11":"product_tag-biere","12":"product_tag-conception-classique","13":"product_tag-cuisivin-fr","14":"product_tag-decore","15":"product_tag-imprime-chaise-muskoka","16":"product_tag-verre-de-biere","17":"product_tag-verrerie","19":"first","20":"instock","21":"taxable","22":"shipping-taxable","23":"purchasable","24":"product-type-simple"},"brands":[{"id":1664,"name":"Cuisivin","slug":"cuisivin-fr"}],"_links":{"self":[{"href":"https:\/\/gocuisivin.com\/fr\/wp-json\/wp\/v2\/product\/22601","targetHints":{"allow":["GET"]}}],"collection":[{"href":"https:\/\/gocuisivin.com\/fr\/wp-json\/wp\/v2\/product"}],"about":[{"href":"https:\/\/gocuisivin.com\/fr\/wp-json\/wp\/v2\/types\/product"}],"replies":[{"embeddable":true,"href":"https:\/\/gocuisivin.com\/fr\/wp-json\/wp\/v2\/comments?post=22601"}],"version-history":[{"count":1,"href":"https:\/\/gocuisivin.com\/fr\/wp-json\/wp\/v2\/product\/22601\/revisions"}],"predecessor-version":[{"id":24304,"href":"https:\/\/gocuisivin.com\/fr\/wp-json\/wp\/v2\/product\/22601\/revisions\/24304"}],"wp:featuredmedia":[{"embeddable":true,"href":"https:\/\/gocuisivin.com\/fr\/wp-json\/wp\/v2\/media\/16061"}],"wp:attachment":[{"href":"https:\/\/gocuisivin.com\/fr\/wp-json\/wp\/v2\/media?parent=22601"}],"wp:term":[{"taxonomy":"pwb-brand","embeddable":true,"href":"https:\/\/gocuisivin.com\/fr\/wp-json\/wp\/v2\/pwb-brand?post=22601"},{"taxonomy":"product_brand","embeddable":true,"href":"https:\/\/gocuisivin.com\/fr\/wp-json\/wp\/v2\/product_brand?post=22601"},{"taxonomy":"product_cat","embeddable":true,"href":"https:\/\/gocuisivin.com\/fr\/wp-json\/wp\/v2\/product_cat?post=22601"},{"taxonomy":"product_tag","embeddable":true,"href":"https:\/\/gocuisivin.com\/fr\/wp-json\/wp\/v2\/product_tag?post=22601"}],"curies":[{"name":"wp","href":"https:\/\/api.w.org\/{rel}","templated":true}]}}