{"id":22595,"date":"2022-03-10T08:15:12","date_gmt":"2022-03-10T08:15:12","guid":{"rendered":"https:\/\/gocuisivin.com\/product\/ensemble-de-conserves-a-vin-cuisivin-vinolife-3-pieces\/"},"modified":"2023-01-19T14:27:30","modified_gmt":"2023-01-19T14:27:30","slug":"ensemble-de-conserves-a-vin-cuisivin-vinolife-3-pieces","status":"publish","type":"product","link":"https:\/\/gocuisivin.com\/fr\/product\/ensemble-de-conserves-a-vin-cuisivin-vinolife-3-pieces\/","title":{"rendered":"Ensemble de conserves \u00e0 vin Cuisivin VinoLife &#8211; 3 pi\u00e8ces"},"content":{"rendered":"<p>L&#8217;ensemble de conservation du vin VinoLife comprend une pompe \u00e0 vide et deux bouchons pour aider \u00e0 pr\u00e9server le vin conserv\u00e9 dans des bouteilles de vin ouvertes. Facile \u00e0 utiliser : il suffit de placer un bouchon \u00e0 clapet anti-retour dans la bouteille et d&#8217;utiliser la pompe \u00e0 vide pour pomper l&#8217;air afin de pr\u00e9server le vin. Le bouchon maintient le joint sous vide jusqu&#8217;\u00e0 ce qu&#8217;il soit lib\u00e9r\u00e9. Bouteilles \u00e0 conserver debout. Ne convient pas aux vins effervescents. Convient \u00e0 la plupart des bouteilles de vin standard. Bouchons suppl\u00e9mentaires vendus s\u00e9par\u00e9ment.<\/p>\n","protected":false},"excerpt":{"rendered":"<p>&nbsp;<\/p>\n<ul>\n<li>Un moyen rapide et facile de conserver des bouteilles de vin ouvertes<\/li>\n<li>L&#8217;ensemble comprend une pompe de conservation du vin et deux bouchons de valve unidirectionnelle<\/li>\n<li>Placez simplement le bouchon sur la bouteille de vin et utilisez le vide pour pomper l&#8217;oxyg\u00e8ne afin de pr\u00e9server le vin<\/li>\n<li>Les bouchons de valve unidirectionnelle ont un indicateur rouge qui indique la pression du vide<\/li>\n<li>Une solution peu co\u00fbteuse et r\u00e9utilisable pour une conservation simple et rapide<\/li>\n<li>Convient \u00e0 la plupart des bouteilles de vin standard. Ne convient pas au vin mousseux et au champagne.<\/li>\n<\/ul>\n<p><img decoding=\"async\" src=\"https:\/\/gocuisivin.com\/gleengag\/2022\/03\/Icon-w_-Text_Handwash_1.jpg\" alt=\"\" width=\"100\" height=\"100\" \/><\/p>\n","protected":false},"featured_media":16081,"comment_status":"open","ping_status":"closed","template":"","meta":[],"pwb-brand":[1664,1680],"product_brand":[],"product_cat":[1565,979],"product_tag":[1317,1002,1279,281,1316,116,1192],"class_list":{"0":"post-22595","1":"product","2":"type-product","3":"status-publish","4":"has-post-thumbnail","6":"pwb-brand-cuisivin-fr","7":"pwb-brand-vinolife-fr","8":"product_cat-accessoires-pour-le-vin-et-le-bar","9":"product_cat-bouchons-vin-champagne","10":"product_tag-3pc-fr","11":"product_tag-accessoires-pour-le-vin-et-le-bar","12":"product_tag-bouchons-vin-champagne","13":"product_tag-cuisivin-fr","14":"product_tag-ensemble-de-preservation","15":"product_tag-vin","16":"product_tag-vinolife-fr","18":"first","19":"instock","20":"taxable","21":"shipping-taxable","22":"purchasable","23":"product-type-simple"},"brands":[{"id":1664,"name":"Cuisivin","slug":"cuisivin-fr"},{"id":1680,"name":"VinoLife","slug":"vinolife-fr"}],"_links":{"self":[{"href":"https:\/\/gocuisivin.com\/fr\/wp-json\/wp\/v2\/product\/22595","targetHints":{"allow":["GET"]}}],"collection":[{"href":"https:\/\/gocuisivin.com\/fr\/wp-json\/wp\/v2\/product"}],"about":[{"href":"https:\/\/gocuisivin.com\/fr\/wp-json\/wp\/v2\/types\/product"}],"replies":[{"embeddable":true,"href":"https:\/\/gocuisivin.com\/fr\/wp-json\/wp\/v2\/comments?post=22595"}],"version-history":[{"count":1,"href":"https:\/\/gocuisivin.com\/fr\/wp-json\/wp\/v2\/product\/22595\/revisions"}],"predecessor-version":[{"id":24303,"href":"https:\/\/gocuisivin.com\/fr\/wp-json\/wp\/v2\/product\/22595\/revisions\/24303"}],"wp:featuredmedia":[{"embeddable":true,"href":"https:\/\/gocuisivin.com\/fr\/wp-json\/wp\/v2\/media\/16081"}],"wp:attachment":[{"href":"https:\/\/gocuisivin.com\/fr\/wp-json\/wp\/v2\/media?parent=22595"}],"wp:term":[{"taxonomy":"pwb-brand","embeddable":true,"href":"https:\/\/gocuisivin.com\/fr\/wp-json\/wp\/v2\/pwb-brand?post=22595"},{"taxonomy":"product_brand","embeddable":true,"href":"https:\/\/gocuisivin.com\/fr\/wp-json\/wp\/v2\/product_brand?post=22595"},{"taxonomy":"product_cat","embeddable":true,"href":"https:\/\/gocuisivin.com\/fr\/wp-json\/wp\/v2\/product_cat?post=22595"},{"taxonomy":"product_tag","embeddable":true,"href":"https:\/\/gocuisivin.com\/fr\/wp-json\/wp\/v2\/product_tag?post=22595"}],"curies":[{"name":"wp","href":"https:\/\/api.w.org\/{rel}","templated":true}]}}