{"id":22589,"date":"2022-03-10T10:56:59","date_gmt":"2022-03-10T10:56:59","guid":{"rendered":"https:\/\/gocuisivin.com\/product\/verre-a-biere-cuisivin-skyline-montreal\/"},"modified":"2023-01-18T18:26:46","modified_gmt":"2023-01-18T18:26:46","slug":"verre-a-biere-cuisivin-skyline-montreal","status":"publish","type":"product","link":"https:\/\/gocuisivin.com\/fr\/product\/verre-a-biere-cuisivin-skyline-montreal\/","title":{"rendered":"Verre \u00e0 bi\u00e8re Cuisivin Skyline Montr\u00e9al"},"content":{"rendered":"<p>Montrez votre fiert\u00e9 de ville ! Impression impressionnante de l&#8217;horizon de Montr\u00e9al sur un magnifique verre \u00e0 bi\u00e8re en cristal sans plomb de style Pilsner de 17 oz \/ 500 ml. Con\u00e7u et fabriqu\u00e9 au Canada. Comprend un tube cadeau de couleur accrocheuse.<\/p>\n","protected":false},"excerpt":{"rendered":"<p>&nbsp;<\/p>\n<ul>\n<li>\u00c9l\u00e9gant imprim\u00e9 skyline de Montr\u00e9al noir<\/li>\n<li>Verre \u00e0 bi\u00e8re de style pilsner impressionnant et haut<\/li>\n<li>Capacit\u00e9 : 500 ml \/ 17 oz<\/li>\n<li>Hauteur\u00a0:\u00a09.8&#8243; \/ 25 cm<\/li>\n<li>Beau tube cadeau &#8211; parfait pour offrir en cadeau<\/li>\n<\/ul>\n<p><img decoding=\"async\" src=\"https:\/\/gocuisivin.com\/gleengag\/2022\/03\/Icon-w_-Text_Made-in-Canada_1.jpg\" alt=\"\" width=\"100\" height=\"100\" \/><img decoding=\"async\" src=\"https:\/\/gocuisivin.com\/gleengag\/2022\/03\/Icon-w_-Text_Lead-Free-Crystal_1-scaled-e1647696159460.jpg\" alt=\"\" width=\"100\" height=\"100\" \/><img decoding=\"async\" src=\"https:\/\/gocuisivin.com\/gleengag\/2022\/03\/Icon-w_-Text_Dishwasher-Safe_1-scaled-e1647696229552.jpg\" alt=\"\" width=\"100\" height=\"100\" \/><\/p>\n","protected":false},"featured_media":15777,"comment_status":"open","ping_status":"closed","template":"","meta":[],"pwb-brand":[1664],"product_brand":[],"product_cat":[1574,1595,1557],"product_tag":[1383,279,281,1008,1389,1390,1382,284,118],"class_list":{"0":"post-22589","1":"product","2":"type-product","3":"status-publish","4":"has-post-thumbnail","6":"pwb-brand-cuisivin-fr","7":"product_cat-biere","8":"product_cat-decore","9":"product_cat-verrerie","10":"product_tag-500-ml-fr","11":"product_tag-biere","12":"product_tag-cuisivin-fr","13":"product_tag-decore","14":"product_tag-horizon-de-montreal","15":"product_tag-impression-dhorizon-de-montreal","16":"product_tag-style-pilsner","17":"product_tag-verre-de-biere","18":"product_tag-verrerie","20":"first","21":"instock","22":"taxable","23":"shipping-taxable","24":"purchasable","25":"product-type-simple"},"brands":[{"id":1664,"name":"Cuisivin","slug":"cuisivin-fr"}],"_links":{"self":[{"href":"https:\/\/gocuisivin.com\/fr\/wp-json\/wp\/v2\/product\/22589","targetHints":{"allow":["GET"]}}],"collection":[{"href":"https:\/\/gocuisivin.com\/fr\/wp-json\/wp\/v2\/product"}],"about":[{"href":"https:\/\/gocuisivin.com\/fr\/wp-json\/wp\/v2\/types\/product"}],"replies":[{"embeddable":true,"href":"https:\/\/gocuisivin.com\/fr\/wp-json\/wp\/v2\/comments?post=22589"}],"version-history":[{"count":1,"href":"https:\/\/gocuisivin.com\/fr\/wp-json\/wp\/v2\/product\/22589\/revisions"}],"predecessor-version":[{"id":24255,"href":"https:\/\/gocuisivin.com\/fr\/wp-json\/wp\/v2\/product\/22589\/revisions\/24255"}],"wp:featuredmedia":[{"embeddable":true,"href":"https:\/\/gocuisivin.com\/fr\/wp-json\/wp\/v2\/media\/15777"}],"wp:attachment":[{"href":"https:\/\/gocuisivin.com\/fr\/wp-json\/wp\/v2\/media?parent=22589"}],"wp:term":[{"taxonomy":"pwb-brand","embeddable":true,"href":"https:\/\/gocuisivin.com\/fr\/wp-json\/wp\/v2\/pwb-brand?post=22589"},{"taxonomy":"product_brand","embeddable":true,"href":"https:\/\/gocuisivin.com\/fr\/wp-json\/wp\/v2\/product_brand?post=22589"},{"taxonomy":"product_cat","embeddable":true,"href":"https:\/\/gocuisivin.com\/fr\/wp-json\/wp\/v2\/product_cat?post=22589"},{"taxonomy":"product_tag","embeddable":true,"href":"https:\/\/gocuisivin.com\/fr\/wp-json\/wp\/v2\/product_tag?post=22589"}],"curies":[{"name":"wp","href":"https:\/\/api.w.org\/{rel}","templated":true}]}}