{"id":22588,"date":"2022-03-10T08:15:10","date_gmt":"2022-03-10T08:15:10","guid":{"rendered":"https:\/\/gocuisivin.com\/product\/bouchon-en-silicone-boulon-cuisivin-paquet-de-2\/"},"modified":"2023-01-19T14:32:21","modified_gmt":"2023-01-19T14:32:21","slug":"bouchon-en-silicone-boulon-cuisivin-paquet-de-2","status":"publish","type":"product","link":"https:\/\/gocuisivin.com\/fr\/product\/bouchon-en-silicone-boulon-cuisivin-paquet-de-2\/","title":{"rendered":"Bouchon en silicone Boulon Cuisivin &#8211; Paquet de 2"},"content":{"rendered":"<p>Les bouchons en silicone Cuisivin Boulon offrent un moyen rapide et facile de refermer une bouteille de vin non finie. Fabriqu\u00e9 en silicone de haute qualit\u00e9, avec un profil bas pour un rangement pratique dans le r\u00e9frig\u00e9rateur. Convient \u00e0 la plupart des bouteilles de vin standard.<\/p>\n","protected":false},"excerpt":{"rendered":"<p>&nbsp;<\/p>\n<ul>\n<li>Conserve facilement la fra\u00eecheur<\/li>\n<li>Convient \u00e0 la plupart des bouteilles standard<\/li>\n<li>Le profil bas facilite le stockage des bouteilles au r\u00e9frig\u00e9rateur<\/li>\n<li>Silicone de qualit\u00e9 alimentaire de haute qualit\u00e9<\/li>\n<li>Comprend 2 bouchons : rouge et vert<\/li>\n<\/ul>\n<p><img decoding=\"async\" src=\"https:\/\/gocuisivin.com\/gleengag\/2022\/03\/Icon-w_-Text_Dishwasher-Safe_1-scaled-e1647696229552.jpg\" alt=\"\" width=\"100\" height=\"100\" \/><\/p>\n","protected":false},"featured_media":29220,"comment_status":"open","ping_status":"closed","template":"","meta":[],"pwb-brand":[1664],"product_brand":[],"product_cat":[1565,979],"product_tag":[1249,1002,1334,1279,281],"class_list":{"0":"post-22588","1":"product","2":"type-product","3":"status-publish","4":"has-post-thumbnail","6":"pwb-brand-cuisivin-fr","7":"product_cat-accessoires-pour-le-vin-et-le-bar","8":"product_cat-bouchons-vin-champagne","9":"product_tag-2pk-fr","10":"product_tag-accessoires-pour-le-vin-et-le-bar","11":"product_tag-bouchon-en-silicone-boulon","12":"product_tag-bouchons-vin-champagne","13":"product_tag-cuisivin-fr","15":"first","16":"instock","17":"taxable","18":"shipping-taxable","19":"purchasable","20":"product-type-simple"},"brands":[{"id":1664,"name":"Cuisivin","slug":"cuisivin-fr"}],"_links":{"self":[{"href":"https:\/\/gocuisivin.com\/fr\/wp-json\/wp\/v2\/product\/22588","targetHints":{"allow":["GET"]}}],"collection":[{"href":"https:\/\/gocuisivin.com\/fr\/wp-json\/wp\/v2\/product"}],"about":[{"href":"https:\/\/gocuisivin.com\/fr\/wp-json\/wp\/v2\/types\/product"}],"replies":[{"embeddable":true,"href":"https:\/\/gocuisivin.com\/fr\/wp-json\/wp\/v2\/comments?post=22588"}],"version-history":[{"count":1,"href":"https:\/\/gocuisivin.com\/fr\/wp-json\/wp\/v2\/product\/22588\/revisions"}],"predecessor-version":[{"id":24310,"href":"https:\/\/gocuisivin.com\/fr\/wp-json\/wp\/v2\/product\/22588\/revisions\/24310"}],"wp:featuredmedia":[{"embeddable":true,"href":"https:\/\/gocuisivin.com\/fr\/wp-json\/wp\/v2\/media\/29220"}],"wp:attachment":[{"href":"https:\/\/gocuisivin.com\/fr\/wp-json\/wp\/v2\/media?parent=22588"}],"wp:term":[{"taxonomy":"pwb-brand","embeddable":true,"href":"https:\/\/gocuisivin.com\/fr\/wp-json\/wp\/v2\/pwb-brand?post=22588"},{"taxonomy":"product_brand","embeddable":true,"href":"https:\/\/gocuisivin.com\/fr\/wp-json\/wp\/v2\/product_brand?post=22588"},{"taxonomy":"product_cat","embeddable":true,"href":"https:\/\/gocuisivin.com\/fr\/wp-json\/wp\/v2\/product_cat?post=22588"},{"taxonomy":"product_tag","embeddable":true,"href":"https:\/\/gocuisivin.com\/fr\/wp-json\/wp\/v2\/product_tag?post=22588"}],"curies":[{"name":"wp","href":"https:\/\/api.w.org\/{rel}","templated":true}]}}