{"id":22585,"date":"2022-03-10T08:15:13","date_gmt":"2022-03-10T08:15:13","guid":{"rendered":"https:\/\/gocuisivin.com\/product\/bouchons-de-recharge-vinolife-de-cuisivin-paquet-de-4\/"},"modified":"2023-01-19T14:14:01","modified_gmt":"2023-01-19T14:14:01","slug":"bouchons-de-recharge-vinolife-de-cuisivin-paquet-de-4","status":"publish","type":"product","link":"https:\/\/gocuisivin.com\/fr\/product\/bouchons-de-recharge-vinolife-de-cuisivin-paquet-de-4\/","title":{"rendered":"Bouchons de recharge VinoLife de Cuisivin &#8211; Paquet de 4"},"content":{"rendered":"<p>Bouchons r\u00e9utilisables \u00e0 utiliser uniquement avec la pompe \u00e0 vin VinoLife<\/p>\n","protected":false},"excerpt":{"rendered":"<p>&nbsp;<\/p>\n<ul>\n<li>Bouchons de recharge \u00e0 utiliser uniquement avec la pompe \u00e0 vin VinoLife<\/li>\n<li>Quatre bouchons inclus par colis<\/li>\n<li>Les bouchons ont une valve unidirectionnelle avec un indicateur rouge qui indique la pression du vide<\/li>\n<li>Bouteilles \u00e0 conserver en position verticale<\/li>\n<li>Une solution peu co\u00fbteuse et r\u00e9utilisable pour une conservation simple et rapide<\/li>\n<li>Convient \u00e0 la plupart des bouteilles de vin standard. Ne convient pas au vin mousseux et au champagne.<\/li>\n<\/ul>\n<p><img decoding=\"async\" src=\"https:\/\/gocuisivin.com\/gleengag\/2022\/03\/Icon-w_-Text_Handwash_1.jpg\" alt=\"\" width=\"100\" height=\"100\" \/><\/p>\n","protected":false},"featured_media":16124,"comment_status":"open","ping_status":"closed","template":"","meta":[],"pwb-brand":[1664,1680],"product_brand":[],"product_cat":[1565,979],"product_tag":[1307,1002,1279,281,1192],"class_list":{"0":"post-22585","1":"product","2":"type-product","3":"status-publish","4":"has-post-thumbnail","6":"pwb-brand-cuisivin-fr","7":"pwb-brand-vinolife-fr","8":"product_cat-accessoires-pour-le-vin-et-le-bar","9":"product_cat-bouchons-vin-champagne","10":"product_tag-4pk-fr","11":"product_tag-accessoires-pour-le-vin-et-le-bar","12":"product_tag-bouchons-vin-champagne","13":"product_tag-cuisivin-fr","14":"product_tag-vinolife-fr","16":"first","17":"instock","18":"taxable","19":"shipping-taxable","20":"purchasable","21":"product-type-simple"},"brands":[{"id":1664,"name":"Cuisivin","slug":"cuisivin-fr"},{"id":1680,"name":"VinoLife","slug":"vinolife-fr"}],"_links":{"self":[{"href":"https:\/\/gocuisivin.com\/fr\/wp-json\/wp\/v2\/product\/22585","targetHints":{"allow":["GET"]}}],"collection":[{"href":"https:\/\/gocuisivin.com\/fr\/wp-json\/wp\/v2\/product"}],"about":[{"href":"https:\/\/gocuisivin.com\/fr\/wp-json\/wp\/v2\/types\/product"}],"replies":[{"embeddable":true,"href":"https:\/\/gocuisivin.com\/fr\/wp-json\/wp\/v2\/comments?post=22585"}],"version-history":[{"count":1,"href":"https:\/\/gocuisivin.com\/fr\/wp-json\/wp\/v2\/product\/22585\/revisions"}],"predecessor-version":[{"id":24299,"href":"https:\/\/gocuisivin.com\/fr\/wp-json\/wp\/v2\/product\/22585\/revisions\/24299"}],"wp:featuredmedia":[{"embeddable":true,"href":"https:\/\/gocuisivin.com\/fr\/wp-json\/wp\/v2\/media\/16124"}],"wp:attachment":[{"href":"https:\/\/gocuisivin.com\/fr\/wp-json\/wp\/v2\/media?parent=22585"}],"wp:term":[{"taxonomy":"pwb-brand","embeddable":true,"href":"https:\/\/gocuisivin.com\/fr\/wp-json\/wp\/v2\/pwb-brand?post=22585"},{"taxonomy":"product_brand","embeddable":true,"href":"https:\/\/gocuisivin.com\/fr\/wp-json\/wp\/v2\/product_brand?post=22585"},{"taxonomy":"product_cat","embeddable":true,"href":"https:\/\/gocuisivin.com\/fr\/wp-json\/wp\/v2\/product_cat?post=22585"},{"taxonomy":"product_tag","embeddable":true,"href":"https:\/\/gocuisivin.com\/fr\/wp-json\/wp\/v2\/product_tag?post=22585"}],"curies":[{"name":"wp","href":"https:\/\/api.w.org\/{rel}","templated":true}]}}