{"id":22581,"date":"2022-03-10T08:15:10","date_gmt":"2022-03-10T08:15:10","guid":{"rendered":"https:\/\/gocuisivin.com\/product\/cuisivin-bear-print-verre-a-biere-lot-de-6\/"},"modified":"2023-01-19T14:31:37","modified_gmt":"2023-01-19T14:31:37","slug":"cuisivin-bear-print-verre-a-biere-lot-de-6","status":"publish","type":"product","link":"https:\/\/gocuisivin.com\/fr\/product\/cuisivin-bear-print-verre-a-biere-lot-de-6\/","title":{"rendered":"Cuisivin Bear Print Verre \u00e0 bi\u00e8re \u2013 Lot de 6"},"content":{"rendered":"<p>Inspir\u00e9 par la beaut\u00e9 naturelle et la faune du Canada, sirotez votre bi\u00e8re pr\u00e9f\u00e9r\u00e9e avec un imprim\u00e9 animal typiquement canadien. Bel imprim\u00e9 ours dans une couleur givr\u00e9e subtile. Design classique, adapt\u00e9 \u00e0 un large \u00e9ventail de styles de bi\u00e8re. Capacit\u00e9 id\u00e9ale de 15 oz. Lave-vaisselle.<\/p>\n","protected":false},"excerpt":{"rendered":"<p>&nbsp;<\/p>\n<ul>\n<li>Verre \u00e0 bi\u00e8re imprim\u00e9 ours distinct<\/li>\n<li>Imprim\u00e9 givr\u00e9<\/li>\n<li>Tous les verres avec le m\u00eame imprim\u00e9<\/li>\n<li>La courbure du verre est con\u00e7ue pour mettre en valeur la saveur de la bi\u00e8re<\/li>\n<li>Design classique, adapt\u00e9 \u00e0 une large gamme de bi\u00e8res et de cidres<\/li>\n<li>Capacit\u00e9 : 15 oz\/444 ml<\/li>\n<\/ul>\n<p><img decoding=\"async\" src=\"https:\/\/gocuisivin.com\/gleengag\/2022\/03\/Icon-w_-Text_Dishwasher-Safe_1-scaled-e1647696229552.jpg\" alt=\"\" width=\"100\" height=\"100\" \/><\/p>\n","protected":false},"featured_media":16011,"comment_status":"open","ping_status":"closed","template":"","meta":[],"pwb-brand":[1664],"product_brand":[],"product_cat":[1574,1557],"product_tag":[1327,279,1101,281,1008,1335,284,118],"class_list":{"0":"post-22581","1":"product","2":"type-product","3":"status-publish","4":"has-post-thumbnail","6":"pwb-brand-cuisivin-fr","7":"product_cat-biere","8":"product_cat-verrerie","9":"product_tag-444-ml","10":"product_tag-biere","11":"product_tag-conception-classique","12":"product_tag-cuisivin-fr","13":"product_tag-decore","14":"product_tag-ours-imprime","15":"product_tag-verre-de-biere","16":"product_tag-verrerie","18":"first","19":"instock","20":"taxable","21":"shipping-taxable","22":"purchasable","23":"product-type-simple"},"brands":[{"id":1664,"name":"Cuisivin","slug":"cuisivin-fr"}],"_links":{"self":[{"href":"https:\/\/gocuisivin.com\/fr\/wp-json\/wp\/v2\/product\/22581","targetHints":{"allow":["GET"]}}],"collection":[{"href":"https:\/\/gocuisivin.com\/fr\/wp-json\/wp\/v2\/product"}],"about":[{"href":"https:\/\/gocuisivin.com\/fr\/wp-json\/wp\/v2\/types\/product"}],"replies":[{"embeddable":true,"href":"https:\/\/gocuisivin.com\/fr\/wp-json\/wp\/v2\/comments?post=22581"}],"version-history":[{"count":1,"href":"https:\/\/gocuisivin.com\/fr\/wp-json\/wp\/v2\/product\/22581\/revisions"}],"predecessor-version":[{"id":24309,"href":"https:\/\/gocuisivin.com\/fr\/wp-json\/wp\/v2\/product\/22581\/revisions\/24309"}],"wp:featuredmedia":[{"embeddable":true,"href":"https:\/\/gocuisivin.com\/fr\/wp-json\/wp\/v2\/media\/16011"}],"wp:attachment":[{"href":"https:\/\/gocuisivin.com\/fr\/wp-json\/wp\/v2\/media?parent=22581"}],"wp:term":[{"taxonomy":"pwb-brand","embeddable":true,"href":"https:\/\/gocuisivin.com\/fr\/wp-json\/wp\/v2\/pwb-brand?post=22581"},{"taxonomy":"product_brand","embeddable":true,"href":"https:\/\/gocuisivin.com\/fr\/wp-json\/wp\/v2\/product_brand?post=22581"},{"taxonomy":"product_cat","embeddable":true,"href":"https:\/\/gocuisivin.com\/fr\/wp-json\/wp\/v2\/product_cat?post=22581"},{"taxonomy":"product_tag","embeddable":true,"href":"https:\/\/gocuisivin.com\/fr\/wp-json\/wp\/v2\/product_tag?post=22581"}],"curies":[{"name":"wp","href":"https:\/\/api.w.org\/{rel}","templated":true}]}}