{"id":22577,"date":"2022-03-10T10:57:01","date_gmt":"2022-03-10T10:57:01","guid":{"rendered":"https:\/\/gocuisivin.com\/product\/passoire-a-vin-vinolife\/"},"modified":"2023-01-18T18:11:50","modified_gmt":"2023-01-18T18:11:50","slug":"passoire-a-vin-vinolife","status":"publish","type":"product","link":"https:\/\/gocuisivin.com\/fr\/product\/passoire-a-vin-vinolife\/","title":{"rendered":"Passoire \u00e0 vin VinoLife"},"content":{"rendered":"<p>La passoire \u00e0 vin VinoLife est con\u00e7ue pour s&#8217;asseoir au sommet de la bouche de la plupart des carafes traditionnelles \u00e0 fond plat et \u00e0 fond plat. La maille en acier inoxydable filtre les particules de li\u00e8ge et les s\u00e9diments de vin.<\/p>\n","protected":false},"excerpt":{"rendered":"<p>&nbsp;<\/p>\n<ul>\n<li>La passoire s&#8217;adapte \u00e0 la plupart des carafes \u00e0 dessus plat<\/li>\n<li>Cr\u00e9pine multi-usages \u00e0 mailles fines<\/li>\n<li>Filtre les particules de li\u00e8ge<\/li>\n<li>Acier inoxydable<\/li>\n<\/ul>\n<p><img decoding=\"async\" src=\"https:\/\/gocuisivin.com\/gleengag\/2022\/03\/Icon-w_-Text_Stainless-Steele_1.jpg\" alt=\"\" width=\"100\" height=\"100\" \/><img decoding=\"async\" src=\"https:\/\/gocuisivin.com\/gleengag\/2022\/03\/Icon-w_-Text_Handwash_1.jpg\" alt=\"\" width=\"100\" height=\"100\" \/><\/p>\n","protected":false},"featured_media":15842,"comment_status":"open","ping_status":"closed","template":"","meta":[],"pwb-brand":[1680],"product_brand":[],"product_cat":[1565,1590],"product_tag":[],"class_list":{"0":"post-22577","1":"product","2":"type-product","3":"status-publish","4":"has-post-thumbnail","6":"pwb-brand-vinolife-fr","7":"product_cat-accessoires-pour-le-vin-et-le-bar","8":"product_cat-aerateurs-et-entonnoirs","10":"first","11":"instock","12":"taxable","13":"shipping-taxable","14":"purchasable","15":"product-type-simple"},"brands":[{"id":1680,"name":"VinoLife","slug":"vinolife-fr"}],"_links":{"self":[{"href":"https:\/\/gocuisivin.com\/fr\/wp-json\/wp\/v2\/product\/22577","targetHints":{"allow":["GET"]}}],"collection":[{"href":"https:\/\/gocuisivin.com\/fr\/wp-json\/wp\/v2\/product"}],"about":[{"href":"https:\/\/gocuisivin.com\/fr\/wp-json\/wp\/v2\/types\/product"}],"replies":[{"embeddable":true,"href":"https:\/\/gocuisivin.com\/fr\/wp-json\/wp\/v2\/comments?post=22577"}],"version-history":[{"count":1,"href":"https:\/\/gocuisivin.com\/fr\/wp-json\/wp\/v2\/product\/22577\/revisions"}],"predecessor-version":[{"id":24248,"href":"https:\/\/gocuisivin.com\/fr\/wp-json\/wp\/v2\/product\/22577\/revisions\/24248"}],"wp:featuredmedia":[{"embeddable":true,"href":"https:\/\/gocuisivin.com\/fr\/wp-json\/wp\/v2\/media\/15842"}],"wp:attachment":[{"href":"https:\/\/gocuisivin.com\/fr\/wp-json\/wp\/v2\/media?parent=22577"}],"wp:term":[{"taxonomy":"pwb-brand","embeddable":true,"href":"https:\/\/gocuisivin.com\/fr\/wp-json\/wp\/v2\/pwb-brand?post=22577"},{"taxonomy":"product_brand","embeddable":true,"href":"https:\/\/gocuisivin.com\/fr\/wp-json\/wp\/v2\/product_brand?post=22577"},{"taxonomy":"product_cat","embeddable":true,"href":"https:\/\/gocuisivin.com\/fr\/wp-json\/wp\/v2\/product_cat?post=22577"},{"taxonomy":"product_tag","embeddable":true,"href":"https:\/\/gocuisivin.com\/fr\/wp-json\/wp\/v2\/product_tag?post=22577"}],"curies":[{"name":"wp","href":"https:\/\/api.w.org\/{rel}","templated":true}]}}