{"id":22576,"date":"2022-03-10T10:57:00","date_gmt":"2022-03-10T10:57:00","guid":{"rendered":"https:\/\/gocuisivin.com\/product\/verre-a-biere-cuisivin-skyline-toronto\/"},"modified":"2023-01-18T18:16:16","modified_gmt":"2023-01-18T18:16:16","slug":"verre-a-biere-cuisivin-skyline-toronto","status":"publish","type":"product","link":"https:\/\/gocuisivin.com\/fr\/product\/verre-a-biere-cuisivin-skyline-toronto\/","title":{"rendered":"Verre \u00e0 bi\u00e8re Cuisivin Skyline Toronto"},"content":{"rendered":"<p>Montrez votre fiert\u00e9 de ville ! Impression impressionnante d&#8217;horizon de Toronto sur un magnifique verre \u00e0 bi\u00e8re en cristal sans plomb de style Pilsner de 17 oz \/ 500 ml. Con\u00e7u et fabriqu\u00e9 au Canada. Comprend un tube cadeau de couleur accrocheuse.<\/p>\n","protected":false},"excerpt":{"rendered":"<p>&nbsp;<\/p>\n<ul>\n<li>\u00c9l\u00e9gant imprim\u00e9 horizon de Toronto noir<\/li>\n<li>Verre \u00e0 bi\u00e8re de style pilsner impressionnant et haut<\/li>\n<li>Capacit\u00e9 : 500 ml \/ 17 oz<\/li>\n<li>Hauteur\u00a0:\u00a09.8&#8243; \/ 25 cm<\/li>\n<li>Beau tube cadeau &#8211; parfait pour offrir en cadeau<\/li>\n<\/ul>\n<p><img decoding=\"async\" src=\"https:\/\/gocuisivin.com\/gleengag\/2022\/03\/Icon-w_-Text_Made-in-Canada_1.jpg\" alt=\"\" width=\"100\" height=\"100\" \/><img decoding=\"async\" src=\"https:\/\/gocuisivin.com\/gleengag\/2022\/03\/Icon-w_-Text_Lead-Free-Crystal_1-scaled-e1647696159460.jpg\" alt=\"\" width=\"100\" height=\"100\" \/><img decoding=\"async\" src=\"https:\/\/gocuisivin.com\/gleengag\/2022\/03\/Icon-w_-Text_Dishwasher-Safe_1-scaled-e1647696229552.jpg\" alt=\"\" width=\"100\" height=\"100\" \/><\/p>\n","protected":false},"featured_media":15788,"comment_status":"open","ping_status":"closed","template":"","meta":[],"pwb-brand":[1664],"product_brand":[],"product_cat":[1574,1595,1557],"product_tag":[279,1008,1384,1211,1382,284,118],"class_list":{"0":"post-22576","1":"product","2":"type-product","3":"status-publish","4":"has-post-thumbnail","6":"pwb-brand-cuisivin-fr","7":"product_cat-biere","8":"product_cat-decore","9":"product_cat-verrerie","10":"product_tag-biere","11":"product_tag-decore","12":"product_tag-horizon-toronto","13":"product_tag-impression-dhorizon-de-toronto","14":"product_tag-style-pilsner","15":"product_tag-verre-de-biere","16":"product_tag-verrerie","18":"first","19":"instock","20":"taxable","21":"shipping-taxable","22":"purchasable","23":"product-type-simple"},"brands":[{"id":1664,"name":"Cuisivin","slug":"cuisivin-fr"}],"_links":{"self":[{"href":"https:\/\/gocuisivin.com\/fr\/wp-json\/wp\/v2\/product\/22576","targetHints":{"allow":["GET"]}}],"collection":[{"href":"https:\/\/gocuisivin.com\/fr\/wp-json\/wp\/v2\/product"}],"about":[{"href":"https:\/\/gocuisivin.com\/fr\/wp-json\/wp\/v2\/types\/product"}],"replies":[{"embeddable":true,"href":"https:\/\/gocuisivin.com\/fr\/wp-json\/wp\/v2\/comments?post=22576"}],"version-history":[{"count":1,"href":"https:\/\/gocuisivin.com\/fr\/wp-json\/wp\/v2\/product\/22576\/revisions"}],"predecessor-version":[{"id":24252,"href":"https:\/\/gocuisivin.com\/fr\/wp-json\/wp\/v2\/product\/22576\/revisions\/24252"}],"wp:featuredmedia":[{"embeddable":true,"href":"https:\/\/gocuisivin.com\/fr\/wp-json\/wp\/v2\/media\/15788"}],"wp:attachment":[{"href":"https:\/\/gocuisivin.com\/fr\/wp-json\/wp\/v2\/media?parent=22576"}],"wp:term":[{"taxonomy":"pwb-brand","embeddable":true,"href":"https:\/\/gocuisivin.com\/fr\/wp-json\/wp\/v2\/pwb-brand?post=22576"},{"taxonomy":"product_brand","embeddable":true,"href":"https:\/\/gocuisivin.com\/fr\/wp-json\/wp\/v2\/product_brand?post=22576"},{"taxonomy":"product_cat","embeddable":true,"href":"https:\/\/gocuisivin.com\/fr\/wp-json\/wp\/v2\/product_cat?post=22576"},{"taxonomy":"product_tag","embeddable":true,"href":"https:\/\/gocuisivin.com\/fr\/wp-json\/wp\/v2\/product_tag?post=22576"}],"curies":[{"name":"wp","href":"https:\/\/api.w.org\/{rel}","templated":true}]}}