{"id":22575,"date":"2022-03-10T10:41:46","date_gmt":"2022-03-10T10:41:46","guid":{"rendered":"https:\/\/gocuisivin.com\/product\/cuisivin-muskoka-chair-print-verre-a-vin-sans-pied-paquet-de-6\/"},"modified":"2023-01-18T18:40:13","modified_gmt":"2023-01-18T18:40:13","slug":"cuisivin-muskoka-chair-print-verre-a-vin-sans-pied-paquet-de-6","status":"publish","type":"product","link":"https:\/\/gocuisivin.com\/fr\/product\/cuisivin-muskoka-chair-print-verre-a-vin-sans-pied-paquet-de-6\/","title":{"rendered":"Cuisivin Muskoka Chair Print verre \u00e0 vin sans pied \u2013 paquet de 6"},"content":{"rendered":"<p>Asseyez-vous, d\u00e9tendez-vous et savourez votre boisson pr\u00e9f\u00e9r\u00e9e dans ces magnifiques verres imprim\u00e9s chaise Muskoka. Verre cristal sans plomb, fabriqu\u00e9 en Europe, passe au lave-vaisselle. Embl\u00e8me embl\u00e9matique de la chaise Adirondack de couleur givre.<\/p>\n","protected":false},"excerpt":{"rendered":"<p>&nbsp;<\/p>\n<ul>\n<li>Verre \u00e0 vin sans pied imprim\u00e9 chaise Muskoka distincte<\/li>\n<li>Imprim\u00e9 givr\u00e9<\/li>\n<li>Tous les verres avec le m\u00eame imprim\u00e9<\/li>\n<li>Verre \u00e0 vin classique sans pied de style tulipe<\/li>\n<li>Parfait pour le vin rouge, le vin blanc, les cocktails et autres boissons<\/li>\n<li>Capacit\u00e9 : 12,85 oz \/ 380 ml<\/li>\n<\/ul>\n<p><img decoding=\"async\" src=\"https:\/\/gocuisivin.com\/gleengag\/2022\/03\/Icon-w_-Text_Made-in-Europe_1-scaled-e1647696362269.jpg\" alt=\"\" width=\"100\" height=\"100\" \/><img decoding=\"async\" src=\"https:\/\/gocuisivin.com\/gleengag\/2022\/03\/Icon-w_-Text_Lead-Free-Crystal_1-scaled-e1647696159460.jpg\" alt=\"\" width=\"100\" height=\"100\" \/><img decoding=\"async\" src=\"https:\/\/gocuisivin.com\/gleengag\/2022\/03\/Icon-w_-Text_Dishwasher-Safe_1-scaled-e1647696229552.jpg\" alt=\"\" width=\"100\" height=\"100\" \/><\/p>\n","protected":false},"featured_media":29437,"comment_status":"open","ping_status":"closed","template":"","meta":[],"pwb-brand":[1664],"product_brand":[],"product_cat":[1595,1573,1557],"product_tag":[1346,1349,1350,1348,281,1008,1347,127,1302,115,118],"class_list":{"0":"post-22575","1":"product","2":"type-product","3":"status-publish","4":"has-post-thumbnail","6":"pwb-brand-cuisivin-fr","7":"product_cat-decore","8":"product_cat-sans-tige","9":"product_cat-verrerie","10":"product_tag-380-ml-fr","11":"product_tag-chaise-imprimee","12":"product_tag-chaise-imprimee-sans-tige","13":"product_tag-chaise-muskoka-imprimee","14":"product_tag-cuisivin-fr","15":"product_tag-decore","16":"product_tag-imprime-givre","17":"product_tag-sans-tige","18":"product_tag-style-tulipe","19":"product_tag-verre-de-vin","20":"product_tag-verrerie","22":"first","23":"instock","24":"taxable","25":"shipping-taxable","26":"purchasable","27":"product-type-simple"},"brands":[{"id":1664,"name":"Cuisivin","slug":"cuisivin-fr"}],"_links":{"self":[{"href":"https:\/\/gocuisivin.com\/fr\/wp-json\/wp\/v2\/product\/22575","targetHints":{"allow":["GET"]}}],"collection":[{"href":"https:\/\/gocuisivin.com\/fr\/wp-json\/wp\/v2\/product"}],"about":[{"href":"https:\/\/gocuisivin.com\/fr\/wp-json\/wp\/v2\/types\/product"}],"replies":[{"embeddable":true,"href":"https:\/\/gocuisivin.com\/fr\/wp-json\/wp\/v2\/comments?post=22575"}],"version-history":[{"count":2,"href":"https:\/\/gocuisivin.com\/fr\/wp-json\/wp\/v2\/product\/22575\/revisions"}],"predecessor-version":[{"id":24258,"href":"https:\/\/gocuisivin.com\/fr\/wp-json\/wp\/v2\/product\/22575\/revisions\/24258"}],"wp:featuredmedia":[{"embeddable":true,"href":"https:\/\/gocuisivin.com\/fr\/wp-json\/wp\/v2\/media\/29437"}],"wp:attachment":[{"href":"https:\/\/gocuisivin.com\/fr\/wp-json\/wp\/v2\/media?parent=22575"}],"wp:term":[{"taxonomy":"pwb-brand","embeddable":true,"href":"https:\/\/gocuisivin.com\/fr\/wp-json\/wp\/v2\/pwb-brand?post=22575"},{"taxonomy":"product_brand","embeddable":true,"href":"https:\/\/gocuisivin.com\/fr\/wp-json\/wp\/v2\/product_brand?post=22575"},{"taxonomy":"product_cat","embeddable":true,"href":"https:\/\/gocuisivin.com\/fr\/wp-json\/wp\/v2\/product_cat?post=22575"},{"taxonomy":"product_tag","embeddable":true,"href":"https:\/\/gocuisivin.com\/fr\/wp-json\/wp\/v2\/product_tag?post=22575"}],"curies":[{"name":"wp","href":"https:\/\/api.w.org\/{rel}","templated":true}]}}