{"id":22573,"date":"2022-03-10T10:56:59","date_gmt":"2022-03-10T10:56:59","guid":{"rendered":"https:\/\/gocuisivin.com\/product\/eisch-sensisplus-ensemble-de-tasses-a-expresso-paquet-de-2\/"},"modified":"2023-01-18T18:21:38","modified_gmt":"2023-01-18T18:21:38","slug":"eisch-sensisplus-ensemble-de-tasses-a-expresso-paquet-de-2","status":"publish","type":"product","link":"https:\/\/gocuisivin.com\/fr\/product\/eisch-sensisplus-ensemble-de-tasses-a-expresso-paquet-de-2\/","title":{"rendered":"Eisch SensisPlus Ensemble de tasses \u00e0 expresso &#8211; Paquet de 2"},"content":{"rendered":"<p>Au cours des 100 derni\u00e8res ann\u00e9es, Eisch a cr\u00e9\u00e9 des conceptions et des techniques de fabrication innovantes pour devenir un producteur de verre prim\u00e9 \u00e0 plusieurs reprises en Allemagne. Savourez toutes les saveurs aromatiques de votre expresso avec la tasse \u00e0 expresso Eisch SensisPlus. La technologie propri\u00e9taire SensisPlus utilise un processus enti\u00e8rement naturel pour pr\u00e9server le caract\u00e8re original du caf\u00e9, mais l&#8217;ar\u00f4me est plus expressif et la saveur un peu moins acide. Les ar\u00f4mes de l&#8217;espresso deviennent plus distincts et toute l&#8217;exp\u00e9rience gustative devient plus harmonique, plus intense et plus tridimensionnelle. Les pics d&#8217;amertume ou de nettet\u00e9 pro\u00e9minents sont r\u00e9duits et perdent toute dominance ind\u00e9sirable. Cependant, l&#8217;espresso n&#8217;est pas modifi\u00e9 dans sa structure et conserve pleinement son caract\u00e8re d&#8217;origine. Cristal sans plomb, fabriqu\u00e9 en Allemagne.<\/p>\n","protected":false},"excerpt":{"rendered":"<p>&nbsp;<\/p>\n<ul>\n<li>La technologie unique SensisPlus am\u00e9liore rapidement l&#8217;ar\u00f4me, les nuances et la saveur de l&#8217;espresso<\/li>\n<li>Design contemporain<\/li>\n<li>Cristal sans plomb<\/li>\n<li>Hauteur : 2,4&#8243; \/ 60,96 mm<\/li>\n<li>Capacit\u00e9 : 3,38 oz\/100 ml<\/li>\n<li>Coffret cadeau<\/li>\n<\/ul>\n<p><img decoding=\"async\" src=\"https:\/\/gocuisivin.com\/gleengag\/2022\/03\/Icon-w_-Text_Made-in-Germany_1.jpg\" alt=\"\" width=\"100\" height=\"100\" \/><img decoding=\"async\" src=\"https:\/\/gocuisivin.com\/gleengag\/2022\/03\/Icon-w_-Text_Lead-Free-Crystal_1-scaled-e1647696159460.jpg\" alt=\"\" width=\"100\" height=\"100\" \/><img decoding=\"async\" src=\"https:\/\/gocuisivin.com\/gleengag\/2022\/03\/Icon-w_-Text_Sensis-Plus_1.jpg\" alt=\"\" width=\"100\" height=\"100\" \/><img loading=\"lazy\" decoding=\"async\" src=\"https:\/\/gocuisivin.com\/gleengag\/2022\/03\/Icon-w_-Text_Dishwasher-Safe_1-scaled-e1647696229552.jpg\" alt=\"\" width=\"100\" height=\"100\" \/><\/p>\n","protected":false},"featured_media":15704,"comment_status":"open","ping_status":"closed","template":"","meta":[],"pwb-brand":[1667,1679],"product_brand":[],"product_cat":[1598],"product_tag":[1404,1007,121,1402,1403,1401],"class_list":{"0":"post-22573","1":"product","2":"type-product","3":"status-publish","4":"has-post-thumbnail","6":"pwb-brand-eisch-fr","7":"pwb-brand-sensisplus-fr","8":"product_cat-cafe-the","9":"product_tag-100-ml-fr","10":"product_tag-cafe-the","11":"product_tag-eisch-fr","12":"product_tag-ensemble-de-tasses","13":"product_tag-ensemble-de-tasses-a-expresso","14":"product_tag-sensis-plus-fr","16":"first","17":"instock","18":"taxable","19":"shipping-taxable","20":"purchasable","21":"product-type-simple"},"brands":[{"id":1667,"name":"Eisch","slug":"eisch-fr"},{"id":1679,"name":"SensisPlus","slug":"sensisplus-fr"}],"_links":{"self":[{"href":"https:\/\/gocuisivin.com\/fr\/wp-json\/wp\/v2\/product\/22573","targetHints":{"allow":["GET"]}}],"collection":[{"href":"https:\/\/gocuisivin.com\/fr\/wp-json\/wp\/v2\/product"}],"about":[{"href":"https:\/\/gocuisivin.com\/fr\/wp-json\/wp\/v2\/types\/product"}],"replies":[{"embeddable":true,"href":"https:\/\/gocuisivin.com\/fr\/wp-json\/wp\/v2\/comments?post=22573"}],"version-history":[{"count":2,"href":"https:\/\/gocuisivin.com\/fr\/wp-json\/wp\/v2\/product\/22573\/revisions"}],"predecessor-version":[{"id":24254,"href":"https:\/\/gocuisivin.com\/fr\/wp-json\/wp\/v2\/product\/22573\/revisions\/24254"}],"wp:featuredmedia":[{"embeddable":true,"href":"https:\/\/gocuisivin.com\/fr\/wp-json\/wp\/v2\/media\/15704"}],"wp:attachment":[{"href":"https:\/\/gocuisivin.com\/fr\/wp-json\/wp\/v2\/media?parent=22573"}],"wp:term":[{"taxonomy":"pwb-brand","embeddable":true,"href":"https:\/\/gocuisivin.com\/fr\/wp-json\/wp\/v2\/pwb-brand?post=22573"},{"taxonomy":"product_brand","embeddable":true,"href":"https:\/\/gocuisivin.com\/fr\/wp-json\/wp\/v2\/product_brand?post=22573"},{"taxonomy":"product_cat","embeddable":true,"href":"https:\/\/gocuisivin.com\/fr\/wp-json\/wp\/v2\/product_cat?post=22573"},{"taxonomy":"product_tag","embeddable":true,"href":"https:\/\/gocuisivin.com\/fr\/wp-json\/wp\/v2\/product_tag?post=22573"}],"curies":[{"name":"wp","href":"https:\/\/api.w.org\/{rel}","templated":true}]}}