{"id":22571,"date":"2022-03-10T10:57:02","date_gmt":"2022-03-10T15:57:02","guid":{"rendered":"https:\/\/gocuisivin.com\/product\/verseur-a-vin-en-liege-cuisivin-paquet-de-2\/"},"modified":"2023-01-18T18:06:46","modified_gmt":"2023-01-18T18:06:46","slug":"verseur-a-vin-en-liege-cuisivin-paquet-de-2","status":"publish","type":"product","link":"https:\/\/gocuisivin.com\/fr\/product\/verseur-a-vin-en-liege-cuisivin-paquet-de-2\/","title":{"rendered":"Verseur \u00e0 vin en li\u00e8ge Cuisivin &#8211; paquet de 2"},"content":{"rendered":"<p>Les verseurs \u00e0 vin en li\u00e8ge sont un moyen fantastique et pratique de verser de la bouteille. Le bec en acier inoxydable est intelligemment dissimul\u00e9 dans le li\u00e8ge et la coupe inclin\u00e9e permet un versement mesur\u00e9 et sans gouttes. Con\u00e7us avec une coupe fusel\u00e9e, ils fonctionnent sur une grande vari\u00e9t\u00e9 de bouteilles\u2026 m\u00eame l&#8217;huile d&#8217;olive ! Fabriqu\u00e9 \u00e0 partir de vrai li\u00e8ge portugais.<\/p>\n","protected":false},"excerpt":{"rendered":"<p>&nbsp;<\/p>\n<ul>\n<li>Verseur et bouchon deux en un<\/li>\n<li>Conception conique &#8211; s&#8217;adapte \u00e0 une vari\u00e9t\u00e9 de bouteilles de vin<\/li>\n<li>Fonctionne une vari\u00e9t\u00e9 de bouteilles &#8211; m\u00eame l&#8217;huile d&#8217;olive !<\/li>\n<li>Le bec en acier inoxydable permet de verser sans goutte<\/li>\n<li>Le bec est astucieusement dissimul\u00e9 et recouvert dans le demi-bouchon<\/li>\n<li>Fait de li\u00e8ge portugais<\/li>\n<\/ul>\n<p><img decoding=\"async\" src=\"https:\/\/gocuisivin.com\/gleengag\/2022\/03\/Icon-w_-Text_Handwash_1.jpg\" alt=\"\" width=\"100\" height=\"100\" \/><\/p>\n","protected":false},"featured_media":15847,"comment_status":"open","ping_status":"closed","template":"","meta":[],"pwb-brand":[1664],"product_brand":[],"product_cat":[1565,1590,979],"product_tag":[1002,1364,1279,281,1022,1365],"class_list":{"0":"post-22571","1":"product","2":"type-product","3":"status-publish","4":"has-post-thumbnail","6":"pwb-brand-cuisivin-fr","7":"product_cat-accessoires-pour-le-vin-et-le-bar","8":"product_cat-aerateurs-et-entonnoirs","9":"product_cat-bouchons-vin-champagne","10":"product_tag-accessoires-pour-le-vin-et-le-bar","11":"product_tag-aerateurs-et-entonnoirs","12":"product_tag-bouchons-vin-champagne","13":"product_tag-cuisivin-fr","14":"product_tag-liege","15":"product_tag-verseur-de-vin","17":"first","18":"outofstock","19":"taxable","20":"shipping-taxable","21":"purchasable","22":"product-type-simple"},"brands":[{"id":1664,"name":"Cuisivin","slug":"cuisivin-fr"}],"_links":{"self":[{"href":"https:\/\/gocuisivin.com\/fr\/wp-json\/wp\/v2\/product\/22571","targetHints":{"allow":["GET"]}}],"collection":[{"href":"https:\/\/gocuisivin.com\/fr\/wp-json\/wp\/v2\/product"}],"about":[{"href":"https:\/\/gocuisivin.com\/fr\/wp-json\/wp\/v2\/types\/product"}],"replies":[{"embeddable":true,"href":"https:\/\/gocuisivin.com\/fr\/wp-json\/wp\/v2\/comments?post=22571"}],"version-history":[{"count":1,"href":"https:\/\/gocuisivin.com\/fr\/wp-json\/wp\/v2\/product\/22571\/revisions"}],"predecessor-version":[{"id":24243,"href":"https:\/\/gocuisivin.com\/fr\/wp-json\/wp\/v2\/product\/22571\/revisions\/24243"}],"wp:featuredmedia":[{"embeddable":true,"href":"https:\/\/gocuisivin.com\/fr\/wp-json\/wp\/v2\/media\/15847"}],"wp:attachment":[{"href":"https:\/\/gocuisivin.com\/fr\/wp-json\/wp\/v2\/media?parent=22571"}],"wp:term":[{"taxonomy":"pwb-brand","embeddable":true,"href":"https:\/\/gocuisivin.com\/fr\/wp-json\/wp\/v2\/pwb-brand?post=22571"},{"taxonomy":"product_brand","embeddable":true,"href":"https:\/\/gocuisivin.com\/fr\/wp-json\/wp\/v2\/product_brand?post=22571"},{"taxonomy":"product_cat","embeddable":true,"href":"https:\/\/gocuisivin.com\/fr\/wp-json\/wp\/v2\/product_cat?post=22571"},{"taxonomy":"product_tag","embeddable":true,"href":"https:\/\/gocuisivin.com\/fr\/wp-json\/wp\/v2\/product_tag?post=22571"}],"curies":[{"name":"wp","href":"https:\/\/api.w.org\/{rel}","templated":true}]}}