{"id":22566,"date":"2022-03-10T10:57:00","date_gmt":"2022-03-10T10:57:00","guid":{"rendered":"https:\/\/gocuisivin.com\/product\/verre-a-vin-sans-pied-ours-cuisivin-paquet-de-6\/"},"modified":"2023-01-18T18:14:59","modified_gmt":"2023-01-18T18:14:59","slug":"verre-a-vin-sans-pied-ours-cuisivin-paquet-de-6","status":"publish","type":"product","link":"https:\/\/gocuisivin.com\/fr\/product\/verre-a-vin-sans-pied-ours-cuisivin-paquet-de-6\/","title":{"rendered":"Verre \u00e0 vin sans pied Ours Cuisivin &#8211; Paquet de 6"},"content":{"rendered":"<p>Inspir\u00e9 par la beaut\u00e9 naturelle et la faune du Canada, sirotez votre boisson pr\u00e9f\u00e9r\u00e9e avec un imprim\u00e9 animal typiquement canadien. Bel imprim\u00e9 ours dans une couleur givr\u00e9e subtile. Verre cristal sans plomb, fabriqu\u00e9 en Europe, passe au lave-vaisselle.<\/p>\n","protected":false},"excerpt":{"rendered":"<p>&nbsp;<\/p>\n<ul>\n<li>Verre \u00e0 vin sans pied imprim\u00e9 ours distinct<\/li>\n<li>Imprim\u00e9 givr\u00e9<\/li>\n<li>Tous les verres avec le m\u00eame imprim\u00e9<\/li>\n<li>Verre \u00e0 vin classique sans pied de style tulipe<\/li>\n<li>Parfait pour le vin rouge, le vin blanc, les cocktails et autres boissons<\/li>\n<li>Capacit\u00e9 : 12,85 oz \/ 380 ml<\/li>\n<\/ul>\n<p><img decoding=\"async\" src=\"https:\/\/gocuisivin.com\/gleengag\/2022\/03\/Icon-w_-Text_Made-in-Europe_1-scaled-e1647696362269.jpg\" alt=\"\" width=\"100\" height=\"100\" \/><img decoding=\"async\" src=\"https:\/\/gocuisivin.com\/gleengag\/2022\/03\/Icon-w_-Text_Lead-Free-Crystal_1-scaled-e1647696159460.jpg\" alt=\"\" width=\"100\" height=\"100\" \/><img decoding=\"async\" src=\"https:\/\/gocuisivin.com\/gleengag\/2022\/03\/Icon-w_-Text_Dishwasher-Safe_1-scaled-e1647696229552.jpg\" alt=\"\" width=\"100\" height=\"100\" \/><\/p>\n","protected":false},"featured_media":22568,"comment_status":"open","ping_status":"closed","template":"","meta":[],"pwb-brand":[1664],"product_brand":[],"product_cat":[1595,1573,1557],"product_tag":[1346,281,1008,1335,127,115,118],"class_list":{"0":"post-22566","1":"product","2":"type-product","3":"status-publish","4":"has-post-thumbnail","6":"pwb-brand-cuisivin-fr","7":"product_cat-decore","8":"product_cat-sans-tige","9":"product_cat-verrerie","10":"product_tag-380-ml-fr","11":"product_tag-cuisivin-fr","12":"product_tag-decore","13":"product_tag-ours-imprime","14":"product_tag-sans-tige","15":"product_tag-verre-de-vin","16":"product_tag-verrerie","18":"first","19":"instock","20":"taxable","21":"shipping-taxable","22":"purchasable","23":"product-type-simple"},"brands":[{"id":1664,"name":"Cuisivin","slug":"cuisivin-fr"}],"_links":{"self":[{"href":"https:\/\/gocuisivin.com\/fr\/wp-json\/wp\/v2\/product\/22566","targetHints":{"allow":["GET"]}}],"collection":[{"href":"https:\/\/gocuisivin.com\/fr\/wp-json\/wp\/v2\/product"}],"about":[{"href":"https:\/\/gocuisivin.com\/fr\/wp-json\/wp\/v2\/types\/product"}],"replies":[{"embeddable":true,"href":"https:\/\/gocuisivin.com\/fr\/wp-json\/wp\/v2\/comments?post=22566"}],"version-history":[{"count":1,"href":"https:\/\/gocuisivin.com\/fr\/wp-json\/wp\/v2\/product\/22566\/revisions"}],"predecessor-version":[{"id":24251,"href":"https:\/\/gocuisivin.com\/fr\/wp-json\/wp\/v2\/product\/22566\/revisions\/24251"}],"wp:featuredmedia":[{"embeddable":true,"href":"https:\/\/gocuisivin.com\/fr\/wp-json\/wp\/v2\/media\/22568"}],"wp:attachment":[{"href":"https:\/\/gocuisivin.com\/fr\/wp-json\/wp\/v2\/media?parent=22566"}],"wp:term":[{"taxonomy":"pwb-brand","embeddable":true,"href":"https:\/\/gocuisivin.com\/fr\/wp-json\/wp\/v2\/pwb-brand?post=22566"},{"taxonomy":"product_brand","embeddable":true,"href":"https:\/\/gocuisivin.com\/fr\/wp-json\/wp\/v2\/product_brand?post=22566"},{"taxonomy":"product_cat","embeddable":true,"href":"https:\/\/gocuisivin.com\/fr\/wp-json\/wp\/v2\/product_cat?post=22566"},{"taxonomy":"product_tag","embeddable":true,"href":"https:\/\/gocuisivin.com\/fr\/wp-json\/wp\/v2\/product_tag?post=22566"}],"curies":[{"name":"wp","href":"https:\/\/api.w.org\/{rel}","templated":true}]}}