{"id":22562,"date":"2022-03-10T10:41:46","date_gmt":"2022-03-10T10:41:46","guid":{"rendered":"https:\/\/gocuisivin.com\/product\/cuisivin-bear-print-verre-a-vin-paquet-de-6\/"},"modified":"2023-01-18T18:27:32","modified_gmt":"2023-01-18T18:27:32","slug":"cuisivin-bear-print-verre-a-vin-paquet-de-6","status":"publish","type":"product","link":"https:\/\/gocuisivin.com\/fr\/product\/cuisivin-bear-print-verre-a-vin-paquet-de-6\/","title":{"rendered":"Cuisivin Bear Print Verre \u00e0 vin \u2013 Paquet de 6"},"content":{"rendered":"<p>Inspir\u00e9 par la beaut\u00e9 naturelle et la faune du Canada, sirotez votre vin pr\u00e9f\u00e9r\u00e9 avec un imprim\u00e9 animal typiquement canadien. Bel imprim\u00e9 ours dans une couleur givr\u00e9e subtile. Verre cristal sans plomb, fabriqu\u00e9 en Europe, passe au lave-vaisselle.<\/p>\n","protected":false},"excerpt":{"rendered":"<p>&nbsp;<\/p>\n<ul>\n<li>Verre \u00e0 vin imprim\u00e9 ours distinct<\/li>\n<li>Imprim\u00e9 givr\u00e9<\/li>\n<li>Tous les verres avec le m\u00eame imprim\u00e9<\/li>\n<li>Verre \u00e0 vin classique de style tulipe<\/li>\n<li>Id\u00e9al pour le vin rouge et le vin blanc<\/li>\n<li>Capacit\u00e9 : 15,25 onces \/ 450 ml<\/li>\n<\/ul>\n<p><img decoding=\"async\" src=\"https:\/\/gocuisivin.com\/gleengag\/2022\/03\/Icon-w_-Text_Made-in-Europe_1-scaled-e1647696362269.jpg\" alt=\"\" width=\"100\" height=\"100\" \/><img decoding=\"async\" src=\"https:\/\/gocuisivin.com\/gleengag\/2022\/03\/Icon-w_-Text_Lead-Free-Crystal_1-scaled-e1647696159460.jpg\" alt=\"\" width=\"100\" height=\"100\" \/><img decoding=\"async\" src=\"https:\/\/gocuisivin.com\/gleengag\/2022\/03\/Icon-w_-Text_Fine-Rim_1-scaled-e1647696201810.jpg\" alt=\"\" width=\"100\" height=\"100\" \/><img loading=\"lazy\" decoding=\"async\" src=\"https:\/\/gocuisivin.com\/gleengag\/2022\/03\/Icon-w_-Text_Dishwasher-Safe_1-scaled-e1647696229552.jpg\" alt=\"\" width=\"100\" height=\"100\" \/><\/p>\n","protected":false},"featured_media":15946,"comment_status":"open","ping_status":"closed","template":"","meta":[],"pwb-brand":[1664],"product_brand":[],"product_cat":[1595,1557,1558],"product_tag":[1303,281,1008,1302,1343,115,118,116],"class_list":{"0":"post-22562","1":"product","2":"type-product","3":"status-publish","4":"has-post-thumbnail","6":"pwb-brand-cuisivin-fr","7":"product_cat-decore","8":"product_cat-verrerie","9":"product_cat-vin","10":"product_tag-450-ml-fr-2","11":"product_tag-cuisivin-fr","12":"product_tag-decore","13":"product_tag-style-tulipe","14":"product_tag-verre-a-vin-imprime-ours","15":"product_tag-verre-de-vin","16":"product_tag-verrerie","17":"product_tag-vin","19":"first","20":"instock","21":"taxable","22":"shipping-taxable","23":"purchasable","24":"product-type-simple"},"brands":[{"id":1664,"name":"Cuisivin","slug":"cuisivin-fr"}],"_links":{"self":[{"href":"https:\/\/gocuisivin.com\/fr\/wp-json\/wp\/v2\/product\/22562","targetHints":{"allow":["GET"]}}],"collection":[{"href":"https:\/\/gocuisivin.com\/fr\/wp-json\/wp\/v2\/product"}],"about":[{"href":"https:\/\/gocuisivin.com\/fr\/wp-json\/wp\/v2\/types\/product"}],"replies":[{"embeddable":true,"href":"https:\/\/gocuisivin.com\/fr\/wp-json\/wp\/v2\/comments?post=22562"}],"version-history":[{"count":1,"href":"https:\/\/gocuisivin.com\/fr\/wp-json\/wp\/v2\/product\/22562\/revisions"}],"predecessor-version":[{"id":24256,"href":"https:\/\/gocuisivin.com\/fr\/wp-json\/wp\/v2\/product\/22562\/revisions\/24256"}],"wp:featuredmedia":[{"embeddable":true,"href":"https:\/\/gocuisivin.com\/fr\/wp-json\/wp\/v2\/media\/15946"}],"wp:attachment":[{"href":"https:\/\/gocuisivin.com\/fr\/wp-json\/wp\/v2\/media?parent=22562"}],"wp:term":[{"taxonomy":"pwb-brand","embeddable":true,"href":"https:\/\/gocuisivin.com\/fr\/wp-json\/wp\/v2\/pwb-brand?post=22562"},{"taxonomy":"product_brand","embeddable":true,"href":"https:\/\/gocuisivin.com\/fr\/wp-json\/wp\/v2\/product_brand?post=22562"},{"taxonomy":"product_cat","embeddable":true,"href":"https:\/\/gocuisivin.com\/fr\/wp-json\/wp\/v2\/product_cat?post=22562"},{"taxonomy":"product_tag","embeddable":true,"href":"https:\/\/gocuisivin.com\/fr\/wp-json\/wp\/v2\/product_tag?post=22562"}],"curies":[{"name":"wp","href":"https:\/\/api.w.org\/{rel}","templated":true}]}}