{"id":22561,"date":"2022-03-10T10:57:00","date_gmt":"2022-03-10T10:57:00","guid":{"rendered":"https:\/\/gocuisivin.com\/product\/verre-a-vin-sans-pied-geometrique-animal-de-cuisivin-paquet-de-4\/"},"modified":"2023-01-18T18:14:06","modified_gmt":"2023-01-18T18:14:06","slug":"verre-a-vin-sans-pied-geometrique-animal-de-cuisivin-paquet-de-4","status":"publish","type":"product","link":"https:\/\/gocuisivin.com\/fr\/product\/verre-a-vin-sans-pied-geometrique-animal-de-cuisivin-paquet-de-4\/","title":{"rendered":"Verre \u00e0 vin sans pied g\u00e9om\u00e9trique Animal de Cuisivin &#8211; Paquet de 4"},"content":{"rendered":"<p>Verre \u00e0 vin classique sans pied avec imprim\u00e9s g\u00e9om\u00e9triques contemporains d&#8217;animaux. La base du verre a un divot parfait pour tourbillonner. Grande capacit\u00e9 de 18 oz \/ 532 ml &#8211; parfaite pour le vin, les cocktails et toutes vos boissons pr\u00e9f\u00e9r\u00e9es. Magnifiquement coffret cadeau \u00e0 un prix avantageux ! Fabriqu\u00e9 en Europe, cristal sans plomb.<\/p>\n","protected":false},"excerpt":{"rendered":"<p>&nbsp;<\/p>\n<ul>\n<li>Ic\u00f4nes g\u00e9om\u00e9triques modernes d&#8217;identification d&#8217;animaux &#8211; impression noire<\/li>\n<li>Chaque verre avec une impression diff\u00e9rente : hibou, cerf, ours, loup<\/li>\n<li>Verre \u00e0 vin universel sans pied<\/li>\n<li>La base du verre a un divot parfait pour tourbillonner<\/li>\n<li>Capacit\u00e9 : 18 oz \/ 532 ml<\/li>\n<li>Coffret cadeau &#8211; parfait pour offrir en cadeau<\/li>\n<\/ul>\n<p><img decoding=\"async\" src=\"https:\/\/gocuisivin.com\/gleengag\/2022\/03\/Icon-w_-Text_Made-in-Europe_1-scaled-e1647696362269.jpg\" alt=\"\" width=\"100\" height=\"100\" \/><img decoding=\"async\" src=\"https:\/\/gocuisivin.com\/gleengag\/2022\/03\/Icon-w_-Text_Lead-Free-Crystal_1-scaled-e1647696159460.jpg\" alt=\"\" width=\"100\" height=\"100\" \/><img decoding=\"async\" src=\"https:\/\/gocuisivin.com\/gleengag\/2022\/03\/Icon-w_-Text_Handwash_1.jpg\" alt=\"\" width=\"100\" height=\"100\" \/><\/p>\n","protected":false},"featured_media":15803,"comment_status":"open","ping_status":"closed","template":"","meta":[],"pwb-brand":[1664],"product_brand":[],"product_cat":[1595,1573,1557],"product_tag":[1380,1377,281,1008,1379,1378,127,118],"class_list":{"0":"post-22561","1":"product","2":"type-product","3":"status-publish","4":"has-post-thumbnail","6":"pwb-brand-cuisivin-fr","7":"product_cat-decore","8":"product_cat-sans-tige","9":"product_cat-verrerie","10":"product_tag-532-ml-fr","11":"product_tag-animal-sans-tige","12":"product_tag-cuisivin-fr","13":"product_tag-decore","14":"product_tag-geometrique","15":"product_tag-icones-didentification-danimaux","16":"product_tag-sans-tige","17":"product_tag-verrerie","19":"first","20":"outofstock","21":"taxable","22":"shipping-taxable","23":"purchasable","24":"product-type-simple"},"brands":[{"id":1664,"name":"Cuisivin","slug":"cuisivin-fr"}],"_links":{"self":[{"href":"https:\/\/gocuisivin.com\/fr\/wp-json\/wp\/v2\/product\/22561","targetHints":{"allow":["GET"]}}],"collection":[{"href":"https:\/\/gocuisivin.com\/fr\/wp-json\/wp\/v2\/product"}],"about":[{"href":"https:\/\/gocuisivin.com\/fr\/wp-json\/wp\/v2\/types\/product"}],"replies":[{"embeddable":true,"href":"https:\/\/gocuisivin.com\/fr\/wp-json\/wp\/v2\/comments?post=22561"}],"version-history":[{"count":1,"href":"https:\/\/gocuisivin.com\/fr\/wp-json\/wp\/v2\/product\/22561\/revisions"}],"predecessor-version":[{"id":24250,"href":"https:\/\/gocuisivin.com\/fr\/wp-json\/wp\/v2\/product\/22561\/revisions\/24250"}],"wp:featuredmedia":[{"embeddable":true,"href":"https:\/\/gocuisivin.com\/fr\/wp-json\/wp\/v2\/media\/15803"}],"wp:attachment":[{"href":"https:\/\/gocuisivin.com\/fr\/wp-json\/wp\/v2\/media?parent=22561"}],"wp:term":[{"taxonomy":"pwb-brand","embeddable":true,"href":"https:\/\/gocuisivin.com\/fr\/wp-json\/wp\/v2\/pwb-brand?post=22561"},{"taxonomy":"product_brand","embeddable":true,"href":"https:\/\/gocuisivin.com\/fr\/wp-json\/wp\/v2\/product_brand?post=22561"},{"taxonomy":"product_cat","embeddable":true,"href":"https:\/\/gocuisivin.com\/fr\/wp-json\/wp\/v2\/product_cat?post=22561"},{"taxonomy":"product_tag","embeddable":true,"href":"https:\/\/gocuisivin.com\/fr\/wp-json\/wp\/v2\/product_tag?post=22561"}],"curies":[{"name":"wp","href":"https:\/\/api.w.org\/{rel}","templated":true}]}}