{"id":22560,"date":"2022-03-10T10:57:01","date_gmt":"2022-03-10T10:57:01","guid":{"rendered":"https:\/\/gocuisivin.com\/product\/entonnoir-en-cristal-eisch-avec-passoire\/"},"modified":"2023-01-18T18:08:22","modified_gmt":"2023-01-18T18:08:22","slug":"entonnoir-en-cristal-eisch-avec-passoire","status":"publish","type":"product","link":"https:\/\/gocuisivin.com\/fr\/product\/entonnoir-en-cristal-eisch-avec-passoire\/","title":{"rendered":"Entonnoir en cristal Eisch avec passoire"},"content":{"rendered":"<p>Cet entonnoir en cristal fabriqu\u00e9 \u00e0 la main par Eisch comprend une passoire int\u00e9gr\u00e9e unique en verre concass\u00e9 et compact\u00e9. La passoire filtre les s\u00e9diments ind\u00e9sirables, tout en diffusant le vin avant qu&#8217;il ne soit canalis\u00e9 \u00e0 travers les fentes d&#8217;\u00e9vasement pour aider \u00e0 a\u00e9rer le vin. L&#8217;action d&#8217;\u00e9vasement \u00e0 l&#8217;int\u00e9rieur de la carafe maximise le contact entre le vin et l&#8217;oxyg\u00e8ne atmosph\u00e9rique pour acc\u00e9l\u00e9rer l&#8217;a\u00e9ration et faire ressortir la saveur optimale d&#8217;un vin. Convient \u00e0 la plupart des carafes \u00e0 fond plat.<\/p>\n","protected":false},"excerpt":{"rendered":"<p>&nbsp;<\/p>\n<ul>\n<li>Entonnoir en cristal avec cr\u00e9pine int\u00e9gr\u00e9e<\/li>\n<li>Passoire en verre concass\u00e9 et compact\u00e9 pour filtrer les particules au fur et \u00e0 mesure que le vin est vers\u00e9<\/li>\n<li>Cristal sans plomb fait \u00e0 la main<\/li>\n<li>A\u00e8re au fur et \u00e0 mesure que le vin est diffus\u00e9 et \u00e9vas\u00e9 en carafe<\/li>\n<li>Compatible avec la plupart des carafes \u00e0 fond plat et \u00e0 goulot plat (n&#8217;inclut pas la carafe)<\/li>\n<li>Hauteur : 7,9&#8243; \/ 200,66 mm<\/li>\n<\/ul>\n<p><img decoding=\"async\" src=\"https:\/\/gocuisivin.com\/gleengag\/2022\/03\/Icon-w_-Text_Made-in-Germany_1.jpg\" alt=\"\" width=\"100\" height=\"100\" \/><img decoding=\"async\" src=\"https:\/\/gocuisivin.com\/gleengag\/2022\/03\/Icon-w_-Text_Lead-Free-Crystal_1-scaled-e1647696159460.jpg\" alt=\"\" width=\"100\" height=\"100\" \/><img decoding=\"async\" src=\"https:\/\/gocuisivin.com\/gleengag\/2022\/03\/Icon-w_-Text_Handmade_1.jpg\" alt=\"\" width=\"100\" height=\"100\" \/><img loading=\"lazy\" decoding=\"async\" src=\"https:\/\/gocuisivin.com\/gleengag\/2022\/03\/Icon-w_-Text_Handwash_1.jpg\" alt=\"\" width=\"100\" height=\"100\" \/><\/p>\n","protected":false},"featured_media":15833,"comment_status":"open","ping_status":"closed","template":"","meta":[],"pwb-brand":[1667],"product_brand":[],"product_cat":[1565,1590],"product_tag":[1002,1364,121,1367,1368],"class_list":{"0":"post-22560","1":"product","2":"type-product","3":"status-publish","4":"has-post-thumbnail","6":"pwb-brand-eisch-fr","7":"product_cat-accessoires-pour-le-vin-et-le-bar","8":"product_cat-aerateurs-et-entonnoirs","9":"product_tag-accessoires-pour-le-vin-et-le-bar","10":"product_tag-aerateurs-et-entonnoirs","11":"product_tag-eisch-fr","12":"product_tag-entonnoir-de-cristal","13":"product_tag-passoire","15":"first","16":"instock","17":"taxable","18":"shipping-taxable","19":"purchasable","20":"product-type-simple"},"brands":[{"id":1667,"name":"Eisch","slug":"eisch-fr"}],"_links":{"self":[{"href":"https:\/\/gocuisivin.com\/fr\/wp-json\/wp\/v2\/product\/22560","targetHints":{"allow":["GET"]}}],"collection":[{"href":"https:\/\/gocuisivin.com\/fr\/wp-json\/wp\/v2\/product"}],"about":[{"href":"https:\/\/gocuisivin.com\/fr\/wp-json\/wp\/v2\/types\/product"}],"replies":[{"embeddable":true,"href":"https:\/\/gocuisivin.com\/fr\/wp-json\/wp\/v2\/comments?post=22560"}],"version-history":[{"count":1,"href":"https:\/\/gocuisivin.com\/fr\/wp-json\/wp\/v2\/product\/22560\/revisions"}],"predecessor-version":[{"id":24245,"href":"https:\/\/gocuisivin.com\/fr\/wp-json\/wp\/v2\/product\/22560\/revisions\/24245"}],"wp:featuredmedia":[{"embeddable":true,"href":"https:\/\/gocuisivin.com\/fr\/wp-json\/wp\/v2\/media\/15833"}],"wp:attachment":[{"href":"https:\/\/gocuisivin.com\/fr\/wp-json\/wp\/v2\/media?parent=22560"}],"wp:term":[{"taxonomy":"pwb-brand","embeddable":true,"href":"https:\/\/gocuisivin.com\/fr\/wp-json\/wp\/v2\/pwb-brand?post=22560"},{"taxonomy":"product_brand","embeddable":true,"href":"https:\/\/gocuisivin.com\/fr\/wp-json\/wp\/v2\/product_brand?post=22560"},{"taxonomy":"product_cat","embeddable":true,"href":"https:\/\/gocuisivin.com\/fr\/wp-json\/wp\/v2\/product_cat?post=22560"},{"taxonomy":"product_tag","embeddable":true,"href":"https:\/\/gocuisivin.com\/fr\/wp-json\/wp\/v2\/product_tag?post=22560"}],"curies":[{"name":"wp","href":"https:\/\/api.w.org\/{rel}","templated":true}]}}