{"id":22555,"date":"2022-03-10T10:57:01","date_gmt":"2022-03-10T10:57:01","guid":{"rendered":"https:\/\/gocuisivin.com\/product\/eisch-bouquet-etoile\/"},"modified":"2023-01-18T18:07:39","modified_gmt":"2023-01-18T18:07:39","slug":"eisch-bouquet-etoile","status":"publish","type":"product","link":"https:\/\/gocuisivin.com\/fr\/product\/eisch-bouquet-etoile\/","title":{"rendered":"Eisch Bouquet Etoile"},"content":{"rendered":"<p>Le Bouquet Star est un a\u00e9rateur de conception unique qui s&#8217;ins\u00e8re dans la bouche des carafes traditionnelles \u00e0 fond plat et \u00e0 bouche plate. Au fur et \u00e0 mesure que le vin est vers\u00e9, il est agit\u00e9 et \u00e9vas\u00e9 \u00e0 l&#8217;int\u00e9rieur de la carafe, maximisant le contact entre le vin et l&#8217;oxyg\u00e8ne atmosph\u00e9rique pour acc\u00e9l\u00e9rer l&#8217;a\u00e9ration et faire ressortir la saveur optimale d&#8217;un vin. Cristal allemand sans plomb.<\/p>\n","protected":false},"excerpt":{"rendered":"<p>&nbsp;<\/p>\n<ul>\n<li>L&#8217;a\u00e9rateur de d\u00e9canteur unique s&#8217;\u00e9vase \u00e0 l&#8217;int\u00e9rieur de la carafe au fur et \u00e0 mesure qu&#8217;il est vers\u00e9<\/li>\n<li>Maximise le contact entre le vin et l&#8217;oxyg\u00e8ne pour acc\u00e9l\u00e9rer l&#8217;a\u00e9ration<\/li>\n<li>Cristal sans plomb<\/li>\n<li>Compatible avec la plupart des carafes \u00e0 fond plat et \u00e0 goulot plat (n&#8217;inclut pas la carafe)<\/li>\n<li>Hauteur\u00a0:\u00a04,3&#8243; \/ 109,22\u00a0mm<\/li>\n<\/ul>\n<p><img decoding=\"async\" src=\"https:\/\/gocuisivin.com\/gleengag\/2022\/03\/Icon-w_-Text_Made-in-Germany_1.jpg\" alt=\"\" width=\"100\" height=\"100\" \/><img decoding=\"async\" src=\"https:\/\/gocuisivin.com\/gleengag\/2022\/03\/Icon-w_-Text_Lead-Free-Crystal_1-scaled-e1647696159460.jpg\" alt=\"\" width=\"100\" height=\"100\" \/><img decoding=\"async\" src=\"https:\/\/gocuisivin.com\/gleengag\/2022\/03\/Icon-w_-Text_Handwash_1.jpg\" alt=\"\" width=\"100\" height=\"100\" \/><\/p>\n","protected":false},"featured_media":15836,"comment_status":"open","ping_status":"closed","template":"","meta":[],"pwb-brand":[1667],"product_brand":[],"product_cat":[1565,1590],"product_tag":[1002,1364,518,1366,121],"class_list":{"0":"post-22555","1":"product","2":"type-product","3":"status-publish","4":"has-post-thumbnail","6":"pwb-brand-eisch-fr","7":"product_cat-accessoires-pour-le-vin-et-le-bar","8":"product_cat-aerateurs-et-entonnoirs","9":"product_tag-accessoires-pour-le-vin-et-le-bar","10":"product_tag-aerateurs-et-entonnoirs","11":"product_tag-bouquet-fr","12":"product_tag-bouquet-etoile","13":"product_tag-eisch-fr","15":"first","16":"instock","17":"taxable","18":"shipping-taxable","19":"purchasable","20":"product-type-simple"},"brands":[{"id":1667,"name":"Eisch","slug":"eisch-fr"}],"_links":{"self":[{"href":"https:\/\/gocuisivin.com\/fr\/wp-json\/wp\/v2\/product\/22555","targetHints":{"allow":["GET"]}}],"collection":[{"href":"https:\/\/gocuisivin.com\/fr\/wp-json\/wp\/v2\/product"}],"about":[{"href":"https:\/\/gocuisivin.com\/fr\/wp-json\/wp\/v2\/types\/product"}],"replies":[{"embeddable":true,"href":"https:\/\/gocuisivin.com\/fr\/wp-json\/wp\/v2\/comments?post=22555"}],"version-history":[{"count":1,"href":"https:\/\/gocuisivin.com\/fr\/wp-json\/wp\/v2\/product\/22555\/revisions"}],"predecessor-version":[{"id":24244,"href":"https:\/\/gocuisivin.com\/fr\/wp-json\/wp\/v2\/product\/22555\/revisions\/24244"}],"wp:featuredmedia":[{"embeddable":true,"href":"https:\/\/gocuisivin.com\/fr\/wp-json\/wp\/v2\/media\/15836"}],"wp:attachment":[{"href":"https:\/\/gocuisivin.com\/fr\/wp-json\/wp\/v2\/media?parent=22555"}],"wp:term":[{"taxonomy":"pwb-brand","embeddable":true,"href":"https:\/\/gocuisivin.com\/fr\/wp-json\/wp\/v2\/pwb-brand?post=22555"},{"taxonomy":"product_brand","embeddable":true,"href":"https:\/\/gocuisivin.com\/fr\/wp-json\/wp\/v2\/product_brand?post=22555"},{"taxonomy":"product_cat","embeddable":true,"href":"https:\/\/gocuisivin.com\/fr\/wp-json\/wp\/v2\/product_cat?post=22555"},{"taxonomy":"product_tag","embeddable":true,"href":"https:\/\/gocuisivin.com\/fr\/wp-json\/wp\/v2\/product_tag?post=22555"}],"curies":[{"name":"wp","href":"https:\/\/api.w.org\/{rel}","templated":true}]}}