{"id":22553,"date":"2022-03-14T07:16:52","date_gmt":"2022-03-14T07:16:52","guid":{"rendered":"https:\/\/gocuisivin.com\/product\/ensemble-de-verres-a-whisky-eisch-hamilton-paquet-de-2\/"},"modified":"2023-01-18T18:00:05","modified_gmt":"2023-01-18T18:00:05","slug":"ensemble-de-verres-a-whisky-eisch-hamilton-paquet-de-2","status":"publish","type":"product","link":"https:\/\/gocuisivin.com\/fr\/product\/ensemble-de-verres-a-whisky-eisch-hamilton-paquet-de-2\/","title":{"rendered":"Ensemble de verres \u00e0 whisky Eisch Hamilton &#8211; Paquet de 2"},"content":{"rendered":"<p>Au cours des 100 derni\u00e8res ann\u00e9es, Eisch a cr\u00e9\u00e9 des conceptions et des techniques de fabrication innovantes pour devenir un producteur de verre prim\u00e9 \u00e0 plusieurs reprises en Allemagne. Les verres \u00e0 whisky Hamilton sont un impressionnant verre fait \u00e0 la main. Le motif \u00ab\u00a0on the rocks\u00a0\u00bb est un motif de roche grav\u00e9 artisanalement qui entoure la base lourde du verre. Un ajout parfait \u00e0 un bar \u00e0 la maison ou \u00e0 un cadeau pour un amateur de whisky.<\/p>\n","protected":false},"excerpt":{"rendered":"<p>&nbsp;<\/p>\n<ul>\n<li>Motif \u00ab\u00a0roches\u00a0\u00bb grav\u00e9 \u00e0 la main<\/li>\n<li>Forme classique avec une base lourde<\/li>\n<li>Brillamment clair avec un bord fin<\/li>\n<li>Cristal sans plomb allemand<\/li>\n<li>Capacit\u00e9 : 14,1 oz \/ 420 ml ; Hauteur\u00a0:\u00a03,7&#8243;\/93,98\u00a0mm<\/li>\n<li>2 tubes cadeau<\/li>\n<\/ul>\n<p><img decoding=\"async\" src=\"https:\/\/gocuisivin.com\/gleengag\/2022\/03\/Icon-w_-Text_Made-in-Germany_1.jpg\" alt=\"\" width=\"100\" height=\"100\" \/><img decoding=\"async\" src=\"https:\/\/gocuisivin.com\/gleengag\/2022\/03\/Icon-w_-Text_Lead-Free-Crystal_1-scaled-e1647696159460.jpg\" alt=\"\" width=\"100\" height=\"100\" \/><img decoding=\"async\" src=\"https:\/\/gocuisivin.com\/gleengag\/2022\/03\/Icon-w_-Text_Handmade_1.jpg\" alt=\"\" width=\"100\" height=\"100\" \/><img loading=\"lazy\" decoding=\"async\" src=\"https:\/\/gocuisivin.com\/gleengag\/2022\/03\/Icon-w_-Text_Fine-Rim_1-scaled-e1647696201810.jpg\" alt=\"\" width=\"100\" height=\"100\" \/><img loading=\"lazy\" decoding=\"async\" src=\"https:\/\/gocuisivin.com\/gleengag\/2022\/03\/Icon-w_-Text_Dishwasher-Safe_1-scaled-e1647696229552.jpg\" alt=\"\" width=\"100\" height=\"100\" \/><\/p>\n","protected":false},"featured_media":13342,"comment_status":"open","ping_status":"closed","template":"","meta":[],"pwb-brand":[1667],"product_brand":[],"product_cat":[525,1557,1559],"product_tag":[291,121,1150,312,1149,278,120,527],"class_list":{"0":"post-22553","1":"product","2":"type-product","3":"status-publish","4":"has-post-thumbnail","6":"pwb-brand-eisch-fr","7":"product_cat-cocktail-fr","8":"product_cat-verrerie","9":"product_cat-whisky-spiritueux","10":"product_tag-cocktail-fr","11":"product_tag-eisch-fr","12":"product_tag-ensemble-de-verre","13":"product_tag-ensemble-de-verres-a-whisky","14":"product_tag-hamilton-fr","15":"product_tag-un-verre","16":"product_tag-whisky-fr","17":"product_tag-whisky-spiritueux-fr","19":"first","20":"instock","21":"taxable","22":"shipping-taxable","23":"purchasable","24":"product-type-simple"},"brands":[{"id":1667,"name":"Eisch","slug":"eisch-fr"}],"_links":{"self":[{"href":"https:\/\/gocuisivin.com\/fr\/wp-json\/wp\/v2\/product\/22553","targetHints":{"allow":["GET"]}}],"collection":[{"href":"https:\/\/gocuisivin.com\/fr\/wp-json\/wp\/v2\/product"}],"about":[{"href":"https:\/\/gocuisivin.com\/fr\/wp-json\/wp\/v2\/types\/product"}],"replies":[{"embeddable":true,"href":"https:\/\/gocuisivin.com\/fr\/wp-json\/wp\/v2\/comments?post=22553"}],"version-history":[{"count":1,"href":"https:\/\/gocuisivin.com\/fr\/wp-json\/wp\/v2\/product\/22553\/revisions"}],"predecessor-version":[{"id":24240,"href":"https:\/\/gocuisivin.com\/fr\/wp-json\/wp\/v2\/product\/22553\/revisions\/24240"}],"wp:featuredmedia":[{"embeddable":true,"href":"https:\/\/gocuisivin.com\/fr\/wp-json\/wp\/v2\/media\/13342"}],"wp:attachment":[{"href":"https:\/\/gocuisivin.com\/fr\/wp-json\/wp\/v2\/media?parent=22553"}],"wp:term":[{"taxonomy":"pwb-brand","embeddable":true,"href":"https:\/\/gocuisivin.com\/fr\/wp-json\/wp\/v2\/pwb-brand?post=22553"},{"taxonomy":"product_brand","embeddable":true,"href":"https:\/\/gocuisivin.com\/fr\/wp-json\/wp\/v2\/product_brand?post=22553"},{"taxonomy":"product_cat","embeddable":true,"href":"https:\/\/gocuisivin.com\/fr\/wp-json\/wp\/v2\/product_cat?post=22553"},{"taxonomy":"product_tag","embeddable":true,"href":"https:\/\/gocuisivin.com\/fr\/wp-json\/wp\/v2\/product_tag?post=22553"}],"curies":[{"name":"wp","href":"https:\/\/api.w.org\/{rel}","templated":true}]}}