{"id":22547,"date":"2022-03-14T08:13:10","date_gmt":"2022-03-14T08:13:10","guid":{"rendered":"https:\/\/gocuisivin.com\/product\/emporte-pieces-de-noel-pavoni\/"},"modified":"2023-01-18T17:40:55","modified_gmt":"2023-01-18T17:40:55","slug":"emporte-pieces-de-noel-pavoni","status":"publish","type":"product","link":"https:\/\/gocuisivin.com\/fr\/product\/emporte-pieces-de-noel-pavoni\/","title":{"rendered":"Emporte-pi\u00e8ces de No\u00ebl Pavoni"},"content":{"rendered":"<p>L&#8217;ensemble d&#8217;emporte-pi\u00e8ces de No\u00ebl Pavoni comprend 2 unit\u00e9s chacune des 6 formes festives diff\u00e9rentes. Cr\u00e9ez des biscuits de vacances classiques ou utilisez-les comme n\u00e9gatifs pour un look distinctif. Lave-vaisselle. Lib\u00e9rez la cr\u00e9ativit\u00e9 et le flair de votre boulanger int\u00e9rieur avec Pavoni Italia !<\/p>\n","protected":false},"excerpt":{"rendered":"<p>&nbsp;<\/p>\n<ul>\n<li>L&#8217;ensemble comprend 12 emporte-pi\u00e8ces sur le th\u00e8me de No\u00ebl<\/li>\n<li>Taille de la fraise\u00a0: ~ 2,8&#8243; x 2,8&#8243; x 0,8&#8243; H<\/li>\n<li>Couleur : rouge et vert<\/li>\n<li>2 de chaque forme : arbre, cloche, c\u0153ur, \u00e9toile, bonhomme de neige et bonhomme en pain d&#8217;\u00e9pice<\/li>\n<li>Joliment emball\u00e9 avec un livret d&#8217;instructions et des recettes inspirantes<\/li>\n<\/ul>\n<p><img decoding=\"async\" src=\"https:\/\/gocuisivin.com\/gleengag\/2022\/03\/Icon-w_-Text_BPA-Free_1.jpg\" alt=\"\" width=\"100\" height=\"100\" \/><img decoding=\"async\" src=\"https:\/\/gocuisivin.com\/gleengag\/2022\/03\/Icon-w_-Text_Dishwasher-Safe_1-scaled-e1647696229552.jpg\" alt=\"\" width=\"100\" height=\"100\" \/><\/p>\n","protected":false},"featured_media":15090,"comment_status":"open","ping_status":"closed","template":"","meta":[],"pwb-brand":[1674],"product_brand":[],"product_cat":[1567,1588],"product_tag":[550,551,552,553,504,516,517],"class_list":{"0":"post-22547","1":"product","2":"type-product","3":"status-publish","4":"has-post-thumbnail","6":"pwb-brand-pavoni-fr","7":"product_cat-cuisine","8":"product_cat-ustensiles-de-cuisson","9":"product_tag-christmas-fr","10":"product_tag-christmas-cookie-cutters-fr","11":"product_tag-cookie-fr","12":"product_tag-cookie-cutters-fr","13":"product_tag-cuisine","14":"product_tag-pavoni-fr","15":"product_tag-ustensiles-de-cuisson","17":"first","18":"instock","19":"taxable","20":"shipping-taxable","21":"purchasable","22":"product-type-simple"},"brands":[{"id":1674,"name":"Pavoni","slug":"pavoni-fr"}],"_links":{"self":[{"href":"https:\/\/gocuisivin.com\/fr\/wp-json\/wp\/v2\/product\/22547","targetHints":{"allow":["GET"]}}],"collection":[{"href":"https:\/\/gocuisivin.com\/fr\/wp-json\/wp\/v2\/product"}],"about":[{"href":"https:\/\/gocuisivin.com\/fr\/wp-json\/wp\/v2\/types\/product"}],"replies":[{"embeddable":true,"href":"https:\/\/gocuisivin.com\/fr\/wp-json\/wp\/v2\/comments?post=22547"}],"version-history":[{"count":1,"href":"https:\/\/gocuisivin.com\/fr\/wp-json\/wp\/v2\/product\/22547\/revisions"}],"predecessor-version":[{"id":24230,"href":"https:\/\/gocuisivin.com\/fr\/wp-json\/wp\/v2\/product\/22547\/revisions\/24230"}],"wp:featuredmedia":[{"embeddable":true,"href":"https:\/\/gocuisivin.com\/fr\/wp-json\/wp\/v2\/media\/15090"}],"wp:attachment":[{"href":"https:\/\/gocuisivin.com\/fr\/wp-json\/wp\/v2\/media?parent=22547"}],"wp:term":[{"taxonomy":"pwb-brand","embeddable":true,"href":"https:\/\/gocuisivin.com\/fr\/wp-json\/wp\/v2\/pwb-brand?post=22547"},{"taxonomy":"product_brand","embeddable":true,"href":"https:\/\/gocuisivin.com\/fr\/wp-json\/wp\/v2\/product_brand?post=22547"},{"taxonomy":"product_cat","embeddable":true,"href":"https:\/\/gocuisivin.com\/fr\/wp-json\/wp\/v2\/product_cat?post=22547"},{"taxonomy":"product_tag","embeddable":true,"href":"https:\/\/gocuisivin.com\/fr\/wp-json\/wp\/v2\/product_tag?post=22547"}],"curies":[{"name":"wp","href":"https:\/\/api.w.org\/{rel}","templated":true}]}}