{"id":22546,"date":"2022-03-14T08:13:12","date_gmt":"2022-03-14T08:13:12","guid":{"rendered":"https:\/\/gocuisivin.com\/product\/poele-a-frire-geante-professionnelle-pensofal-platino-32cm-12-6\/"},"modified":"2023-01-18T17:36:05","modified_gmt":"2023-01-18T17:36:05","slug":"poele-a-frire-geante-professionnelle-pensofal-platino-32cm-12-6","status":"publish","type":"product","link":"https:\/\/gocuisivin.com\/fr\/product\/poele-a-frire-geante-professionnelle-pensofal-platino-32cm-12-6\/","title":{"rendered":"Po\u00eale \u00e0 frire g\u00e9ante professionnelle Pensofal Platino 32cm \/ 12.6&#8243;"},"content":{"rendered":"<p>La po\u00eale \u00e0 frire Platino Jumbo est dot\u00e9e du rev\u00eatement Bioceramix\u00ae de Pensofal et du \u00abdouble fond\u00bb brevet\u00e9 en Inox. Bioceramix\u00ae est un renfort c\u00e9ramique exclusif qui offre des performances durables, antiadh\u00e9sives et \u00e0 haute temp\u00e9rature. Le rev\u00eatement est PFOA, sans cadmium et sans plomb. La plaque en acier inoxydable Inox brevet\u00e9e est encastr\u00e9e dans le fond en aluminium. Il favorise une r\u00e9partition uniforme de la chaleur et convient \u00e0 toutes les plaques de cuisson, y compris l&#8217;induction. Lave-vaisselle.<\/p>\n","protected":false},"excerpt":{"rendered":"<p>&nbsp;<\/p>\n<ul>\n<li>Bioceramix\u00ae &#8211; le renfort en c\u00e9ramique exclusif combine les avantages des ustensiles de cuisine traditionnels antiadh\u00e9sifs et en c\u00e9ramique offrant des performances durables, antiadh\u00e9sives et \u00e0 haute temp\u00e9rature<\/li>\n<li>Corps en aluminium, sans PFOA, sans plomb ni cadmium<\/li>\n<li>Le double fond int\u00e9gr\u00e9 en acier inoxydable Inox offre une meilleure conductivit\u00e9<\/li>\n<li>Convient pour : induction, gaz, \u00e9lectrique, c\u00e9ramique, halog\u00e8ne, lave-vaisselle<\/li>\n<li>Sans PFOA, sans plomb ni cadmium<\/li>\n<li>Poign\u00e9e en acier inoxydable<\/li>\n<\/ul>\n<p><img decoding=\"async\" src=\"https:\/\/gocuisivin.com\/gleengag\/2022\/03\/Icon-w_-Text_Made-in-Italy_1.jpg\" alt=\"\" width=\"100\" height=\"100\" \/><img decoding=\"async\" src=\"https:\/\/gocuisivin.com\/gleengag\/2022\/03\/Icon-w_-Text_PFOA-Freee_1.jpg\" alt=\"\" width=\"100\" height=\"100\" \/><img decoding=\"async\" src=\"https:\/\/gocuisivin.com\/gleengag\/2022\/03\/Icon-w_-Text_Induction_1.jpg\" alt=\"\" width=\"100\" height=\"100\" \/><img loading=\"lazy\" decoding=\"async\" src=\"https:\/\/gocuisivin.com\/gleengag\/2022\/03\/Icon-w_-Text_Gas.jpg\" alt=\"\" width=\"100\" height=\"100\" \/><img loading=\"lazy\" decoding=\"async\" src=\"https:\/\/gocuisivin.com\/gleengag\/2022\/03\/Icon-w_-Text_Ceramic_1.jpg\" alt=\"\" width=\"100\" height=\"100\" \/><img loading=\"lazy\" decoding=\"async\" src=\"https:\/\/gocuisivin.com\/gleengag\/2022\/03\/Icon-w_-Text_Dishwasher-Safe_1-scaled-e1647696229552.jpg\" alt=\"\" width=\"100\" height=\"100\" \/><\/p>\n","protected":false},"featured_media":15239,"comment_status":"open","ping_status":"closed","template":"","meta":[],"pwb-brand":[1675],"product_brand":[],"product_cat":[1569,1567],"product_tag":[1482,509,506,504,507,508,520,1481,521],"class_list":{"0":"post-22546","1":"product","2":"type-product","3":"status-publish","4":"has-post-thumbnail","6":"pwb-brand-pensofal-fr","7":"product_cat-batterie-de-cuisine","8":"product_cat-cuisine","9":"product_tag-32cm-fr","10":"product_tag-batterie-de-cuisine","11":"product_tag-bioceramix-fr","12":"product_tag-cuisine","13":"product_tag-pensofal-fr","14":"product_tag-platino-fr","15":"product_tag-poele-a-frire","16":"product_tag-poele-a-frire-32cm","17":"product_tag-poele-a-frire-geante","19":"first","20":"instock","21":"taxable","22":"shipping-taxable","23":"purchasable","24":"product-type-simple"},"brands":[{"id":1675,"name":"Pensofal","slug":"pensofal-fr"}],"_links":{"self":[{"href":"https:\/\/gocuisivin.com\/fr\/wp-json\/wp\/v2\/product\/22546","targetHints":{"allow":["GET"]}}],"collection":[{"href":"https:\/\/gocuisivin.com\/fr\/wp-json\/wp\/v2\/product"}],"about":[{"href":"https:\/\/gocuisivin.com\/fr\/wp-json\/wp\/v2\/types\/product"}],"replies":[{"embeddable":true,"href":"https:\/\/gocuisivin.com\/fr\/wp-json\/wp\/v2\/comments?post=22546"}],"version-history":[{"count":1,"href":"https:\/\/gocuisivin.com\/fr\/wp-json\/wp\/v2\/product\/22546\/revisions"}],"predecessor-version":[{"id":24224,"href":"https:\/\/gocuisivin.com\/fr\/wp-json\/wp\/v2\/product\/22546\/revisions\/24224"}],"wp:featuredmedia":[{"embeddable":true,"href":"https:\/\/gocuisivin.com\/fr\/wp-json\/wp\/v2\/media\/15239"}],"wp:attachment":[{"href":"https:\/\/gocuisivin.com\/fr\/wp-json\/wp\/v2\/media?parent=22546"}],"wp:term":[{"taxonomy":"pwb-brand","embeddable":true,"href":"https:\/\/gocuisivin.com\/fr\/wp-json\/wp\/v2\/pwb-brand?post=22546"},{"taxonomy":"product_brand","embeddable":true,"href":"https:\/\/gocuisivin.com\/fr\/wp-json\/wp\/v2\/product_brand?post=22546"},{"taxonomy":"product_cat","embeddable":true,"href":"https:\/\/gocuisivin.com\/fr\/wp-json\/wp\/v2\/product_cat?post=22546"},{"taxonomy":"product_tag","embeddable":true,"href":"https:\/\/gocuisivin.com\/fr\/wp-json\/wp\/v2\/product_tag?post=22546"}],"curies":[{"name":"wp","href":"https:\/\/api.w.org\/{rel}","templated":true}]}}