{"id":22543,"date":"2022-03-14T08:13:10","date_gmt":"2022-03-14T08:13:10","guid":{"rendered":"https:\/\/gocuisivin.com\/product\/protection-contre-les-eclaboussures-pavoni\/"},"modified":"2023-01-18T17:40:01","modified_gmt":"2023-01-18T17:40:01","slug":"protection-contre-les-eclaboussures-pavoni","status":"publish","type":"product","link":"https:\/\/gocuisivin.com\/fr\/product\/protection-contre-les-eclaboussures-pavoni\/","title":{"rendered":"Protection contre les \u00e9claboussures Pavoni"},"content":{"rendered":"<p>Dites adieu aux \u00e9claboussures et aux pulv\u00e9risations avec le Splatter-Guard innovant de Pavoni. Le rebord ext\u00e9rieur rigide repose solidement sur le bord du bol, tandis que votre mixeur plongeant passe \u00e0 travers le centre renforc\u00e9 et frang\u00e9. Splatter-Guard garde tout o\u00f9 il devrait \u00eatre &#8211; dans le bol ! Pavonis Splatter-Guard peut \u00e9galement \u00eatre utilis\u00e9 comme protection anti-\u00e9bullition pour la cuisson des p\u00e2tes !<\/p>\n","protected":false},"excerpt":{"rendered":"<p>&nbsp;<\/p>\n<ul>\n<li>Pare-\u00e9claboussures avec centre renforc\u00e9 et frang\u00e9 pour mixeur plongeant<\/li>\n<li>Diam\u00e8tre ext\u00e9rieur renforc\u00e9 avec poign\u00e9es robustes<\/li>\n<li>Peut \u00e9galement \u00eatre utilis\u00e9 comme cache-pot anti-\u00e9bullition<\/li>\n<li>Silicone 100% platine de haute qualit\u00e9<\/li>\n<li>Diam\u00e8tre : 11,8&#8243; + poign\u00e9e 2,1&#8243;<\/li>\n<\/ul>\n<p><img decoding=\"async\" src=\"https:\/\/gocuisivin.com\/gleengag\/2022\/03\/Icon-w_-Text_Platinum-Silicone_1.jpg\" alt=\"\" width=\"100\" height=\"100\" \/><img decoding=\"async\" src=\"https:\/\/gocuisivin.com\/gleengag\/2022\/03\/Icon-w_-Text_BPA-Free_1.jpg\" alt=\"\" width=\"100\" height=\"100\" \/><img decoding=\"async\" src=\"https:\/\/gocuisivin.com\/gleengag\/2022\/03\/Icon-w_-Text_Dishwasher-Safe_1-scaled-e1647696229552.jpg\" alt=\"\" width=\"100\" height=\"100\" \/><\/p>\n","protected":false},"featured_media":15102,"comment_status":"open","ping_status":"closed","template":"","meta":[],"pwb-brand":[1674],"product_brand":[],"product_cat":[1567,1588],"product_tag":[504,516,1529,515,517],"class_list":{"0":"post-22543","1":"product","2":"type-product","3":"status-publish","4":"has-post-thumbnail","6":"pwb-brand-pavoni-fr","7":"product_cat-cuisine","8":"product_cat-ustensiles-de-cuisson","9":"product_tag-cuisine","10":"product_tag-pavoni-fr","11":"product_tag-protection-contre-les-eclaboussures","12":"product_tag-silicone-platine","13":"product_tag-ustensiles-de-cuisson","15":"first","16":"instock","17":"taxable","18":"shipping-taxable","19":"purchasable","20":"product-type-simple"},"brands":[{"id":1674,"name":"Pavoni","slug":"pavoni-fr"}],"_links":{"self":[{"href":"https:\/\/gocuisivin.com\/fr\/wp-json\/wp\/v2\/product\/22543","targetHints":{"allow":["GET"]}}],"collection":[{"href":"https:\/\/gocuisivin.com\/fr\/wp-json\/wp\/v2\/product"}],"about":[{"href":"https:\/\/gocuisivin.com\/fr\/wp-json\/wp\/v2\/types\/product"}],"replies":[{"embeddable":true,"href":"https:\/\/gocuisivin.com\/fr\/wp-json\/wp\/v2\/comments?post=22543"}],"version-history":[{"count":1,"href":"https:\/\/gocuisivin.com\/fr\/wp-json\/wp\/v2\/product\/22543\/revisions"}],"predecessor-version":[{"id":24229,"href":"https:\/\/gocuisivin.com\/fr\/wp-json\/wp\/v2\/product\/22543\/revisions\/24229"}],"wp:featuredmedia":[{"embeddable":true,"href":"https:\/\/gocuisivin.com\/fr\/wp-json\/wp\/v2\/media\/15102"}],"wp:attachment":[{"href":"https:\/\/gocuisivin.com\/fr\/wp-json\/wp\/v2\/media?parent=22543"}],"wp:term":[{"taxonomy":"pwb-brand","embeddable":true,"href":"https:\/\/gocuisivin.com\/fr\/wp-json\/wp\/v2\/pwb-brand?post=22543"},{"taxonomy":"product_brand","embeddable":true,"href":"https:\/\/gocuisivin.com\/fr\/wp-json\/wp\/v2\/product_brand?post=22543"},{"taxonomy":"product_cat","embeddable":true,"href":"https:\/\/gocuisivin.com\/fr\/wp-json\/wp\/v2\/product_cat?post=22543"},{"taxonomy":"product_tag","embeddable":true,"href":"https:\/\/gocuisivin.com\/fr\/wp-json\/wp\/v2\/product_tag?post=22543"}],"curies":[{"name":"wp","href":"https:\/\/api.w.org\/{rel}","templated":true}]}}