{"id":22541,"date":"2022-03-14T07:16:53","date_gmt":"2022-03-14T07:16:53","guid":{"rendered":"https:\/\/gocuisivin.com\/product\/carafe-a-canard-eisch-10-carats\/"},"modified":"2023-01-18T17:50:36","modified_gmt":"2023-01-18T17:50:36","slug":"carafe-a-canard-eisch-10-carats","status":"publish","type":"product","link":"https:\/\/gocuisivin.com\/fr\/product\/carafe-a-canard-eisch-10-carats\/","title":{"rendered":"Carafe \u00e0 canard Eisch 10 carats"},"content":{"rendered":"<p>Au cours des 100 derni\u00e8res ann\u00e9es, Eisch a cr\u00e9\u00e9 des conceptions et des techniques de fabrication innovantes pour devenir un producteur de verre prim\u00e9 \u00e0 plusieurs reprises en Allemagne. Cette carafe de 10 carats faite \u00e0 la main et au design exquis pr\u00e9sente des cristaux coup\u00e9s en vrac \u00e0 l&#8217;int\u00e9rieur de la poign\u00e9e.<\/p>\n<p>Toutes les carafes Eisch sont \u00e9galement dot\u00e9es de l&#8217;exclusif No Drip Effect\u00a9 &#8211; un traitement exclusif du bord qui emp\u00eache les gouttes de vin de couler \u00e0 l&#8217;ext\u00e9rieur de la carafe &#8211; au lieu de cela, elles perlent et retournent dans la carafe &#8211; \u00e9vitant ainsi les taches sur les nappes ! Cristal sans plomb de fabrication allemande, souffl\u00e9 \u00e0 la bouche.<\/p>\n","protected":false},"excerpt":{"rendered":"<p>&nbsp;<\/p>\n<ul>\n<li>S\u00e9rie 10 carats\u00a0: cristaux en vrac taill\u00e9s \u00e0 la main enferm\u00e9s dans la poign\u00e9e de la carafe<\/li>\n<li>Unique No Drip Effect\u00a9 : le rebord trait\u00e9 emp\u00eache les gouttes de vin de rouler sur l&#8217;ext\u00e9rieur de la carafe<\/li>\n<li>Cristal sans plomb souffl\u00e9 \u00e0 la bouche<\/li>\n<li>Cristal sans plomb allemand<\/li>\n<li>Capacit\u00e9 : 26,5 oz \/ 780 ml ; Hauteur : 6,4&#8243; \/ 162,56 mm<\/li>\n<li>Coffret cadeau<\/li>\n<\/ul>\n<p><img decoding=\"async\" src=\"https:\/\/gocuisivin.com\/gleengag\/2022\/03\/Icon-w_-Text_Made-in-Germany_1.jpg\" alt=\"\" width=\"100\" height=\"100\" \/><img decoding=\"async\" src=\"https:\/\/gocuisivin.com\/gleengag\/2022\/03\/Icon-w_-Text_Lead-Free-Crystal_1-scaled-e1647696159460.jpg\" alt=\"\" width=\"100\" height=\"100\" \/><img decoding=\"async\" src=\"https:\/\/gocuisivin.com\/gleengag\/2022\/03\/Icon-w_-Text_Handmade_1.jpg\" alt=\"\" width=\"100\" height=\"100\" \/><img loading=\"lazy\" decoding=\"async\" src=\"https:\/\/gocuisivin.com\/gleengag\/2022\/03\/Icon-w_-Text_Handwash_1.jpg\" alt=\"\" width=\"100\" height=\"100\" \/><img loading=\"lazy\" decoding=\"async\" src=\"https:\/\/gocuisivin.com\/gleengag\/2022\/03\/Icon-w_-Text_No-Drip-Effect_1.jpg\" alt=\"\" width=\"100\" height=\"100\" \/><\/p>\n","protected":false},"featured_media":13359,"comment_status":"open","ping_status":"closed","template":"","meta":[],"pwb-brand":[1667],"product_brand":[],"product_cat":[1562,1557],"product_tag":[1172,1173,1171,1174,121],"class_list":{"0":"post-22541","1":"product","2":"type-product","3":"status-publish","4":"has-post-thumbnail","6":"pwb-brand-eisch-fr","7":"product_cat-carafe","8":"product_cat-verrerie","9":"product_tag-10-carats","10":"product_tag-canard","11":"product_tag-carafe-fr","12":"product_tag-cristal","13":"product_tag-eisch-fr","15":"first","16":"instock","17":"taxable","18":"shipping-taxable","19":"purchasable","20":"product-type-simple"},"brands":[{"id":1667,"name":"Eisch","slug":"eisch-fr"}],"_links":{"self":[{"href":"https:\/\/gocuisivin.com\/fr\/wp-json\/wp\/v2\/product\/22541","targetHints":{"allow":["GET"]}}],"collection":[{"href":"https:\/\/gocuisivin.com\/fr\/wp-json\/wp\/v2\/product"}],"about":[{"href":"https:\/\/gocuisivin.com\/fr\/wp-json\/wp\/v2\/types\/product"}],"replies":[{"embeddable":true,"href":"https:\/\/gocuisivin.com\/fr\/wp-json\/wp\/v2\/comments?post=22541"}],"version-history":[{"count":1,"href":"https:\/\/gocuisivin.com\/fr\/wp-json\/wp\/v2\/product\/22541\/revisions"}],"predecessor-version":[{"id":24236,"href":"https:\/\/gocuisivin.com\/fr\/wp-json\/wp\/v2\/product\/22541\/revisions\/24236"}],"wp:featuredmedia":[{"embeddable":true,"href":"https:\/\/gocuisivin.com\/fr\/wp-json\/wp\/v2\/media\/13359"}],"wp:attachment":[{"href":"https:\/\/gocuisivin.com\/fr\/wp-json\/wp\/v2\/media?parent=22541"}],"wp:term":[{"taxonomy":"pwb-brand","embeddable":true,"href":"https:\/\/gocuisivin.com\/fr\/wp-json\/wp\/v2\/pwb-brand?post=22541"},{"taxonomy":"product_brand","embeddable":true,"href":"https:\/\/gocuisivin.com\/fr\/wp-json\/wp\/v2\/product_brand?post=22541"},{"taxonomy":"product_cat","embeddable":true,"href":"https:\/\/gocuisivin.com\/fr\/wp-json\/wp\/v2\/product_cat?post=22541"},{"taxonomy":"product_tag","embeddable":true,"href":"https:\/\/gocuisivin.com\/fr\/wp-json\/wp\/v2\/product_tag?post=22541"}],"curies":[{"name":"wp","href":"https:\/\/api.w.org\/{rel}","templated":true}]}}