{"id":22536,"date":"2022-03-14T08:13:09","date_gmt":"2022-03-14T08:13:09","guid":{"rendered":"https:\/\/gocuisivin.com\/product\/pochoir-pavoni-anniversaire-et-noel-2-pack\/"},"modified":"2023-01-18T17:42:18","modified_gmt":"2023-01-18T17:42:18","slug":"pochoir-pavoni-anniversaire-et-noel-2-pack","status":"publish","type":"product","link":"https:\/\/gocuisivin.com\/fr\/product\/pochoir-pavoni-anniversaire-et-noel-2-pack\/","title":{"rendered":"Pochoir Pavoni \u2013 Anniversaire et No\u00ebl 2 Pack"},"content":{"rendered":"<p>Sucrez les g\u00e2teaux et les tartes avec des v\u0153ux de No\u00ebl ou d&#8217;anniversaire. Le forfait comprend 2 pochoirs en sucre : 1 th\u00e8me de No\u00ebl et 1 message d&#8217;anniversaire. Lib\u00e9rez la cr\u00e9ativit\u00e9 et le flair de votre boulanger int\u00e9rieur avec Pavoni Italia !<\/p>\n","protected":false},"excerpt":{"rendered":"<p>&nbsp;<\/p>\n<ul>\n<li>Sucrez les g\u00e2teaux et les tartes avec ces pochoirs en sucre de No\u00ebl et d&#8217;anniversaire.<\/li>\n<li>Le forfait comprend 2 pochoirs en sucre : 1 message de No\u00ebl et 1 message d&#8217;anniversaire<\/li>\n<li>Taille : 7,8&#8243; x 7,3&#8243; x 0,1&#8243; h<\/li>\n<li>Couleur : rouge et orange<\/li>\n<li>Joliment emball\u00e9 avec un livret d&#8217;instructions et des recettes inspirantes<\/li>\n<\/ul>\n<p><img decoding=\"async\" src=\"https:\/\/gocuisivin.com\/gleengag\/2022\/03\/Icon-w_-Text_BPA-Free_1.jpg\" alt=\"\" width=\"100\" height=\"100\" \/><img decoding=\"async\" src=\"https:\/\/gocuisivin.com\/gleengag\/2022\/03\/Icon-w_-Text_Dishwasher-Safe_1-scaled-e1647696229552.jpg\" alt=\"\" width=\"100\" height=\"100\" \/><\/p>\n","protected":false},"featured_media":15052,"comment_status":"open","ping_status":"closed","template":"","meta":[],"pwb-brand":[1674],"product_brand":[],"product_cat":[1567,1588],"product_tag":[550,504,1524,516,1523,517],"class_list":{"0":"post-22536","1":"product","2":"type-product","3":"status-publish","4":"has-post-thumbnail","6":"pwb-brand-pavoni-fr","7":"product_cat-cuisine","8":"product_cat-ustensiles-de-cuisson","9":"product_tag-christmas-fr","10":"product_tag-cuisine","11":"product_tag-date-danniversaire","12":"product_tag-pavoni-fr","13":"product_tag-pochoir","14":"product_tag-ustensiles-de-cuisson","16":"first","17":"instock","18":"taxable","19":"shipping-taxable","20":"purchasable","21":"product-type-simple"},"brands":[{"id":1674,"name":"Pavoni","slug":"pavoni-fr"}],"_links":{"self":[{"href":"https:\/\/gocuisivin.com\/fr\/wp-json\/wp\/v2\/product\/22536","targetHints":{"allow":["GET"]}}],"collection":[{"href":"https:\/\/gocuisivin.com\/fr\/wp-json\/wp\/v2\/product"}],"about":[{"href":"https:\/\/gocuisivin.com\/fr\/wp-json\/wp\/v2\/types\/product"}],"replies":[{"embeddable":true,"href":"https:\/\/gocuisivin.com\/fr\/wp-json\/wp\/v2\/comments?post=22536"}],"version-history":[{"count":1,"href":"https:\/\/gocuisivin.com\/fr\/wp-json\/wp\/v2\/product\/22536\/revisions"}],"predecessor-version":[{"id":24232,"href":"https:\/\/gocuisivin.com\/fr\/wp-json\/wp\/v2\/product\/22536\/revisions\/24232"}],"wp:featuredmedia":[{"embeddable":true,"href":"https:\/\/gocuisivin.com\/fr\/wp-json\/wp\/v2\/media\/15052"}],"wp:attachment":[{"href":"https:\/\/gocuisivin.com\/fr\/wp-json\/wp\/v2\/media?parent=22536"}],"wp:term":[{"taxonomy":"pwb-brand","embeddable":true,"href":"https:\/\/gocuisivin.com\/fr\/wp-json\/wp\/v2\/pwb-brand?post=22536"},{"taxonomy":"product_brand","embeddable":true,"href":"https:\/\/gocuisivin.com\/fr\/wp-json\/wp\/v2\/product_brand?post=22536"},{"taxonomy":"product_cat","embeddable":true,"href":"https:\/\/gocuisivin.com\/fr\/wp-json\/wp\/v2\/product_cat?post=22536"},{"taxonomy":"product_tag","embeddable":true,"href":"https:\/\/gocuisivin.com\/fr\/wp-json\/wp\/v2\/product_tag?post=22536"}],"curies":[{"name":"wp","href":"https:\/\/api.w.org\/{rel}","templated":true}]}}