{"id":22534,"date":"2022-03-14T08:13:13","date_gmt":"2022-03-14T08:13:13","guid":{"rendered":"https:\/\/gocuisivin.com\/product\/pensofal-princesse-pastasi-24cm-9-5\/"},"modified":"2023-01-18T17:31:50","modified_gmt":"2023-01-18T17:31:50","slug":"pensofal-princesse-pastasi-24cm-9-5","status":"publish","type":"product","link":"https:\/\/gocuisivin.com\/fr\/product\/pensofal-princesse-pastasi-24cm-9-5\/","title":{"rendered":"Pensofal Princesse PastaSi 24cm \/ 9.5&#8243;"},"content":{"rendered":"<p>Le Princess Pasta Si est dot\u00e9 d&#8217;un couvercle de vidange verrouillable perfor\u00e9 brevet\u00e9. Verrouillez simplement le couvercle une fois que les articles sont cuits et filtrez facilement les p\u00e2tes, les l\u00e9gumes, le riz et plus directement de la casserole\u00a0! La gamme Princess est dot\u00e9e d&#8217;un rev\u00eatement extra-\u00e9pais blanc immacul\u00e9 Bioceramix\u00ae ainsi que du \u00ab double fond \u00bb Inox brevet\u00e9. Bioceramix\u00ae est un renfort c\u00e9ramique exclusif qui offre des performances durables, antiadh\u00e9sives et \u00e0 haute temp\u00e9rature. Le rev\u00eatement est PFOA, sans cadmium et sans plomb. La plaque en acier inoxydable Inox brevet\u00e9e est encastr\u00e9e dans le fond en aluminium. Il favorise une r\u00e9partition uniforme de la chaleur et convient \u00e0 toutes les plaques de cuisson, y compris l&#8217;induction. Lave-vaisselle. Taille\u00a0: 24\u00a0cm\/9,5\u00a0&#8220;<\/p>\n","protected":false},"excerpt":{"rendered":"<p>&nbsp;<\/p>\n<ul>\n<li>Le pot PastaSi int\u00e8gre un couvercle de vidange verrouillable perfor\u00e9 brevet\u00e9<\/li>\n<li>Bioceramix &#8211; le renforcement en c\u00e9ramique exclusif combine les avantages des ustensiles de cuisine traditionnels antiadh\u00e9sifs et en c\u00e9ramique offrant des performances durables, antiadh\u00e9sives et \u00e0 haute temp\u00e9rature<\/li>\n<li>Finition unique et luxueuse &#8211; finition ext\u00e9rieure prune rouge et finition int\u00e9rieure perle. Corps en aluminium, sans PFOA, sans plomb ni cadmium<\/li>\n<li>Le double fond int\u00e9gr\u00e9 en acier inoxydable Inox offre une meilleure conductivit\u00e9<\/li>\n<li>Convient pour : induction, gaz, \u00e9lectrique, c\u00e9ramique, halog\u00e8ne, lave-vaisselle<\/li>\n<li>Sans PFOA, sans plomb ni cadmium<\/li>\n<\/ul>\n<p><img decoding=\"async\" src=\"https:\/\/gocuisivin.com\/gleengag\/2022\/03\/Icon-w_-Text_Made-in-Italy_1.jpg\" alt=\"\" width=\"100\" height=\"100\" \/><img decoding=\"async\" src=\"https:\/\/gocuisivin.com\/gleengag\/2022\/03\/Icon-w_-Text_PFOA-Freee_1.jpg\" alt=\"\" width=\"100\" height=\"100\" \/><img decoding=\"async\" src=\"https:\/\/gocuisivin.com\/gleengag\/2022\/03\/Icon-w_-Text_Induction_1.jpg\" alt=\"\" width=\"100\" height=\"100\" \/><img loading=\"lazy\" decoding=\"async\" src=\"https:\/\/gocuisivin.com\/gleengag\/2022\/03\/Icon-w_-Text_Gas.jpg\" alt=\"\" width=\"100\" height=\"100\" \/><img loading=\"lazy\" decoding=\"async\" src=\"https:\/\/gocuisivin.com\/gleengag\/2022\/03\/Icon-w_-Text_Ceramic_1.jpg\" alt=\"\" width=\"100\" height=\"100\" \/><img loading=\"lazy\" decoding=\"async\" src=\"https:\/\/gocuisivin.com\/gleengag\/2022\/03\/Icon-w_-Text_Dishwasher-Safe_1-scaled-e1647696229552.jpg\" alt=\"\" width=\"100\" height=\"100\" \/><\/p>\n","protected":false},"featured_media":15274,"comment_status":"open","ping_status":"closed","template":"","meta":[],"pwb-brand":[1675],"product_brand":[],"product_cat":[1569,1567],"product_tag":[1455,512,509,506,504,1457,507,1456,1458],"class_list":{"0":"post-22534","1":"product","2":"type-product","3":"status-publish","4":"has-post-thumbnail","6":"pwb-brand-pensofal-fr","7":"product_cat-batterie-de-cuisine","8":"product_cat-cuisine","9":"product_tag-24cm-fr","10":"product_tag-aluminium","11":"product_tag-batterie-de-cuisine","12":"product_tag-bioceramix-fr","13":"product_tag-cuisine","14":"product_tag-patessi","15":"product_tag-pensofal-fr","16":"product_tag-princesse","17":"product_tag-princesse-pastasi","19":"first","20":"instock","21":"taxable","22":"shipping-taxable","23":"purchasable","24":"product-type-simple"},"brands":[{"id":1675,"name":"Pensofal","slug":"pensofal-fr"}],"_links":{"self":[{"href":"https:\/\/gocuisivin.com\/fr\/wp-json\/wp\/v2\/product\/22534","targetHints":{"allow":["GET"]}}],"collection":[{"href":"https:\/\/gocuisivin.com\/fr\/wp-json\/wp\/v2\/product"}],"about":[{"href":"https:\/\/gocuisivin.com\/fr\/wp-json\/wp\/v2\/types\/product"}],"replies":[{"embeddable":true,"href":"https:\/\/gocuisivin.com\/fr\/wp-json\/wp\/v2\/comments?post=22534"}],"version-history":[{"count":2,"href":"https:\/\/gocuisivin.com\/fr\/wp-json\/wp\/v2\/product\/22534\/revisions"}],"predecessor-version":[{"id":24221,"href":"https:\/\/gocuisivin.com\/fr\/wp-json\/wp\/v2\/product\/22534\/revisions\/24221"}],"wp:featuredmedia":[{"embeddable":true,"href":"https:\/\/gocuisivin.com\/fr\/wp-json\/wp\/v2\/media\/15274"}],"wp:attachment":[{"href":"https:\/\/gocuisivin.com\/fr\/wp-json\/wp\/v2\/media?parent=22534"}],"wp:term":[{"taxonomy":"pwb-brand","embeddable":true,"href":"https:\/\/gocuisivin.com\/fr\/wp-json\/wp\/v2\/pwb-brand?post=22534"},{"taxonomy":"product_brand","embeddable":true,"href":"https:\/\/gocuisivin.com\/fr\/wp-json\/wp\/v2\/product_brand?post=22534"},{"taxonomy":"product_cat","embeddable":true,"href":"https:\/\/gocuisivin.com\/fr\/wp-json\/wp\/v2\/product_cat?post=22534"},{"taxonomy":"product_tag","embeddable":true,"href":"https:\/\/gocuisivin.com\/fr\/wp-json\/wp\/v2\/product_tag?post=22534"}],"curies":[{"name":"wp","href":"https:\/\/api.w.org\/{rel}","templated":true}]}}