{"id":22533,"date":"2022-03-14T08:13:13","date_gmt":"2022-03-14T08:13:13","guid":{"rendered":"https:\/\/gocuisivin.com\/product\/pensofal-princess-casserole-2-poignees-avec-couvercle-aromatique-24cm-9-5\/"},"modified":"2023-01-18T17:31:10","modified_gmt":"2023-01-18T17:31:10","slug":"pensofal-princess-casserole-2-poignees-avec-couvercle-aromatique-24cm-9-5","status":"publish","type":"product","link":"https:\/\/gocuisivin.com\/fr\/product\/pensofal-princess-casserole-2-poignees-avec-couvercle-aromatique-24cm-9-5\/","title":{"rendered":"Pensofal Princess Casserole 2 poign\u00e9es avec couvercle aromatique 24cm \/ 9.5&#8243;"},"content":{"rendered":"<p>La casserole Princess est dot\u00e9e d&#8217;un rev\u00eatement extra-\u00e9pais en Bioceramix\u00ae blanc immacul\u00e9 ainsi que du \u00ab double fond \u00bb brevet\u00e9 en Inox. Bioceramix\u00ae est un renfort c\u00e9ramique exclusif qui offre des performances durables, antiadh\u00e9sives et \u00e0 haute temp\u00e9rature. Le rev\u00eatement est PFOA, sans cadmium et sans plomb. La plaque en acier inoxydable Inox brevet\u00e9e est encastr\u00e9e dans le fond en aluminium. Il favorise une r\u00e9partition uniforme de la chaleur et convient \u00e0 toutes les plaques de cuisson, y compris l&#8217;induction. Lave-vaisselle. Taille\u00a0: 24\u00a0cm \/ 9,5\u00a0&#8220;. Comprend un couvercle aromatique. Unique \u00e0 la gamme Pensofal, le couvercle Aroma est dot\u00e9 d&#8217;un bouton circulaire en acier inoxydable avec un r\u00e9servoir profond contenant un micro-trou utilis\u00e9 pour diffuser lentement les liquides dans vos aliments pendant la cuisson. Ajoutez de l&#8217;huile d&#8217;olive, du vin ou du vinaigre balsamique dans le couvercle aromatique pour infuser vos plats de saveurs et d&#8217;ar\u00f4mes intensifi\u00e9s. De plus, le couvercle peut \u00eatre invers\u00e9 et utilis\u00e9 comme socle pour servir \u00e0 partir du pot. Le couvercle en verre a un rebord en acier inoxydable et un trou d&#8217;\u00e9vacuation de l&#8217;humidit\u00e9.<\/p>\n","protected":false},"excerpt":{"rendered":"<p>&nbsp;<\/p>\n<ul>\n<li>L&#8217;ensemble comprend une casserole de 24 cm \/ 9,5 &#8220;avec couvercle Aroma pour diffuser lentement les liquides dans vos aliments de cuisson \u00e0 travers le micro-trou de la poign\u00e9e (huile d&#8217;olive, vin ou vinaigre balsamique)<\/li>\n<li>Bioceramix &#8211; le renforcement en c\u00e9ramique exclusif combine les avantages des ustensiles de cuisine traditionnels antiadh\u00e9sifs et en c\u00e9ramique offrant des performances durables, antiadh\u00e9sives et \u00e0 haute temp\u00e9rature<\/li>\n<li>Finition unique et luxueuse &#8211; finition ext\u00e9rieure prune rouge et finition int\u00e9rieure perle. Corps en aluminium, sans PFOA, sans plomb ni cadmium<\/li>\n<li>Manche ergonomique en bak\u00e9lite, finition soft touch. R\u00e9sistant \u00e0 200\u00b0C \/ 392\u00b0F<\/li>\n<li>Convient pour : induction, gaz, \u00e9lectrique, c\u00e9ramique, halog\u00e8ne, lave-vaisselle<\/li>\n<li>Sans PFOA, sans plomb ni cadmium<\/li>\n<\/ul>\n<p><img decoding=\"async\" src=\"https:\/\/gocuisivin.com\/gleengag\/2022\/03\/Icon-w_-Text_Made-in-Italy_1.jpg\" alt=\"\" width=\"100\" height=\"100\" \/><img decoding=\"async\" src=\"https:\/\/gocuisivin.com\/gleengag\/2022\/03\/Icon-w_-Text_PFOA-Freee_1.jpg\" alt=\"\" width=\"100\" height=\"100\" \/><img decoding=\"async\" src=\"https:\/\/gocuisivin.com\/gleengag\/2022\/03\/Icon-w_-Text_Induction_1.jpg\" alt=\"\" width=\"100\" height=\"100\" \/><img loading=\"lazy\" decoding=\"async\" src=\"https:\/\/gocuisivin.com\/gleengag\/2022\/03\/Icon-w_-Text_Gas.jpg\" alt=\"\" width=\"100\" height=\"100\" \/><img loading=\"lazy\" decoding=\"async\" src=\"https:\/\/gocuisivin.com\/gleengag\/2022\/03\/Icon-w_-Text_Ceramic_1.jpg\" alt=\"\" width=\"100\" height=\"100\" \/><img loading=\"lazy\" decoding=\"async\" src=\"https:\/\/gocuisivin.com\/gleengag\/2022\/03\/Icon-w_-Text_Dishwasher-Safe_1-scaled-e1647696229552.jpg\" alt=\"\" width=\"100\" height=\"100\" \/><\/p>\n","protected":false},"featured_media":15264,"comment_status":"open","ping_status":"closed","template":"","meta":[],"pwb-brand":[1675],"product_brand":[],"product_cat":[1569,1567],"product_tag":[1464,1455,512,509,506,1463,1465,1058,504,507,1456],"class_list":{"0":"post-22533","1":"product","2":"type-product","3":"status-publish","4":"has-post-thumbnail","6":"pwb-brand-pensofal-fr","7":"product_cat-batterie-de-cuisine","8":"product_cat-cuisine","9":"product_tag-2-poignees","10":"product_tag-24cm-fr","11":"product_tag-aluminium","12":"product_tag-batterie-de-cuisine","13":"product_tag-bioceramix-fr","14":"product_tag-casserole","15":"product_tag-casserole-princesse","16":"product_tag-couvercle-darome","17":"product_tag-cuisine","18":"product_tag-pensofal-fr","19":"product_tag-princesse","21":"first","22":"instock","23":"taxable","24":"shipping-taxable","25":"purchasable","26":"product-type-simple"},"brands":[{"id":1675,"name":"Pensofal","slug":"pensofal-fr"}],"_links":{"self":[{"href":"https:\/\/gocuisivin.com\/fr\/wp-json\/wp\/v2\/product\/22533","targetHints":{"allow":["GET"]}}],"collection":[{"href":"https:\/\/gocuisivin.com\/fr\/wp-json\/wp\/v2\/product"}],"about":[{"href":"https:\/\/gocuisivin.com\/fr\/wp-json\/wp\/v2\/types\/product"}],"replies":[{"embeddable":true,"href":"https:\/\/gocuisivin.com\/fr\/wp-json\/wp\/v2\/comments?post=22533"}],"version-history":[{"count":1,"href":"https:\/\/gocuisivin.com\/fr\/wp-json\/wp\/v2\/product\/22533\/revisions"}],"predecessor-version":[{"id":24219,"href":"https:\/\/gocuisivin.com\/fr\/wp-json\/wp\/v2\/product\/22533\/revisions\/24219"}],"wp:featuredmedia":[{"embeddable":true,"href":"https:\/\/gocuisivin.com\/fr\/wp-json\/wp\/v2\/media\/15264"}],"wp:attachment":[{"href":"https:\/\/gocuisivin.com\/fr\/wp-json\/wp\/v2\/media?parent=22533"}],"wp:term":[{"taxonomy":"pwb-brand","embeddable":true,"href":"https:\/\/gocuisivin.com\/fr\/wp-json\/wp\/v2\/pwb-brand?post=22533"},{"taxonomy":"product_brand","embeddable":true,"href":"https:\/\/gocuisivin.com\/fr\/wp-json\/wp\/v2\/product_brand?post=22533"},{"taxonomy":"product_cat","embeddable":true,"href":"https:\/\/gocuisivin.com\/fr\/wp-json\/wp\/v2\/product_cat?post=22533"},{"taxonomy":"product_tag","embeddable":true,"href":"https:\/\/gocuisivin.com\/fr\/wp-json\/wp\/v2\/product_tag?post=22533"}],"curies":[{"name":"wp","href":"https:\/\/api.w.org\/{rel}","templated":true}]}}