{"id":22526,"date":"2022-03-14T08:13:14","date_gmt":"2022-03-14T08:13:14","guid":{"rendered":"https:\/\/gocuisivin.com\/product\/manchon-de-peau-de-vin\/"},"modified":"2023-01-18T17:27:23","modified_gmt":"2023-01-18T17:27:23","slug":"manchon-de-peau-de-vin","status":"publish","type":"product","link":"https:\/\/gocuisivin.com\/fr\/product\/manchon-de-peau-de-vin\/","title":{"rendered":"Manchon de peau de vin"},"content":{"rendered":"<p>Le WineSkin original est un manchon de protection \u00e9tanche et scellable utilis\u00e9 pour le transport des bouteilles. C&#8217;est une solution simple et efficace pour transporter les bouteilles en toute s\u00e9curit\u00e9 ! La bulle int\u00e9gr\u00e9e prot\u00e8ge contre les chocs et le joint \u00e9tanche brevet\u00e9 offre une assurance bon march\u00e9 contre les catastrophes de bagages !<\/p>\n","protected":false},"excerpt":{"rendered":"<p>&nbsp;<\/p>\n<ul>\n<li>M\u00e9thode s\u00fbre et s\u00e9curis\u00e9e pour ramener \u00e0 la maison du vin, de l&#8217;huile d&#8217;olive et d&#8217;autres boissons de vos voyages<\/li>\n<li>Emballage en vinyle robuste, flexible et durable avec une fermeture \u00e9tanche \u00e0 double joint \u00e0 usage unique<\/li>\n<li>L&#8217;int\u00e9rieur protecteur \u00e0 bulles d&#8217;air absorbe les chocs et les impacts<\/li>\n<li>Dispose d&#8217;un syst\u00e8me d&#8217;\u00e9tanch\u00e9it\u00e9 \u00e0 double bande avec un verrou \u00e9tanche en cas de casse<\/li>\n<li>Abordable et attrayant<\/li>\n<li>Usage unique<\/li>\n<\/ul>\n","protected":false},"featured_media":15539,"comment_status":"open","ping_status":"closed","template":"","meta":[],"pwb-brand":[1678],"product_brand":[],"product_cat":[1565,1589],"product_tag":[1002,1446,1445,1444,1449],"class_list":{"0":"post-22526","1":"product","2":"type-product","3":"status-publish","4":"has-post-thumbnail","6":"pwb-brand-wineskin-fr","7":"product_cat-accessoires-pour-le-vin-et-le-bar","8":"product_cat-voyager","9":"product_tag-accessoires-pour-le-vin-et-le-bar","10":"product_tag-interieur-en-papier-bulle","11":"product_tag-manche","12":"product_tag-outre","13":"product_tag-serrure-etanche","15":"first","16":"instock","17":"taxable","18":"shipping-taxable","19":"purchasable","20":"product-type-simple"},"brands":[{"id":1678,"name":"WineSkin","slug":"wineskin-fr"}],"_links":{"self":[{"href":"https:\/\/gocuisivin.com\/fr\/wp-json\/wp\/v2\/product\/22526","targetHints":{"allow":["GET"]}}],"collection":[{"href":"https:\/\/gocuisivin.com\/fr\/wp-json\/wp\/v2\/product"}],"about":[{"href":"https:\/\/gocuisivin.com\/fr\/wp-json\/wp\/v2\/types\/product"}],"replies":[{"embeddable":true,"href":"https:\/\/gocuisivin.com\/fr\/wp-json\/wp\/v2\/comments?post=22526"}],"version-history":[{"count":1,"href":"https:\/\/gocuisivin.com\/fr\/wp-json\/wp\/v2\/product\/22526\/revisions"}],"predecessor-version":[{"id":24216,"href":"https:\/\/gocuisivin.com\/fr\/wp-json\/wp\/v2\/product\/22526\/revisions\/24216"}],"wp:featuredmedia":[{"embeddable":true,"href":"https:\/\/gocuisivin.com\/fr\/wp-json\/wp\/v2\/media\/15539"}],"wp:attachment":[{"href":"https:\/\/gocuisivin.com\/fr\/wp-json\/wp\/v2\/media?parent=22526"}],"wp:term":[{"taxonomy":"pwb-brand","embeddable":true,"href":"https:\/\/gocuisivin.com\/fr\/wp-json\/wp\/v2\/pwb-brand?post=22526"},{"taxonomy":"product_brand","embeddable":true,"href":"https:\/\/gocuisivin.com\/fr\/wp-json\/wp\/v2\/product_brand?post=22526"},{"taxonomy":"product_cat","embeddable":true,"href":"https:\/\/gocuisivin.com\/fr\/wp-json\/wp\/v2\/product_cat?post=22526"},{"taxonomy":"product_tag","embeddable":true,"href":"https:\/\/gocuisivin.com\/fr\/wp-json\/wp\/v2\/product_tag?post=22526"}],"curies":[{"name":"wp","href":"https:\/\/api.w.org\/{rel}","templated":true}]}}