{"id":22520,"date":"2022-03-14T08:13:14","date_gmt":"2022-03-14T12:13:14","guid":{"rendered":"https:\/\/gocuisivin.com\/product\/caddie-en-fut-de-vin-cuisivin\/"},"modified":"2023-01-18T17:25:50","modified_gmt":"2023-01-18T17:25:50","slug":"caddie-en-fut-de-vin-cuisivin","status":"publish","type":"product","link":"https:\/\/gocuisivin.com\/fr\/product\/caddie-en-fut-de-vin-cuisivin\/","title":{"rendered":"Caddie en f\u00fbt de vin Cuisivin"},"content":{"rendered":"<p>Servez et d\u00e9gustez vos vins en bo\u00eete pr\u00e9f\u00e9r\u00e9s avec le Wine Cask Caddy. Fabriqu\u00e9 \u00e0 partir de mat\u00e9riaux durables de la plus haute qualit\u00e9, le chariot a une poign\u00e9e pour un transport facile et il est isol\u00e9 avec un int\u00e9rieur r\u00e9fl\u00e9chissant &#8211; parfait pour accueillir un pack froid pour refroidir vos blancs. Discret et \u00e9l\u00e9gant, il convient aux \u00abtonneaux\u00bb de vin de 3 \u00e0 5 L (1,3 gal US), et il est dot\u00e9 d&#8217;une double fermeture \u00e9clair pour un rangement \u00e0 plat. Comprend une \u00e9tiquette d&#8217;identification de vin r\u00e9utilisable pour identifier les f\u00fbts servis. Parfait pour profiter des f\u00fbts lors des f\u00eates, des terrasses, des pique-niques et de la plage !<\/p>\n","protected":false},"excerpt":{"rendered":"<p>&nbsp;<\/p>\n<ul>\n<li>Une fa\u00e7on \u00e9l\u00e9gante de servir et de d\u00e9guster du vin en bo\u00eete. Parfait pour recevoir, au chalet, \u00e0 la plage, en bateau et pour les pique-niques\u00a0!<\/li>\n<li>Convient aux f\u00fbts de 3 \u00e0 5 L (1,3 gal US) de votre vin ou boisson pr\u00e9f\u00e9r\u00e9<\/li>\n<li>Int\u00e9rieur isol\u00e9 et r\u00e9fl\u00e9chissant avec place pour icepack (non inclus)<\/li>\n<li>Comprend une \u00e9tiquette d&#8217;identification de vin r\u00e9utilisable<\/li>\n<li>Se replie de mani\u00e8re compacte pour un stockage ais\u00e9<\/li>\n<li>Fabriqu\u00e9 en mat\u00e9riau durable de haute qualit\u00e9 avec poign\u00e9e pour un transport facile<\/li>\n<\/ul>\n","protected":false},"featured_media":15591,"comment_status":"open","ping_status":"closed","template":"","meta":[],"pwb-brand":[1664],"product_brand":[],"product_cat":[1565,1589],"product_tag":[1002,1417,1418,281,1419],"class_list":{"0":"post-22520","1":"product","2":"type-product","3":"status-publish","4":"has-post-thumbnail","6":"pwb-brand-cuisivin-fr","7":"product_cat-accessoires-pour-le-vin-et-le-bar","8":"product_cat-voyager","9":"product_tag-accessoires-pour-le-vin-et-le-bar","10":"product_tag-caddie","11":"product_tag-caddy-de-tonneau-de-vin","12":"product_tag-cuisivin-fr","13":"product_tag-transport-facile","15":"first","16":"outofstock","17":"taxable","18":"shipping-taxable","19":"purchasable","20":"product-type-simple"},"brands":[{"id":1664,"name":"Cuisivin","slug":"cuisivin-fr"}],"_links":{"self":[{"href":"https:\/\/gocuisivin.com\/fr\/wp-json\/wp\/v2\/product\/22520","targetHints":{"allow":["GET"]}}],"collection":[{"href":"https:\/\/gocuisivin.com\/fr\/wp-json\/wp\/v2\/product"}],"about":[{"href":"https:\/\/gocuisivin.com\/fr\/wp-json\/wp\/v2\/types\/product"}],"replies":[{"embeddable":true,"href":"https:\/\/gocuisivin.com\/fr\/wp-json\/wp\/v2\/comments?post=22520"}],"version-history":[{"count":1,"href":"https:\/\/gocuisivin.com\/fr\/wp-json\/wp\/v2\/product\/22520\/revisions"}],"predecessor-version":[{"id":24215,"href":"https:\/\/gocuisivin.com\/fr\/wp-json\/wp\/v2\/product\/22520\/revisions\/24215"}],"wp:featuredmedia":[{"embeddable":true,"href":"https:\/\/gocuisivin.com\/fr\/wp-json\/wp\/v2\/media\/15591"}],"wp:attachment":[{"href":"https:\/\/gocuisivin.com\/fr\/wp-json\/wp\/v2\/media?parent=22520"}],"wp:term":[{"taxonomy":"pwb-brand","embeddable":true,"href":"https:\/\/gocuisivin.com\/fr\/wp-json\/wp\/v2\/pwb-brand?post=22520"},{"taxonomy":"product_brand","embeddable":true,"href":"https:\/\/gocuisivin.com\/fr\/wp-json\/wp\/v2\/product_brand?post=22520"},{"taxonomy":"product_cat","embeddable":true,"href":"https:\/\/gocuisivin.com\/fr\/wp-json\/wp\/v2\/product_cat?post=22520"},{"taxonomy":"product_tag","embeddable":true,"href":"https:\/\/gocuisivin.com\/fr\/wp-json\/wp\/v2\/product_tag?post=22520"}],"curies":[{"name":"wp","href":"https:\/\/api.w.org\/{rel}","templated":true}]}}