{"id":22519,"date":"2022-03-14T08:13:13","date_gmt":"2022-03-14T08:13:13","guid":{"rendered":"https:\/\/gocuisivin.com\/product\/petite-carafe-a-collations-cuisivin\/"},"modified":"2024-01-01T00:00:31","modified_gmt":"2024-01-01T05:00:31","slug":"petite-carafe-a-collations-cuisivin","status":"publish","type":"product","link":"https:\/\/gocuisivin.com\/fr\/product\/petite-carafe-a-collations-cuisivin\/","title":{"rendered":"Petite carafe \u00e0 collations Cuisivin"},"content":{"rendered":"<p>Bannissez le bol avec la carafe \u00e0 snak de Cuisivin ! Votre main n&#8217;est pas dans les friandises\u2026 les friandises sont dans votre main ! Snak Carafe vous permet de savourer des collations de mani\u00e8re hygi\u00e9nique en versant vos noix ou bonbons pr\u00e9f\u00e9r\u00e9s directement dans votre main au lieu de les partager dans le bol commun. Fini les doigts dans les collations de f\u00eate\u00a0! Partagez des collations et non des germes\u00a0! La carafe artisanale souffl\u00e9e \u00e0 la bouche a un design contemporain propre et personnalis\u00e9 avec des encoches ergonomiques pour un versement facile. Chacun est unique, et la plus petite taille de 10 oz est parfaite pour les petits bonbons et les noix. Magnifique coffret cadeau pour offrir en cadeau.<\/p>\n","protected":false},"excerpt":{"rendered":"<p>&nbsp;<\/p>\n<ul>\n<li>Partagez des collations &#8211; pas des germes\u00a0!<\/li>\n<li>Verser des noix ou des bonbons directement dans votre paume<\/li>\n<li>Verre artisanal souffl\u00e9 \u00e0 la bouche<\/li>\n<li>Forme contemporaine avec encoches ergonomiques pour les doigts<\/li>\n<li>Multi-usage &#8211; \u00e0 utiliser comme carafe \u00e0 vin<\/li>\n<li>Format : 10 oz \/ 265 ml. Tube cadeau.<\/li>\n<\/ul>\n<p><img decoding=\"async\" src=\"https:\/\/gocuisivin.com\/gleengag\/2022\/03\/Icon-w_-Text_Handmade_1.jpg\" alt=\"\" width=\"100\" height=\"100\" \/><img decoding=\"async\" src=\"https:\/\/gocuisivin.com\/gleengag\/2022\/03\/Icon-w_-Text_Dishwasher-Safe_1-scaled-e1647696229552.jpg\" alt=\"\" width=\"100\" height=\"100\" \/><img decoding=\"async\" src=\"https:\/\/gocuisivin.com\/gleengag\/2022\/03\/Icon-w_-Text_Ergonomic_1.jpg\" alt=\"\" width=\"100\" height=\"100\" \/><img loading=\"lazy\" decoding=\"async\" src=\"https:\/\/gocuisivin.com\/gleengag\/2022\/03\/Icon-w_-Text_Hygienic_1.jpg\" alt=\"\" width=\"100\" height=\"100\" \/><\/p>\n","protected":false},"featured_media":22522,"comment_status":"open","ping_status":"closed","template":"","meta":[],"pwb-brand":[1676],"product_brand":[],"product_cat":[1567,1582],"product_tag":[1593,504,1536],"class_list":{"0":"post-22519","1":"product","2":"type-product","3":"status-publish","4":"has-post-thumbnail","6":"pwb-brand-snak-carafe-fr","7":"product_cat-cuisine","8":"product_cat-outils-et-gadgets","9":"product_tag-carafe-snack","10":"product_tag-cuisine","11":"product_tag-outils-et-gadgets","13":"first","14":"instock","15":"taxable","16":"shipping-taxable","17":"purchasable","18":"product-type-simple"},"brands":[{"id":1676,"name":"Snak Carafe","slug":"snak-carafe-fr"}],"_links":{"self":[{"href":"https:\/\/gocuisivin.com\/fr\/wp-json\/wp\/v2\/product\/22519","targetHints":{"allow":["GET"]}}],"collection":[{"href":"https:\/\/gocuisivin.com\/fr\/wp-json\/wp\/v2\/product"}],"about":[{"href":"https:\/\/gocuisivin.com\/fr\/wp-json\/wp\/v2\/types\/product"}],"replies":[{"embeddable":true,"href":"https:\/\/gocuisivin.com\/fr\/wp-json\/wp\/v2\/comments?post=22519"}],"version-history":[{"count":1,"href":"https:\/\/gocuisivin.com\/fr\/wp-json\/wp\/v2\/product\/22519\/revisions"}],"predecessor-version":[{"id":24218,"href":"https:\/\/gocuisivin.com\/fr\/wp-json\/wp\/v2\/product\/22519\/revisions\/24218"}],"wp:featuredmedia":[{"embeddable":true,"href":"https:\/\/gocuisivin.com\/fr\/wp-json\/wp\/v2\/media\/22522"}],"wp:attachment":[{"href":"https:\/\/gocuisivin.com\/fr\/wp-json\/wp\/v2\/media?parent=22519"}],"wp:term":[{"taxonomy":"pwb-brand","embeddable":true,"href":"https:\/\/gocuisivin.com\/fr\/wp-json\/wp\/v2\/pwb-brand?post=22519"},{"taxonomy":"product_brand","embeddable":true,"href":"https:\/\/gocuisivin.com\/fr\/wp-json\/wp\/v2\/product_brand?post=22519"},{"taxonomy":"product_cat","embeddable":true,"href":"https:\/\/gocuisivin.com\/fr\/wp-json\/wp\/v2\/product_cat?post=22519"},{"taxonomy":"product_tag","embeddable":true,"href":"https:\/\/gocuisivin.com\/fr\/wp-json\/wp\/v2\/product_tag?post=22519"}],"curies":[{"name":"wp","href":"https:\/\/api.w.org\/{rel}","templated":true}]}}