{"id":22518,"date":"2022-03-14T08:13:14","date_gmt":"2022-03-14T08:13:14","guid":{"rendered":"https:\/\/gocuisivin.com\/product\/manchon-reutilisable-wineskin\/"},"modified":"2023-01-18T17:23:03","modified_gmt":"2023-01-18T17:23:03","slug":"manchon-reutilisable-wineskin","status":"publish","type":"product","link":"https:\/\/gocuisivin.com\/fr\/product\/manchon-reutilisable-wineskin\/","title":{"rendered":"Manchon r\u00e9utilisable WineSkin"},"content":{"rendered":"<p>Le manchon r\u00e9utilisable WineSkin est une solution simple, efficace et \u00e9conomique pour transporter les bouteilles en toute s\u00e9curit\u00e9 ! Fournit une absorption des chocs et un joint r\u00e9utilisable, prot\u00e9geant les bagages. Assurance pas ch\u00e8re ! Multi-usage.<\/p>\n","protected":false},"excerpt":{"rendered":"<p>&nbsp;<\/p>\n<ul>\n<li>M\u00e9thode s\u00fbre et s\u00e9curis\u00e9e pour ramener \u00e0 la maison du vin, de l&#8217;huile d&#8217;olive et d&#8217;autres boissons de vos voyages<\/li>\n<li>Emballage en vinyle robuste, flexible et durable avec une fermeture \u00e9tanche \u00e0 double joint \u00e0 usage unique<\/li>\n<li>L&#8217;int\u00e9rieur protecteur \u00e0 bulles d&#8217;air absorbe les chocs et les impacts<\/li>\n<li>R\u00e9utilisable comprend un bo\u00eetier de style velcro avec un sac de doublure int\u00e9rieur pour aider \u00e0 fournir une \u00e9tanch\u00e9it\u00e9 solide en cas de casse de la bouteille<\/li>\n<li>Abordable et attrayant<\/li>\n<li>R\u00e9utilisable<\/li>\n<\/ul>\n","protected":false},"featured_media":15569,"comment_status":"open","ping_status":"closed","template":"","meta":[],"pwb-brand":[1678],"product_brand":[],"product_cat":[1565,1589],"product_tag":[1002,1446,1445,1447,1444,1448],"class_list":{"0":"post-22518","1":"product","2":"type-product","3":"status-publish","4":"has-post-thumbnail","6":"pwb-brand-wineskin-fr","7":"product_cat-accessoires-pour-le-vin-et-le-bar","8":"product_cat-voyager","9":"product_tag-accessoires-pour-le-vin-et-le-bar","10":"product_tag-interieur-en-papier-bulle","11":"product_tag-manche","12":"product_tag-manchon-reutilisable","13":"product_tag-outre","14":"product_tag-proteger-les-bagages","16":"first","17":"instock","18":"taxable","19":"shipping-taxable","20":"purchasable","21":"product-type-simple"},"brands":[{"id":1678,"name":"WineSkin","slug":"wineskin-fr"}],"_links":{"self":[{"href":"https:\/\/gocuisivin.com\/fr\/wp-json\/wp\/v2\/product\/22518","targetHints":{"allow":["GET"]}}],"collection":[{"href":"https:\/\/gocuisivin.com\/fr\/wp-json\/wp\/v2\/product"}],"about":[{"href":"https:\/\/gocuisivin.com\/fr\/wp-json\/wp\/v2\/types\/product"}],"replies":[{"embeddable":true,"href":"https:\/\/gocuisivin.com\/fr\/wp-json\/wp\/v2\/comments?post=22518"}],"version-history":[{"count":1,"href":"https:\/\/gocuisivin.com\/fr\/wp-json\/wp\/v2\/product\/22518\/revisions"}],"predecessor-version":[{"id":24214,"href":"https:\/\/gocuisivin.com\/fr\/wp-json\/wp\/v2\/product\/22518\/revisions\/24214"}],"wp:featuredmedia":[{"embeddable":true,"href":"https:\/\/gocuisivin.com\/fr\/wp-json\/wp\/v2\/media\/15569"}],"wp:attachment":[{"href":"https:\/\/gocuisivin.com\/fr\/wp-json\/wp\/v2\/media?parent=22518"}],"wp:term":[{"taxonomy":"pwb-brand","embeddable":true,"href":"https:\/\/gocuisivin.com\/fr\/wp-json\/wp\/v2\/pwb-brand?post=22518"},{"taxonomy":"product_brand","embeddable":true,"href":"https:\/\/gocuisivin.com\/fr\/wp-json\/wp\/v2\/product_brand?post=22518"},{"taxonomy":"product_cat","embeddable":true,"href":"https:\/\/gocuisivin.com\/fr\/wp-json\/wp\/v2\/product_cat?post=22518"},{"taxonomy":"product_tag","embeddable":true,"href":"https:\/\/gocuisivin.com\/fr\/wp-json\/wp\/v2\/product_tag?post=22518"}],"curies":[{"name":"wp","href":"https:\/\/api.w.org\/{rel}","templated":true}]}}