{"id":22515,"date":"2022-03-14T08:13:15","date_gmt":"2022-03-14T08:13:15","guid":{"rendered":"https:\/\/gocuisivin.com\/product\/fourre-tout-vin-a-emporter-cuisvin\/"},"modified":"2023-01-18T17:22:31","modified_gmt":"2023-01-18T17:22:31","slug":"fourre-tout-vin-a-emporter-cuisvin","status":"publish","type":"product","link":"https:\/\/gocuisivin.com\/fr\/product\/fourre-tout-vin-a-emporter-cuisvin\/","title":{"rendered":"Fourre-tout Vin \u00e0 emporter Cuisvin"},"content":{"rendered":"<p>Le fourre-tout Cuisvin Wine-to-go est un fourre-tout \u00e0 six sections con\u00e7u pour contenir en toute s\u00e9curit\u00e9 vos bouteilles de vin et\/ou vos verres pr\u00e9f\u00e9r\u00e9s. Les six compartiments rembourr\u00e9s peuvent \u00eatre attach\u00e9s ensemble ou pli\u00e9s de c\u00f4t\u00e9 pour cr\u00e9er un plus grand compartiment ouvert. Fabriqu\u00e9 \u00e0 partir de nylon durable de la plus haute qualit\u00e9, le fourre-tout Wine-to-Go a une poign\u00e9e ainsi qu&#8217;une bandouli\u00e8re pour un transport facile. L&#8217;\u00e9tui est renforc\u00e9 et zipp\u00e9 pour un rangement \u00e0 plat.<\/p>\n","protected":false},"excerpt":{"rendered":"<p>&nbsp;<\/p>\n<ul>\n<li>Le fourre-tout \u00e0 six sections peut contenir jusqu&#8217;\u00e0 6 bouteilles ou verres<\/li>\n<li>Parfait pour les pique-niques, les chalets et les bateaux<\/li>\n<li>Six diviseurs de section r\u00e9glables rembourr\u00e9s<\/li>\n<li>Utilisez une poign\u00e9e int\u00e9gr\u00e9e ou une bandouli\u00e8re pour le transport<\/li>\n<li>Se d\u00e9compresse pour ranger \u00e0 plat<\/li>\n<li>\u00c9tui en nylon noir r\u00e9sistant<\/li>\n<\/ul>\n","protected":false},"featured_media":15618,"comment_status":"open","ping_status":"closed","template":"","meta":[],"pwb-brand":[1664],"product_brand":[],"product_cat":[1565,1589],"product_tag":[1002,1415,281,1414,118],"class_list":{"0":"post-22515","1":"product","2":"type-product","3":"status-publish","4":"has-post-thumbnail","6":"pwb-brand-cuisivin-fr","7":"product_cat-accessoires-pour-le-vin-et-le-bar","8":"product_cat-voyager","9":"product_tag-accessoires-pour-le-vin-et-le-bar","10":"product_tag-cabas-vin-a-emporter","11":"product_tag-cuisivin-fr","12":"product_tag-fourre-tout","13":"product_tag-verrerie","15":"first","16":"outofstock","17":"taxable","18":"shipping-taxable","19":"purchasable","20":"product-type-simple"},"brands":[{"id":1664,"name":"Cuisivin","slug":"cuisivin-fr"}],"_links":{"self":[{"href":"https:\/\/gocuisivin.com\/fr\/wp-json\/wp\/v2\/product\/22515","targetHints":{"allow":["GET"]}}],"collection":[{"href":"https:\/\/gocuisivin.com\/fr\/wp-json\/wp\/v2\/product"}],"about":[{"href":"https:\/\/gocuisivin.com\/fr\/wp-json\/wp\/v2\/types\/product"}],"replies":[{"embeddable":true,"href":"https:\/\/gocuisivin.com\/fr\/wp-json\/wp\/v2\/comments?post=22515"}],"version-history":[{"count":1,"href":"https:\/\/gocuisivin.com\/fr\/wp-json\/wp\/v2\/product\/22515\/revisions"}],"predecessor-version":[{"id":24213,"href":"https:\/\/gocuisivin.com\/fr\/wp-json\/wp\/v2\/product\/22515\/revisions\/24213"}],"wp:featuredmedia":[{"embeddable":true,"href":"https:\/\/gocuisivin.com\/fr\/wp-json\/wp\/v2\/media\/15618"}],"wp:attachment":[{"href":"https:\/\/gocuisivin.com\/fr\/wp-json\/wp\/v2\/media?parent=22515"}],"wp:term":[{"taxonomy":"pwb-brand","embeddable":true,"href":"https:\/\/gocuisivin.com\/fr\/wp-json\/wp\/v2\/pwb-brand?post=22515"},{"taxonomy":"product_brand","embeddable":true,"href":"https:\/\/gocuisivin.com\/fr\/wp-json\/wp\/v2\/product_brand?post=22515"},{"taxonomy":"product_cat","embeddable":true,"href":"https:\/\/gocuisivin.com\/fr\/wp-json\/wp\/v2\/product_cat?post=22515"},{"taxonomy":"product_tag","embeddable":true,"href":"https:\/\/gocuisivin.com\/fr\/wp-json\/wp\/v2\/product_tag?post=22515"}],"curies":[{"name":"wp","href":"https:\/\/api.w.org\/{rel}","templated":true}]}}