{"id":22514,"date":"2022-03-14T08:13:15","date_gmt":"2022-03-14T08:13:15","guid":{"rendered":"https:\/\/gocuisivin.com\/product\/entonnoir-optique-vinolife\/"},"modified":"2023-01-18T17:21:14","modified_gmt":"2023-01-18T17:21:14","slug":"entonnoir-optique-vinolife","status":"publish","type":"product","link":"https:\/\/gocuisivin.com\/fr\/product\/entonnoir-optique-vinolife\/","title":{"rendered":"Entonnoir optique VinoLife"},"content":{"rendered":"<p>L&#8217;entonnoir optique VinoLife est en cristal sans plomb et con\u00e7u pour s&#8217;adapter aux carafes traditionnelles \u00e0 fond plat avec une bouche de niveau. Con\u00e7u pour a\u00e9rer le vin lorsqu&#8217;il est \u00e9vas\u00e9 dans la carafe. Une pr\u00e9sentation \u00e9l\u00e9gante pour rehausser le look d&#8217;une carafe traditionnelle. Remarque: le produit n&#8217;inclut pas la carafe.<\/p>\n","protected":false},"excerpt":{"rendered":"<p>&nbsp;<\/p>\n<ul>\n<li>Entonnoir d&#8217;a\u00e9ration con\u00e7u pour s&#8217;adapter aux carafes traditionnelles \u00e0 fond plat avec une bouche de niveau<\/li>\n<li>A\u00e8re le vin rouge en le versant dans la carafe tel qu&#8217;il est vers\u00e9<\/li>\n<li>Carafe non incluse<\/li>\n<li>Cristal europ\u00e9en sans plomb<\/li>\n<\/ul>\n<p><img decoding=\"async\" src=\"https:\/\/gocuisivin.com\/gleengag\/2022\/03\/Icon-w_-Text_Made-in-Europe_1-scaled-e1647696362269.jpg\" alt=\"\" width=\"100\" height=\"100\" \/><img decoding=\"async\" src=\"https:\/\/gocuisivin.com\/gleengag\/2022\/03\/Icon-w_-Text_Lead-Free-Crystal_1-scaled-e1647696159460.jpg\" alt=\"\" width=\"100\" height=\"100\" \/><img decoding=\"async\" src=\"https:\/\/gocuisivin.com\/gleengag\/2022\/03\/Icon-w_-Text_Handwash_1.jpg\" alt=\"\" width=\"100\" height=\"100\" \/><\/p>\n","protected":false},"featured_media":15641,"comment_status":"open","ping_status":"closed","template":"","meta":[],"pwb-brand":[1680],"product_brand":[],"product_cat":[1565,1590],"product_tag":[1002,1364,1412,1413,1192],"class_list":{"0":"post-22514","1":"product","2":"type-product","3":"status-publish","4":"has-post-thumbnail","6":"pwb-brand-vinolife-fr","7":"product_cat-accessoires-pour-le-vin-et-le-bar","8":"product_cat-aerateurs-et-entonnoirs","9":"product_tag-accessoires-pour-le-vin-et-le-bar","10":"product_tag-aerateurs-et-entonnoirs","11":"product_tag-entonnoir","12":"product_tag-entonnoir-optique","13":"product_tag-vinolife-fr","15":"first","16":"instock","17":"taxable","18":"shipping-taxable","19":"purchasable","20":"product-type-simple"},"brands":[{"id":1680,"name":"VinoLife","slug":"vinolife-fr"}],"_links":{"self":[{"href":"https:\/\/gocuisivin.com\/fr\/wp-json\/wp\/v2\/product\/22514","targetHints":{"allow":["GET"]}}],"collection":[{"href":"https:\/\/gocuisivin.com\/fr\/wp-json\/wp\/v2\/product"}],"about":[{"href":"https:\/\/gocuisivin.com\/fr\/wp-json\/wp\/v2\/types\/product"}],"replies":[{"embeddable":true,"href":"https:\/\/gocuisivin.com\/fr\/wp-json\/wp\/v2\/comments?post=22514"}],"version-history":[{"count":1,"href":"https:\/\/gocuisivin.com\/fr\/wp-json\/wp\/v2\/product\/22514\/revisions"}],"predecessor-version":[{"id":24212,"href":"https:\/\/gocuisivin.com\/fr\/wp-json\/wp\/v2\/product\/22514\/revisions\/24212"}],"wp:featuredmedia":[{"embeddable":true,"href":"https:\/\/gocuisivin.com\/fr\/wp-json\/wp\/v2\/media\/15641"}],"wp:attachment":[{"href":"https:\/\/gocuisivin.com\/fr\/wp-json\/wp\/v2\/media?parent=22514"}],"wp:term":[{"taxonomy":"pwb-brand","embeddable":true,"href":"https:\/\/gocuisivin.com\/fr\/wp-json\/wp\/v2\/pwb-brand?post=22514"},{"taxonomy":"product_brand","embeddable":true,"href":"https:\/\/gocuisivin.com\/fr\/wp-json\/wp\/v2\/product_brand?post=22514"},{"taxonomy":"product_cat","embeddable":true,"href":"https:\/\/gocuisivin.com\/fr\/wp-json\/wp\/v2\/product_cat?post=22514"},{"taxonomy":"product_tag","embeddable":true,"href":"https:\/\/gocuisivin.com\/fr\/wp-json\/wp\/v2\/product_tag?post=22514"}],"curies":[{"name":"wp","href":"https:\/\/api.w.org\/{rel}","templated":true}]}}