{"id":22486,"date":"2022-03-14T08:43:10","date_gmt":"2022-03-14T08:43:10","guid":{"rendered":"https:\/\/gocuisivin.com\/product\/icebag-basic-vert-acide\/"},"modified":"2023-01-18T17:03:57","modified_gmt":"2023-01-18T17:03:57","slug":"icebag-basic-vert-acide","status":"publish","type":"product","link":"https:\/\/gocuisivin.com\/fr\/product\/icebag-basic-vert-acide\/","title":{"rendered":"Icebag Basic Vert Acide"},"content":{"rendered":"<p>Un incontournable tendance tout droit venu des bistrots europ\u00e9ens ! Cette alternative contemporaine et intelligente au seau \u00e0 glace traditionnel est l\u00e9g\u00e8re, pratique, facile \u00e0 ranger et disponible dans un arc-en-ciel de couleurs. L&#8217;Icebag refroidira un Chardonnay en quelques minutes &#8211; ajoutez simplement des gla\u00e7ons et de l&#8217;eau ! Icebag est id\u00e9al pour transporter et r\u00e9frig\u00e9rer votre boisson partout o\u00f9 vous allez ; \u00e0 la plage, au bateau, au pique-nique ou m\u00eame \u00e0 la terrasse du jardin. Il peut \u00e9galement \u00eatre utilis\u00e9 comme un sac cadeau fonctionnel. Peut contenir une bouteille de vin standard.<\/p>\n","protected":false},"excerpt":{"rendered":"<p>&nbsp;<\/p>\n<ul>\n<li>Alternative contemporaine et tendance au seau \u00e0 champagne traditionnel<\/li>\n<li>Refroidit une bouteille en quelques minutes &#8211; ajoutez simplement de la glace et de l&#8217;eau\u00a0!<\/li>\n<li>Poign\u00e9es doubles faciles \u00e0 transporter<\/li>\n<li>Id\u00e9al pour l&#8217;ext\u00e9rieur &#8211; terrasse, piscine, pique-nique<\/li>\n<li>Se range commod\u00e9ment \u00e0 plat<\/li>\n<li>Utiliser comme sac cadeau<\/li>\n<\/ul>\n<p><img decoding=\"async\" src=\"https:\/\/gocuisivin.com\/gleengag\/2022\/03\/Icon-w_-Text_Handwash_1.jpg\" alt=\"\" width=\"100\" height=\"100\" \/><\/p>\n","protected":false},"featured_media":14256,"comment_status":"open","ping_status":"closed","template":"","meta":[],"pwb-brand":[1670],"product_brand":[],"product_cat":[1577,1585],"product_tag":[1374,986,990,988,1376],"class_list":{"0":"post-22486","1":"product","2":"type-product","3":"status-publish","4":"has-post-thumbnail","6":"pwb-brand-ice-bag-fr","7":"product_cat-exterieur","8":"product_cat-vaisselle","9":"product_tag-plastique-pvc","10":"product_tag-sac-de-glace","11":"product_tag-seau-a-champagne","12":"product_tag-seau-a-glace","13":"product_tag-vert-acide","15":"first","16":"instock","17":"taxable","18":"shipping-taxable","19":"purchasable","20":"product-type-simple"},"brands":[{"id":1670,"name":"Ice Bag","slug":"ice-bag-fr"}],"_links":{"self":[{"href":"https:\/\/gocuisivin.com\/fr\/wp-json\/wp\/v2\/product\/22486","targetHints":{"allow":["GET"]}}],"collection":[{"href":"https:\/\/gocuisivin.com\/fr\/wp-json\/wp\/v2\/product"}],"about":[{"href":"https:\/\/gocuisivin.com\/fr\/wp-json\/wp\/v2\/types\/product"}],"replies":[{"embeddable":true,"href":"https:\/\/gocuisivin.com\/fr\/wp-json\/wp\/v2\/comments?post=22486"}],"version-history":[{"count":1,"href":"https:\/\/gocuisivin.com\/fr\/wp-json\/wp\/v2\/product\/22486\/revisions"}],"predecessor-version":[{"id":24191,"href":"https:\/\/gocuisivin.com\/fr\/wp-json\/wp\/v2\/product\/22486\/revisions\/24191"}],"wp:featuredmedia":[{"embeddable":true,"href":"https:\/\/gocuisivin.com\/fr\/wp-json\/wp\/v2\/media\/14256"}],"wp:attachment":[{"href":"https:\/\/gocuisivin.com\/fr\/wp-json\/wp\/v2\/media?parent=22486"}],"wp:term":[{"taxonomy":"pwb-brand","embeddable":true,"href":"https:\/\/gocuisivin.com\/fr\/wp-json\/wp\/v2\/pwb-brand?post=22486"},{"taxonomy":"product_brand","embeddable":true,"href":"https:\/\/gocuisivin.com\/fr\/wp-json\/wp\/v2\/product_brand?post=22486"},{"taxonomy":"product_cat","embeddable":true,"href":"https:\/\/gocuisivin.com\/fr\/wp-json\/wp\/v2\/product_cat?post=22486"},{"taxonomy":"product_tag","embeddable":true,"href":"https:\/\/gocuisivin.com\/fr\/wp-json\/wp\/v2\/product_tag?post=22486"}],"curies":[{"name":"wp","href":"https:\/\/api.w.org\/{rel}","templated":true}]}}