{"id":22485,"date":"2022-03-14T08:32:48","date_gmt":"2022-03-14T08:32:48","guid":{"rendered":"https:\/\/gocuisivin.com\/product\/moule-a-sucettes-pavoni-cupcakes\/"},"modified":"2023-01-18T17:04:29","modified_gmt":"2023-01-18T17:04:29","slug":"moule-a-sucettes-pavoni-cupcakes","status":"publish","type":"product","link":"https:\/\/gocuisivin.com\/fr\/product\/moule-a-sucettes-pavoni-cupcakes\/","title":{"rendered":"Moule \u00e0 sucettes Pavoni \u2013 Cupcakes"},"content":{"rendered":"<p>Les moules Pavoni sont faits \u00e0 100 % de silicone platine, sans BPA, sans odeur et sans go\u00fbt. Adapt\u00e9s aux desserts, aux produits surgel\u00e9s et aux p\u00e2tisseries, les moules Pavoni vont au r\u00e9frig\u00e9rateur, au cong\u00e9lateur, au micro-ondes, au lave-vaisselle et au four [r\u00e9sistant \u00e0 des temp\u00e9ratures de -40C \u00e0 280C (-40F \u00e0 536F) &#8211; la temp\u00e9rature varie en fonction du moule]. Joliment emball\u00e9, chaque coffret cadeau comprend un manuel d&#8217;instructions en couleur avec des id\u00e9es de recettes inspir\u00e9es. Lib\u00e9rez la cr\u00e9ativit\u00e9 et le flair de votre boulanger int\u00e9rieur avec Pavoni Italia !<\/p>\n","protected":false},"excerpt":{"rendered":"<p>&nbsp;<\/p>\n<ul>\n<li>Cr\u00e9ez des sucettes amusantes et color\u00e9es parfaites pour toutes les occasions<\/li>\n<li>Id\u00e9al pour les sucettes au chocolat ou aux bonbons<\/li>\n<li>Le moule \u00e0 plateaux multiples cr\u00e9e 6 motifs de sucettes amusants (l&#8217;ensemble comprend 24 b\u00e2tons de sucettes)<\/li>\n<li>Moule en silicone 100 % platine \u2013 la plus haute qualit\u00e9 du march\u00e9. Sans BPA, inodore, insipide. R\u00e9frig\u00e9rateur, cong\u00e9lateur, four et lave-vaisselle<\/li>\n<li>Joliment emball\u00e9 avec un livret d&#8217;instructions et des recettes inspirantes<\/li>\n<\/ul>\n<p><img decoding=\"async\" src=\"https:\/\/gocuisivin.com\/gleengag\/2022\/03\/Icon-w_-Text_Platinum-Silicone_1.jpg\" alt=\"\" width=\"100\" height=\"100\" \/><img decoding=\"async\" src=\"https:\/\/gocuisivin.com\/gleengag\/2022\/03\/Icon-w_-Text_BPA-Free_1.jpg\" alt=\"\" width=\"100\" height=\"100\" \/><img decoding=\"async\" src=\"https:\/\/gocuisivin.com\/gleengag\/2022\/03\/Icon-w_-Text_Dishwasher-Safe_1-scaled-e1647696229552.jpg\" alt=\"\" width=\"100\" height=\"100\" \/><img loading=\"lazy\" decoding=\"async\" src=\"https:\/\/gocuisivin.com\/gleengag\/2022\/03\/Icon-w_-Text_Oven-Safe_1.jpg\" alt=\"\" width=\"100\" height=\"100\" \/><img loading=\"lazy\" decoding=\"async\" src=\"https:\/\/gocuisivin.com\/gleengag\/2022\/03\/Icon-w_-Text_Freezer-Safe_1.jpg\" alt=\"\" width=\"100\" height=\"100\" \/><img loading=\"lazy\" decoding=\"async\" src=\"https:\/\/gocuisivin.com\/gleengag\/2022\/03\/Icon-w_-Text_Fridge-Safe_1.jpg\" alt=\"\" width=\"100\" height=\"100\" \/><\/p>\n","protected":false},"featured_media":15032,"comment_status":"open","ping_status":"closed","template":"","meta":[],"pwb-brand":[1674],"product_brand":[],"product_cat":[1567,1588],"product_tag":[504,549,516,548,515,517],"class_list":{"0":"post-22485","1":"product","2":"type-product","3":"status-publish","4":"has-post-thumbnail","6":"pwb-brand-pavoni-fr","7":"product_cat-cuisine","8":"product_cat-ustensiles-de-cuisson","9":"product_tag-cuisine","10":"product_tag-moule-a-sucette","11":"product_tag-pavoni-fr","12":"product_tag-petits-gateaux","13":"product_tag-silicone-platine","14":"product_tag-ustensiles-de-cuisson","16":"first","17":"instock","18":"taxable","19":"shipping-taxable","20":"purchasable","21":"product-type-simple"},"brands":[{"id":1674,"name":"Pavoni","slug":"pavoni-fr"}],"_links":{"self":[{"href":"https:\/\/gocuisivin.com\/fr\/wp-json\/wp\/v2\/product\/22485","targetHints":{"allow":["GET"]}}],"collection":[{"href":"https:\/\/gocuisivin.com\/fr\/wp-json\/wp\/v2\/product"}],"about":[{"href":"https:\/\/gocuisivin.com\/fr\/wp-json\/wp\/v2\/types\/product"}],"replies":[{"embeddable":true,"href":"https:\/\/gocuisivin.com\/fr\/wp-json\/wp\/v2\/comments?post=22485"}],"version-history":[{"count":1,"href":"https:\/\/gocuisivin.com\/fr\/wp-json\/wp\/v2\/product\/22485\/revisions"}],"predecessor-version":[{"id":24192,"href":"https:\/\/gocuisivin.com\/fr\/wp-json\/wp\/v2\/product\/22485\/revisions\/24192"}],"wp:featuredmedia":[{"embeddable":true,"href":"https:\/\/gocuisivin.com\/fr\/wp-json\/wp\/v2\/media\/15032"}],"wp:attachment":[{"href":"https:\/\/gocuisivin.com\/fr\/wp-json\/wp\/v2\/media?parent=22485"}],"wp:term":[{"taxonomy":"pwb-brand","embeddable":true,"href":"https:\/\/gocuisivin.com\/fr\/wp-json\/wp\/v2\/pwb-brand?post=22485"},{"taxonomy":"product_brand","embeddable":true,"href":"https:\/\/gocuisivin.com\/fr\/wp-json\/wp\/v2\/product_brand?post=22485"},{"taxonomy":"product_cat","embeddable":true,"href":"https:\/\/gocuisivin.com\/fr\/wp-json\/wp\/v2\/product_cat?post=22485"},{"taxonomy":"product_tag","embeddable":true,"href":"https:\/\/gocuisivin.com\/fr\/wp-json\/wp\/v2\/product_tag?post=22485"}],"curies":[{"name":"wp","href":"https:\/\/api.w.org\/{rel}","templated":true}]}}