{"id":22469,"date":"2022-03-14T08:43:13","date_gmt":"2022-03-14T08:43:13","guid":{"rendered":"https:\/\/gocuisivin.com\/product\/remplacement-facile-des-feuilles-de-traction-pour-sushis-paquet-de-3\/"},"modified":"2023-01-18T16:47:30","modified_gmt":"2023-01-18T16:47:30","slug":"remplacement-facile-des-feuilles-de-traction-pour-sushis-paquet-de-3","status":"publish","type":"product","link":"https:\/\/gocuisivin.com\/fr\/product\/remplacement-facile-des-feuilles-de-traction-pour-sushis-paquet-de-3\/","title":{"rendered":"Remplacement facile des feuilles de traction pour sushis &#8211; Paquet de 3"},"content":{"rendered":"<p>Feuille de traction de remplacement pour Easy Sushi. Comprend 3 feuilles de traction. Les feuilles de traction sont durables, r\u00e9utilisables et hygi\u00e9niques. N&#8217;emprisonne pas les odeurs, se lave \u00e0 la main avec de l&#8217;eau chaude savonneuse.<\/p>\n","protected":false},"excerpt":{"rendered":"<p>&nbsp;<\/p>\n<ul>\n<li>A utiliser uniquement pour Easy Sushi<\/li>\n<li>Comprend 3 feuilles de traction par unit\u00e9<\/li>\n<li>R\u00e9utilisable<\/li>\n<li>Hygi\u00e9nique \u2013 facile \u00e0 nettoyer, ne pi\u00e8ge pas les odeurs<\/li>\n<li>Lavage \u00e0 la main &#8211; se rince \u00e0 l&#8217;eau savonneuse<\/li>\n<\/ul>\n<p><img decoding=\"async\" src=\"https:\/\/gocuisivin.com\/gleengag\/2022\/03\/Icon-w_-Text_Made-in-France_1.jpg\" alt=\"\" width=\"100\" height=\"100\" \/><img decoding=\"async\" src=\"https:\/\/gocuisivin.com\/gleengag\/2022\/03\/Icon-w_-Text_Handwash_1.jpg\" alt=\"\" width=\"100\" height=\"100\" \/><img decoding=\"async\" src=\"https:\/\/gocuisivin.com\/gleengag\/2022\/03\/Icon-w_-Text_Hygienic_1.jpg\" alt=\"\" width=\"100\" height=\"100\" \/><\/p>\n","protected":false},"featured_media":14369,"comment_status":"open","ping_status":"closed","template":"","meta":[],"pwb-brand":[1666],"product_brand":[],"product_cat":[1567,1582],"product_tag":[504,1443,1536,1437],"class_list":{"0":"post-22469","1":"product","2":"type-product","3":"status-publish","4":"has-post-thumbnail","6":"pwb-brand-easy-sushi-fr","7":"product_cat-cuisine","8":"product_cat-outils-et-gadgets","9":"product_tag-cuisine","10":"product_tag-feuille-de-traction-de-remplacement","11":"product_tag-outils-et-gadgets","12":"product_tag-sushis-faciles","14":"first","15":"instock","16":"taxable","17":"shipping-taxable","18":"purchasable","19":"product-type-simple"},"brands":[{"id":1666,"name":"Easy Sushi","slug":"easy-sushi-fr"}],"_links":{"self":[{"href":"https:\/\/gocuisivin.com\/fr\/wp-json\/wp\/v2\/product\/22469","targetHints":{"allow":["GET"]}}],"collection":[{"href":"https:\/\/gocuisivin.com\/fr\/wp-json\/wp\/v2\/product"}],"about":[{"href":"https:\/\/gocuisivin.com\/fr\/wp-json\/wp\/v2\/types\/product"}],"replies":[{"embeddable":true,"href":"https:\/\/gocuisivin.com\/fr\/wp-json\/wp\/v2\/comments?post=22469"}],"version-history":[{"count":1,"href":"https:\/\/gocuisivin.com\/fr\/wp-json\/wp\/v2\/product\/22469\/revisions"}],"predecessor-version":[{"id":24181,"href":"https:\/\/gocuisivin.com\/fr\/wp-json\/wp\/v2\/product\/22469\/revisions\/24181"}],"wp:featuredmedia":[{"embeddable":true,"href":"https:\/\/gocuisivin.com\/fr\/wp-json\/wp\/v2\/media\/14369"}],"wp:attachment":[{"href":"https:\/\/gocuisivin.com\/fr\/wp-json\/wp\/v2\/media?parent=22469"}],"wp:term":[{"taxonomy":"pwb-brand","embeddable":true,"href":"https:\/\/gocuisivin.com\/fr\/wp-json\/wp\/v2\/pwb-brand?post=22469"},{"taxonomy":"product_brand","embeddable":true,"href":"https:\/\/gocuisivin.com\/fr\/wp-json\/wp\/v2\/product_brand?post=22469"},{"taxonomy":"product_cat","embeddable":true,"href":"https:\/\/gocuisivin.com\/fr\/wp-json\/wp\/v2\/product_cat?post=22469"},{"taxonomy":"product_tag","embeddable":true,"href":"https:\/\/gocuisivin.com\/fr\/wp-json\/wp\/v2\/product_tag?post=22469"}],"curies":[{"name":"wp","href":"https:\/\/api.w.org\/{rel}","templated":true}]}}