{"id":22468,"date":"2022-03-14T08:43:15","date_gmt":"2022-03-14T08:43:15","guid":{"rendered":"https:\/\/gocuisivin.com\/product\/grille-pain-grille-pain-classique-dualit\/"},"modified":"2023-01-18T16:29:12","modified_gmt":"2023-01-18T16:29:12","slug":"grille-pain-grille-pain-classique-dualit","status":"publish","type":"product","link":"https:\/\/gocuisivin.com\/fr\/product\/grille-pain-grille-pain-classique-dualit\/","title":{"rendered":"Grille-pain grille-pain classique Dualit"},"content":{"rendered":"<p>Le grille-pain classique de Dualit s&#8217;adapte parfaitement \u00e0 tous les grille-pain Dualit Classic &#8211; de 2 \u00e0 4 mod\u00e8les \u00e0 fentes. Le support en acier inoxydable repose solidement en place au-dessus des fentes et la poign\u00e9e s&#8217;av\u00e8re un moyen s\u00fbr et facile de le retirer lorsqu&#8217;il est chaud. \u00c0 utiliser avec une vari\u00e9t\u00e9 de pains, la grille est con\u00e7ue pour un maximum de 15 minutes. Id\u00e9al pour les articles qui ne rentrent pas dans le grille-pain (croissants, muffins, pains plats et scones).<\/p>\n","protected":false},"excerpt":{"rendered":"<p>&nbsp;<\/p>\n<ul>\n<li>Prolongez l&#8217;utilisation du grille-pain Dualit Classic en chauffant des pains surdimensionn\u00e9s<\/li>\n<li>Convient aux grille-pain Dualit Classic &#8211; 2, 3 ou 4 fentes<\/li>\n<li>Support en acier inoxydable avec poign\u00e9e noire<\/li>\n<li>Id\u00e9al pour les pains surdimensionn\u00e9s : croissants, muffins, pains plats et scones<\/li>\n<\/ul>\n","protected":false},"featured_media":14440,"comment_status":"open","ping_status":"closed","template":"","meta":[],"pwb-brand":[1665],"product_brand":[],"product_cat":[1584],"product_tag":[993,992],"class_list":{"0":"post-22468","1":"product","2":"type-product","3":"status-publish","4":"has-post-thumbnail","6":"pwb-brand-dualit-fr","7":"product_cat-grille-pain","8":"product_tag-dualit-fr","9":"product_tag-grille-pain","11":"first","12":"outofstock","13":"taxable","14":"shipping-taxable","15":"purchasable","16":"product-type-simple"},"brands":[{"id":1665,"name":"Dualit","slug":"dualit-fr"}],"_links":{"self":[{"href":"https:\/\/gocuisivin.com\/fr\/wp-json\/wp\/v2\/product\/22468","targetHints":{"allow":["GET"]}}],"collection":[{"href":"https:\/\/gocuisivin.com\/fr\/wp-json\/wp\/v2\/product"}],"about":[{"href":"https:\/\/gocuisivin.com\/fr\/wp-json\/wp\/v2\/types\/product"}],"replies":[{"embeddable":true,"href":"https:\/\/gocuisivin.com\/fr\/wp-json\/wp\/v2\/comments?post=22468"}],"version-history":[{"count":1,"href":"https:\/\/gocuisivin.com\/fr\/wp-json\/wp\/v2\/product\/22468\/revisions"}],"predecessor-version":[{"id":24173,"href":"https:\/\/gocuisivin.com\/fr\/wp-json\/wp\/v2\/product\/22468\/revisions\/24173"}],"wp:featuredmedia":[{"embeddable":true,"href":"https:\/\/gocuisivin.com\/fr\/wp-json\/wp\/v2\/media\/14440"}],"wp:attachment":[{"href":"https:\/\/gocuisivin.com\/fr\/wp-json\/wp\/v2\/media?parent=22468"}],"wp:term":[{"taxonomy":"pwb-brand","embeddable":true,"href":"https:\/\/gocuisivin.com\/fr\/wp-json\/wp\/v2\/pwb-brand?post=22468"},{"taxonomy":"product_brand","embeddable":true,"href":"https:\/\/gocuisivin.com\/fr\/wp-json\/wp\/v2\/product_brand?post=22468"},{"taxonomy":"product_cat","embeddable":true,"href":"https:\/\/gocuisivin.com\/fr\/wp-json\/wp\/v2\/product_cat?post=22468"},{"taxonomy":"product_tag","embeddable":true,"href":"https:\/\/gocuisivin.com\/fr\/wp-json\/wp\/v2\/product_tag?post=22468"}],"curies":[{"name":"wp","href":"https:\/\/api.w.org\/{rel}","templated":true}]}}